{"id":4335,"date":"2026-01-30T11:01:48","date_gmt":"2026-01-30T10:01:48","guid":{"rendered":"https:\/\/www.scaleinalluminio.it\/trabattelli2\/?post_type=product&#038;p=4335"},"modified":"2026-02-16T23:11:39","modified_gmt":"2026-02-16T22:11:39","slug":"34l12i","status":"publish","type":"product","link":"https:\/\/www.scaleinalluminio.it\/trabattelli\/lxd\/34l12i","title":{"rendered":"Trabattello in alluminio LUXOR D.lgs 81\/2008 12ITA"},"content":{"rendered":"<p>Ponteggio in alluminio<br \/>\nDescrizione:Ponteggio di facile e rapido montaggio grazie alla leggerezza del materiale utilizzato e agli agganci automatici che non richiedono l\u2019uso di utensili; massima stabilit\u00e0 in ogni configurazione.Caratteristiche:Montanti in tubo tondo di alluminio \u00d8 mm 50Gradino antiscivolo in tubo tondo di alluminio \u00d8 mm 50Ruote \u00d8 mm 200 rivestite in poliuretano dotate di regolazione stabilizzante fino a mm 200 e dispositivo frenante a doppio pedale con portata kg 400 cadaunaDimensioni base (comprese le ruote) mm 1980x1120Dimensioni base (con staffoni a 45\u00b0) mm 3500x2600Altezza base con ruote dal suolo mm 2030Altezza campata di prolunga mm 2005Piano di lavoro da mm 1850&#215;870 con sistema antivento suddiviso in due parti, una fissa m. 1850&#215;250 e una con botola mm 1850x620Portata (comprese n.2 persone) kg 200Costruito in conformit\u00e0 al D.Lgs 81\/2008 art. 140 con obbligo di ancoraggio<\/p>\n<figure id=\"attachment_4306\" aria-describedby=\"caption-attachment-4306\" style=\"width: 300px\" class=\"wp-caption alignnone\"><a href=\"https:\/\/www.scaleinalluminio.it\/wp-content\/uploads\/trabattell-alluminio-luxor-misure-dl.jpg\"><img loading=\"lazy\" decoding=\"async\" class=\"size-medium wp-image-4306\" src=\"https:\/\/www.scaleinalluminio.it\/wp-content\/uploads\/trabattell-alluminio-luxor-misure-dl-300x300.jpg\" alt=\"Trabattello in alluminio LUXOR D.lgs 81\/2008 misure\" width=\"300\" height=\"300\" srcset=\"https:\/\/www.scaleinalluminio.it\/wp-content\/uploads\/trabattell-alluminio-luxor-misure-dl-300x300.jpg 300w, https:\/\/www.scaleinalluminio.it\/wp-content\/uploads\/trabattell-alluminio-luxor-misure-dl-324x324.jpg 324w, https:\/\/www.scaleinalluminio.it\/wp-content\/uploads\/trabattell-alluminio-luxor-misure-dl-100x100.jpg 100w, https:\/\/www.scaleinalluminio.it\/wp-content\/uploads\/trabattell-alluminio-luxor-misure-dl-416x416.jpg 416w, https:\/\/www.scaleinalluminio.it\/wp-content\/uploads\/trabattell-alluminio-luxor-misure-dl-150x150.jpg 150w, https:\/\/www.scaleinalluminio.it\/wp-content\/uploads\/trabattell-alluminio-luxor-misure-dl-768x768.jpg 768w, https:\/\/www.scaleinalluminio.it\/wp-content\/uploads\/trabattell-alluminio-luxor-misure-dl.jpg 800w\" sizes=\"auto, (max-width: 300px) 100vw, 300px\" \/><\/a><figcaption id=\"caption-attachment-4306\" class=\"wp-caption-text\">Trabattello in alluminio LUXOR D.lgs 81\/2008 misure<\/figcaption><\/figure>\n\n<table id=\"tablepress-LUXORDLGS812008\" class=\"tablepress tablepress-id-LUXORDLGS812008\">\n<thead>\n<tr class=\"row-1 odd\">\n\t<th class=\"column-1\">A34LUX<\/th><th class=\"column-2\"><\/th><th class=\"column-3\"><\/th><th class=\"column-4\">A34LUX04ITA<\/th><th class=\"column-5\">A34LUX06ITA<\/th><th class=\"column-6\">A34LUX08ITA<\/th><th class=\"column-7\">A34LUX10ITA<\/th><th class=\"column-8\">A34LUX12ITA<\/th>\n<\/tr>\n<\/thead>\n<tbody class=\"row-hover\">\n<tr class=\"row-2 even\">\n\t<td class=\"column-1\">Altezza al piano A(m)<\/td><td class=\"column-2\"><\/td><td class=\"column-3\"><\/td><td class=\"column-4\">2,70<\/td><td class=\"column-5\">4,70<\/td><td class=\"column-6\">6,70<\/td><td class=\"column-7\">8,70<\/td><td class=\"column-8\">10,70<\/td>\n<\/tr>\n<tr class=\"row-3 odd\">\n\t<td class=\"column-1\">Altezza totale B(m)<\/td><td class=\"column-2\"><\/td><td class=\"column-3\"><\/td><td class=\"column-4\">4,00<\/td><td class=\"column-5\">6,00<\/td><td class=\"column-6\">8,00<\/td><td class=\"column-7\">10,00<\/td><td class=\"column-8\">12,00<\/td>\n<\/tr>\n<tr class=\"row-4 even\">\n\t<td class=\"column-1\">Altezza di lavoro H(m)<\/td><td class=\"column-2\"><\/td><td class=\"column-3\"><\/td><td class=\"column-4\">5,00<\/td><td class=\"column-5\">6,80<\/td><td class=\"column-6\">8,75<\/td><td class=\"column-7\">10,80<\/td><td class=\"column-8\">12,80<\/td>\n<\/tr>\n<tr class=\"row-5 odd\">\n\t<td class=\"column-1\">Composizione<\/td><td class=\"column-2\">Peso Kg<\/td><td class=\"column-3\"><\/td><td class=\"column-4\"><\/td><td class=\"column-5\"><\/td><td class=\"column-6\"><\/td><td class=\"column-7\"><\/td><td class=\"column-8\"><\/td>\n<\/tr>\n<tr class=\"row-6 even\">\n\t<td class=\"column-1\">A34ELBAS<\/td><td class=\"column-2\">32,30<\/td><td class=\"column-3\">Elementi base con ruote<\/td><td class=\"column-4\">2<\/td><td class=\"column-5\">2<\/td><td class=\"column-6\">2<\/td><td class=\"column-7\">2<\/td><td class=\"column-8\">2<\/td>\n<\/tr>\n<tr class=\"row-7 odd\">\n\t<td class=\"column-1\">A34ELPRO<\/td><td class=\"column-2\">6,50<\/td><td class=\"column-3\">Elementi prolunga<\/td><td class=\"column-4\">2<\/td><td class=\"column-5\">4<\/td><td class=\"column-6\">6<\/td><td class=\"column-7\">8<\/td><td class=\"column-8\">10<\/td>\n<\/tr>\n<tr class=\"row-8 even\">\n\t<td class=\"column-1\">A34GIUBA<\/td><td class=\"column-2\">1,50<\/td><td class=\"column-3\">Traversa di base<\/td><td class=\"column-4\">2<\/td><td class=\"column-5\">2<\/td><td class=\"column-6\">2<\/td><td class=\"column-7\">2<\/td><td class=\"column-8\">2<\/td>\n<\/tr>\n<tr class=\"row-9 odd\">\n\t<td class=\"column-1\">A34GIUCRO<\/td><td class=\"column-2\">1,80<\/td><td class=\"column-3\">Diagonali<\/td><td class=\"column-4\">4<\/td><td class=\"column-5\">6<\/td><td class=\"column-6\">8<\/td><td class=\"column-7\">10<\/td><td class=\"column-8\">12<\/td>\n<\/tr>\n<tr class=\"row-10 even\">\n\t<td class=\"column-1\">A34PIANO<\/td><td class=\"column-2\">18,50<\/td><td class=\"column-3\">Piano di lavoro<\/td><td class=\"column-4\">1<\/td><td class=\"column-5\">1<\/td><td class=\"column-6\">1<\/td><td class=\"column-7\">1<\/td><td class=\"column-8\">1<\/td>\n<\/tr>\n<tr class=\"row-11 odd\">\n\t<td class=\"column-1\">A34FERMA<\/td><td class=\"column-2\">7,50<\/td><td class=\"column-3\">Fermapiedi<\/td><td class=\"column-4\">1<\/td><td class=\"column-5\">1<\/td><td class=\"column-6\">1<\/td><td class=\"column-7\">1<\/td><td class=\"column-8\">1<\/td>\n<\/tr>\n<tr class=\"row-12 even\">\n\t<td class=\"column-1\">A34RINGHIERA<\/td><td class=\"column-2\">4,00<\/td><td class=\"column-3\">Ringhiere<\/td><td class=\"column-4\">2<\/td><td class=\"column-5\">2<\/td><td class=\"column-6\">2<\/td><td class=\"column-7\">2<\/td><td class=\"column-8\">2<\/td>\n<\/tr>\n<tr class=\"row-13 odd\">\n\t<td class=\"column-1\">STAFFONE<\/td><td class=\"column-2\">6,00<\/td><td class=\"column-3\">Staffoni laterali<\/td><td class=\"column-4\">4<\/td><td class=\"column-5\">4<\/td><td class=\"column-6\">4<\/td><td class=\"column-7\">4<\/td><td class=\"column-8\">4<\/td>\n<\/tr>\n<\/tbody>\n<\/table>\n<!-- #tablepress-LUXORDLGS812008 from cache -->\n<figure id=\"attachment_4340\" aria-describedby=\"caption-attachment-4340\" style=\"width: 191px\" class=\"wp-caption alignnone\"><a href=\"https:\/\/www.scaleinalluminio.it\/wp-content\/uploads\/disegno-trabattello-luxor-dlgs-1.jpg\"><img loading=\"lazy\" decoding=\"async\" class=\"size-medium wp-image-4340\" src=\"https:\/\/www.scaleinalluminio.it\/wp-content\/uploads\/disegno-trabattello-luxor-dlgs-1-191x300.jpg\" alt=\"Trabattello in alluminio LUXOR D.lgs 81\/2008 disegno\" width=\"191\" height=\"300\" srcset=\"https:\/\/www.scaleinalluminio.it\/wp-content\/uploads\/disegno-trabattello-luxor-dlgs-1-191x300.jpg 191w, https:\/\/www.scaleinalluminio.it\/wp-content\/uploads\/disegno-trabattello-luxor-dlgs-1-324x508.jpg 324w, https:\/\/www.scaleinalluminio.it\/wp-content\/uploads\/disegno-trabattello-luxor-dlgs-1-416x653.jpg 416w, https:\/\/www.scaleinalluminio.it\/wp-content\/uploads\/disegno-trabattello-luxor-dlgs-1-653x1024.jpg 653w, https:\/\/www.scaleinalluminio.it\/wp-content\/uploads\/disegno-trabattello-luxor-dlgs-1.jpg 765w\" sizes=\"auto, (max-width: 191px) 100vw, 191px\" \/><\/a><figcaption id=\"caption-attachment-4340\" class=\"wp-caption-text\">Trabattello in alluminio LUXOR D.lgs 81\/2008 disegno<\/figcaption><\/figure>\n<p><a href=\"https:\/\/www.scaleinalluminio.it\/wp-content\/uploads\/ruote-diametro200-mm.jpg\"><img loading=\"lazy\" decoding=\"async\" class=\"alignnone size-medium wp-image-4336\" src=\"https:\/\/www.scaleinalluminio.it\/wp-content\/uploads\/ruote-diametro200-mm-200x300.jpg\" alt=\"\" width=\"200\" height=\"300\" srcset=\"https:\/\/www.scaleinalluminio.it\/wp-content\/uploads\/ruote-diametro200-mm-200x300.jpg 200w, https:\/\/www.scaleinalluminio.it\/wp-content\/uploads\/ruote-diametro200-mm.jpg 292w\" sizes=\"auto, (max-width: 200px) 100vw, 200px\" \/><\/a><a href=\"https:\/\/www.scaleinalluminio.it\/wp-content\/uploads\/elemento-zoppo.jpg\"><img loading=\"lazy\" decoding=\"async\" class=\"alignnone size-medium wp-image-4337\" src=\"https:\/\/www.scaleinalluminio.it\/wp-content\/uploads\/elemento-zoppo-300x279.jpg\" alt=\"\" width=\"300\" height=\"279\" srcset=\"https:\/\/www.scaleinalluminio.it\/wp-content\/uploads\/elemento-zoppo-300x279.jpg 300w, https:\/\/www.scaleinalluminio.it\/wp-content\/uploads\/elemento-zoppo.jpg 310w\" sizes=\"auto, (max-width: 300px) 100vw, 300px\" \/><\/a><a href=\"https:\/\/www.scaleinalluminio.it\/wp-content\/uploads\/piano-di-lavoro.jpg\"><img loading=\"lazy\" decoding=\"async\" class=\"alignnone size-medium wp-image-4338\" src=\"https:\/\/www.scaleinalluminio.it\/wp-content\/uploads\/piano-di-lavoro.jpg\" alt=\"\" width=\"253\" height=\"152\" \/><\/a><\/p>\n<figure id=\"attachment_4342\" aria-describedby=\"caption-attachment-4342\" style=\"width: 300px\" class=\"wp-caption alignnone\"><a href=\"https:\/\/www.scaleinalluminio.it\/wp-content\/uploads\/trabattello-alluminio-alpo7-dlgs_battipiede-scaled.webp\"><img loading=\"lazy\" decoding=\"async\" class=\"size-medium wp-image-4342\" src=\"https:\/\/www.scaleinalluminio.it\/wp-content\/uploads\/trabattello-alluminio-alpo7-dlgs_battipiede-300x300.webp\" alt=\"battipiede in alluminio\" width=\"300\" height=\"300\" srcset=\"https:\/\/www.scaleinalluminio.it\/wp-content\/uploads\/trabattello-alluminio-alpo7-dlgs_battipiede-300x300.webp 300w, https:\/\/www.scaleinalluminio.it\/wp-content\/uploads\/trabattello-alluminio-alpo7-dlgs_battipiede-scaled-324x324.webp 324w, https:\/\/www.scaleinalluminio.it\/wp-content\/uploads\/trabattello-alluminio-alpo7-dlgs_battipiede-scaled-100x100.webp 100w, https:\/\/www.scaleinalluminio.it\/wp-content\/uploads\/trabattello-alluminio-alpo7-dlgs_battipiede-scaled-416x416.webp 416w, https:\/\/www.scaleinalluminio.it\/wp-content\/uploads\/trabattello-alluminio-alpo7-dlgs_battipiede-1024x1024.webp 1024w, https:\/\/www.scaleinalluminio.it\/wp-content\/uploads\/trabattello-alluminio-alpo7-dlgs_battipiede-150x150.webp 150w, https:\/\/www.scaleinalluminio.it\/wp-content\/uploads\/trabattello-alluminio-alpo7-dlgs_battipiede-768x768.webp 768w, https:\/\/www.scaleinalluminio.it\/wp-content\/uploads\/trabattello-alluminio-alpo7-dlgs_battipiede-1536x1536.webp 1536w, https:\/\/www.scaleinalluminio.it\/wp-content\/uploads\/trabattello-alluminio-alpo7-dlgs_battipiede-2048x2048.webp 2048w\" sizes=\"auto, (max-width: 300px) 100vw, 300px\" \/><\/a><figcaption id=\"caption-attachment-4342\" class=\"wp-caption-text\">battipiede in alluminio<\/figcaption><\/figure>\n<p><a href=\"https:\/\/drive.google.com\/file\/d\/1eMhbXKwAdV22m65hThzSB8i3DVWLwwiE\/view?usp=sharing\" target=\"_blank\" rel=\"noopener\">SCHEDA TECNICA TRABATTELLI IN ALLUMINIO<\/a><\/p>\n<p><a href=\"https:\/\/drive.google.com\/file\/d\/1bDdoAwHHCeOEmFvrHOuqEIgB9oKBv0VA\/view?usp=sharing\" target=\"_blank\" rel=\"noopener\">SCHEDA TECNICA TRABATTELLI IN ACCIAIO<\/a><\/p>\n","protected":false},"excerpt":{"rendered":"<p>Trabattello in alluminio LUXOR D.lgs 81\/2008 12ITA. Ponteggio di facile e rapido montaggio, leggero, agganci automatici che senza l\u2019uso di utensili; massima stabilit\u00e0 in ogni configurazione.<\/p>\n","protected":false},"featured_media":4308,"template":"","meta":[],"product_cat":[856],"product_tag":[],"class_list":["post-4335","product","type-product","status-publish","has-post-thumbnail","hentry","product_cat-lxd","product_shipping_class-tra5","pa_altezza-piano-921","pa_caratteristiche-altezza-di-lavoro-1280-cm"],"_links":{"self":[{"href":"https:\/\/www.scaleinalluminio.it\/trabattelli\/wp-json\/wp\/v2\/product\/4335","targetHints":{"allow":["GET"]}}],"collection":[{"href":"https:\/\/www.scaleinalluminio.it\/trabattelli\/wp-json\/wp\/v2\/product"}],"about":[{"href":"https:\/\/www.scaleinalluminio.it\/trabattelli\/wp-json\/wp\/v2\/types\/product"}],"wp:featuredmedia":[{"embeddable":true,"href":"https:\/\/www.scaleinalluminio.it\/trabattelli\/wp-json\/wp\/v2\/media\/4308"}],"wp:attachment":[{"href":"https:\/\/www.scaleinalluminio.it\/trabattelli\/wp-json\/wp\/v2\/media?parent=4335"}],"wp:term":[{"taxonomy":"product_cat","embeddable":true,"href":"https:\/\/www.scaleinalluminio.it\/trabattelli\/wp-json\/wp\/v2\/product_cat?post=4335"},{"taxonomy":"product_tag","embeddable":true,"href":"https:\/\/www.scaleinalluminio.it\/trabattelli\/wp-json\/wp\/v2\/product_tag?post=4335"}],"curies":[{"name":"wp","href":"https:\/\/api.w.org\/{rel}","templated":true}]}}