{"id":4262,"date":"2014-05-26T15:30:01","date_gmt":"2014-05-26T13:30:01","guid":{"rendered":"https:\/\/www.scaleinalluminio.it\/trabattelli2\/?post_type=product&#038;p=4262"},"modified":"2026-02-08T00:47:39","modified_gmt":"2026-02-07T23:47:39","slug":"21062","status":"publish","type":"product","link":"https:\/\/www.scaleinalluminio.it\/trabattelli\/team\/21062","title":{"rendered":"Trabattello per lavori a bassa quota Team h 3 mt"},"content":{"rendered":"<p>Il trabattello per lavori a bassa quota M-t-3-mt \u00e8 alto 3 metri consentendo una altezza di lavoro di 5 metri circa; \u00e8 costruito interamente in alluminio; \u00e9 dotato di pioli antisdrucciolo mm 30 x 30. Si monta in modo molto rapido senza viti o attrezzi. E&#8217; dotato di correnti orizzontali e diagonali con innesto rapido a scatto. Le cerniere sono in acciaio antirottura a posizionamento rapido. Fornito di due barre stabilizzatrici laterali. Piano di lavoro con botola.<br \/>\nSistema di posizionamento rapido delel ruote senza ausilio di chiavi o altri attrezzi.<\/p>\n<p>Le scale in alluminio a castello della serie SC-CT 20 gradini sono costruite rigorosamente secondo le normative europee EN 131\/1-2 &#8211; D.lgs. 206\/2005 &#8211; D.lgs 81\/2008.<br \/>\nCARATTERISTICHE TECNICHE TRABATTELLO M-t-3-mt<br \/>\nALTEZZA STRUTTURA: 3.0 mt.<br \/>\nALTEZZA DI LAVORO: 4.0 mt.<br \/>\nALTEZZA MASSIMA PIANO DI LAVORO: 1.98 mt;<br \/>\nNUMERO GRADINI: 10;<br \/>\nLARGHEZZA STRUTTURA: 1.00 mt;<br \/>\nLUNGHEZZA STRUTTURA: 1.66 mt;<br \/>\nPORTATA MASSIMA: 150 kg<br \/>\nDIMENSIONI IMBALLAGGIO : 1,85 x 0,62 x 0,35 mt<br \/>\nI trabattelli della serie M-t-3-mt gradini sono conformi alle vigenti normative 09 aprile 2008 ed hanno una portata max di 150 Kg.<br \/>\nTutti i nostri trabattelli e tutte le nostre scale in alluminio sono concepite per un uso professionale. Le scale in alluminio ed i trabattelli sono realizzati completamente in Italia e vengono spediti, imballati, nuovi, con certificati, di garanzia, di corrispondenza alle normative italiane ed europee e corredati da documentazione relativa al corretto utilizzo. Per qualsiasi informazione tecnica o commerciale contattateci senza impegno utilizzando l&#8217;apposito form.<\/p>\n<p>Il trabattello per lavori a bassa quota M-3mt \u00e8 disponibile in pronta consegna a prezzo di fabbrica. Tutte le nostre scale professionali in alluminio sono spedite a mezzo corriere. Tutti i prezzi delle nostre scale professionali in alluminio si intendono imponibili.<\/p>\n<figure id=\"attachment_4277\" aria-describedby=\"caption-attachment-4277\" style=\"width: 300px\" class=\"wp-caption alignnone\"><a href=\"https:\/\/www.scaleinalluminio.it\/wp-content\/uploads\/trabattello_alluminio_team_2.webp\"><img loading=\"lazy\" decoding=\"async\" class=\"size-medium wp-image-4277\" src=\"https:\/\/www.scaleinalluminio.it\/wp-content\/uploads\/trabattello_alluminio_team_2-300x189.webp\" alt=\"Trabattello per lavori a bassa quota Team h 3 mt piano di lavoro\" width=\"300\" height=\"189\" srcset=\"https:\/\/www.scaleinalluminio.it\/wp-content\/uploads\/trabattello_alluminio_team_2-300x189.webp 300w, https:\/\/www.scaleinalluminio.it\/wp-content\/uploads\/trabattello_alluminio_team_2-324x204.webp 324w, https:\/\/www.scaleinalluminio.it\/wp-content\/uploads\/trabattello_alluminio_team_2-416x262.webp 416w, https:\/\/www.scaleinalluminio.it\/wp-content\/uploads\/trabattello_alluminio_team_2.webp 519w\" sizes=\"auto, (max-width: 300px) 100vw, 300px\" \/><\/a><figcaption id=\"caption-attachment-4277\" class=\"wp-caption-text\">Trabattello per lavori a bassa quota Team h 3 mt piano di lavoro<\/figcaption><\/figure>\n<figure id=\"attachment_4277\" aria-describedby=\"caption-attachment-4277\" style=\"width: 300px\" class=\"wp-caption alignnone\"><a href=\"https:\/\/www.scaleinalluminio.it\/wp-content\/uploads\/trabattello_alluminio_team_2.webp\"><img loading=\"lazy\" decoding=\"async\" src=\"https:\/\/www.scaleinalluminio.it\/wp-content\/uploads\/trabattello_alluminio_team_2-300x189.webp\" alt=\"Trabattello per lavori a bassa quota Team h 3 mt piano di lavoro\" width=\"300\" height=\"189\" class=\"size-medium wp-image-4277\" srcset=\"https:\/\/www.scaleinalluminio.it\/wp-content\/uploads\/trabattello_alluminio_team_2-300x189.webp 300w, https:\/\/www.scaleinalluminio.it\/wp-content\/uploads\/trabattello_alluminio_team_2-324x204.webp 324w, https:\/\/www.scaleinalluminio.it\/wp-content\/uploads\/trabattello_alluminio_team_2-416x262.webp 416w, https:\/\/www.scaleinalluminio.it\/wp-content\/uploads\/trabattello_alluminio_team_2.webp 519w\" sizes=\"auto, (max-width: 300px) 100vw, 300px\" \/><\/a><figcaption id=\"caption-attachment-4277\" class=\"wp-caption-text\">Trabattello per lavori a bassa quota Team h 3 mt piano di lavoro<\/figcaption><\/figure>\n<figure id=\"attachment_4276\" aria-describedby=\"caption-attachment-4276\" style=\"width: 300px\" class=\"wp-caption alignnone\"><a href=\"https:\/\/www.scaleinalluminio.it\/wp-content\/uploads\/trabattello_alluminio_team_3.webp\"><img loading=\"lazy\" decoding=\"async\" src=\"https:\/\/www.scaleinalluminio.it\/wp-content\/uploads\/trabattello_alluminio_team_3-300x191.webp\" alt=\"Trabattello per lavori a bassa quota Team h 3 mt piano di chiuso\" width=\"300\" height=\"191\" class=\"size-medium wp-image-4276\" srcset=\"https:\/\/www.scaleinalluminio.it\/wp-content\/uploads\/trabattello_alluminio_team_3-300x191.webp 300w, https:\/\/www.scaleinalluminio.it\/wp-content\/uploads\/trabattello_alluminio_team_3-324x206.webp 324w, https:\/\/www.scaleinalluminio.it\/wp-content\/uploads\/trabattello_alluminio_team_3-416x264.webp 416w, https:\/\/www.scaleinalluminio.it\/wp-content\/uploads\/trabattello_alluminio_team_3.webp 516w\" sizes=\"auto, (max-width: 300px) 100vw, 300px\" \/><\/a><figcaption id=\"caption-attachment-4276\" class=\"wp-caption-text\">Trabattello per lavori a bassa quota Team h 3 mt piano di chiuso<\/figcaption><\/figure>\n<figure id=\"attachment_4275\" aria-describedby=\"caption-attachment-4275\" style=\"width: 246px\" class=\"wp-caption alignnone\"><a href=\"https:\/\/www.scaleinalluminio.it\/wp-content\/uploads\/trabattello_alluminio_team_4.webp\"><img loading=\"lazy\" decoding=\"async\" src=\"https:\/\/www.scaleinalluminio.it\/wp-content\/uploads\/trabattello_alluminio_team_4-246x300.webp\" alt=\"Trabattello per lavori a bassa quota Team h 3 mt piano di particolare snodo\" width=\"246\" height=\"300\" class=\"size-medium wp-image-4275\" srcset=\"https:\/\/www.scaleinalluminio.it\/wp-content\/uploads\/trabattello_alluminio_team_4-246x300.webp 246w, https:\/\/www.scaleinalluminio.it\/wp-content\/uploads\/trabattello_alluminio_team_4.webp 266w\" sizes=\"auto, (max-width: 246px) 100vw, 246px\" \/><\/a><figcaption id=\"caption-attachment-4275\" class=\"wp-caption-text\">Trabattello per lavori a bassa quota Team h 3 mt piano di particolare snodo<\/figcaption><\/figure>\n<figure id=\"attachment_4274\" aria-describedby=\"caption-attachment-4274\" style=\"width: 260px\" class=\"wp-caption alignnone\"><a href=\"https:\/\/www.scaleinalluminio.it\/wp-content\/uploads\/trabattello_alluminio_team_5.webp\"><img loading=\"lazy\" decoding=\"async\" src=\"https:\/\/www.scaleinalluminio.it\/wp-content\/uploads\/trabattello_alluminio_team_5.webp\" alt=\"Trabattello per lavori a bassa quota Team h 3 mt piano di particolare basetta e ruote\" width=\"260\" height=\"200\" class=\"size-full wp-image-4274\" \/><\/a><figcaption id=\"caption-attachment-4274\" class=\"wp-caption-text\">Trabattello per lavori a bassa quota Team h 3 mt piano di particolare basetta e ruote<\/figcaption><\/figure>\n<figure id=\"attachment_4273\" aria-describedby=\"caption-attachment-4273\" style=\"width: 300px\" class=\"wp-caption alignnone\"><a href=\"https:\/\/www.scaleinalluminio.it\/wp-content\/uploads\/trabattello_alluminio_team_7.webp\"><img loading=\"lazy\" decoding=\"async\" src=\"https:\/\/www.scaleinalluminio.it\/wp-content\/uploads\/trabattello_alluminio_team_7-300x206.webp\" alt=\"Trabattello per lavori a bassa quota Team h 3 mt piano di particolare basetta e ruote\" width=\"300\" height=\"206\" class=\"size-medium wp-image-4273\" srcset=\"https:\/\/www.scaleinalluminio.it\/wp-content\/uploads\/trabattello_alluminio_team_7-300x206.webp 300w, https:\/\/www.scaleinalluminio.it\/wp-content\/uploads\/trabattello_alluminio_team_7-768x527.webp 768w, https:\/\/www.scaleinalluminio.it\/wp-content\/uploads\/trabattello_alluminio_team_7-324x222.webp 324w, https:\/\/www.scaleinalluminio.it\/wp-content\/uploads\/trabattello_alluminio_team_7-416x286.webp 416w, https:\/\/www.scaleinalluminio.it\/wp-content\/uploads\/trabattello_alluminio_team_7.webp 951w\" sizes=\"auto, (max-width: 300px) 100vw, 300px\" \/><\/a><figcaption id=\"caption-attachment-4273\" class=\"wp-caption-text\">Trabattello per lavori a bassa quota Team h 3 mt piano di particolare basetta e ruote<\/figcaption><\/figure>\n<figure id=\"attachment_4272\" aria-describedby=\"caption-attachment-4272\" style=\"width: 252px\" class=\"wp-caption alignnone\"><a href=\"https:\/\/www.scaleinalluminio.it\/wp-content\/uploads\/trabattello_alluminio_team_8.webp\"><img loading=\"lazy\" decoding=\"async\" src=\"https:\/\/www.scaleinalluminio.it\/wp-content\/uploads\/trabattello_alluminio_team_8-252x300.webp\" alt=\"Trabattello per lavori a bassa quota Team h 3 mt piano di utilizzo come scala\" width=\"252\" height=\"300\" class=\"size-medium wp-image-4272\" srcset=\"https:\/\/www.scaleinalluminio.it\/wp-content\/uploads\/trabattello_alluminio_team_8-252x300.webp 252w, https:\/\/www.scaleinalluminio.it\/wp-content\/uploads\/trabattello_alluminio_team_8-324x386.webp 324w, https:\/\/www.scaleinalluminio.it\/wp-content\/uploads\/trabattello_alluminio_team_8.webp 328w\" sizes=\"auto, (max-width: 252px) 100vw, 252px\" \/><\/a><figcaption id=\"caption-attachment-4272\" class=\"wp-caption-text\">Trabattello per lavori a bassa quota Team h 3 mt piano di utilizzo come scala<\/figcaption><\/figure>\n<figure id=\"attachment_4271\" aria-describedby=\"caption-attachment-4271\" style=\"width: 300px\" class=\"wp-caption alignnone\"><a href=\"https:\/\/www.scaleinalluminio.it\/wp-content\/uploads\/trabattello_alluminio_team_9.webp\"><img loading=\"lazy\" decoding=\"async\" src=\"https:\/\/www.scaleinalluminio.it\/wp-content\/uploads\/trabattello_alluminio_team_9-300x209.webp\" alt=\"Trabattello per lavori a bassa quota Team h 3 mt piano di utilizzo a ponte\" width=\"300\" height=\"209\" class=\"size-medium wp-image-4271\" srcset=\"https:\/\/www.scaleinalluminio.it\/wp-content\/uploads\/trabattello_alluminio_team_9-300x209.webp 300w, https:\/\/www.scaleinalluminio.it\/wp-content\/uploads\/trabattello_alluminio_team_9-324x226.webp 324w, https:\/\/www.scaleinalluminio.it\/wp-content\/uploads\/trabattello_alluminio_team_9-416x290.webp 416w, https:\/\/www.scaleinalluminio.it\/wp-content\/uploads\/trabattello_alluminio_team_9.webp 561w\" sizes=\"auto, (max-width: 300px) 100vw, 300px\" \/><\/a><figcaption id=\"caption-attachment-4271\" class=\"wp-caption-text\">Trabattello per lavori a bassa quota Team h 3 mt piano di utilizzo a ponte<\/figcaption><\/figure>\n<figure id=\"attachment_4270\" aria-describedby=\"caption-attachment-4270\" style=\"width: 300px\" class=\"wp-caption alignnone\"><a href=\"https:\/\/www.scaleinalluminio.it\/wp-content\/uploads\/trabattello_alluminio_team_10.webp\"><img loading=\"lazy\" decoding=\"async\" src=\"https:\/\/www.scaleinalluminio.it\/wp-content\/uploads\/trabattello_alluminio_team_10-300x211.webp\" alt=\"Trabattello per lavori a bassa quota Team h 3 mt piano\" width=\"300\" height=\"211\" class=\"size-medium wp-image-4270\" srcset=\"https:\/\/www.scaleinalluminio.it\/wp-content\/uploads\/trabattello_alluminio_team_10-300x211.webp 300w, https:\/\/www.scaleinalluminio.it\/wp-content\/uploads\/trabattello_alluminio_team_10-324x228.webp 324w, https:\/\/www.scaleinalluminio.it\/wp-content\/uploads\/trabattello_alluminio_team_10-416x293.webp 416w, https:\/\/www.scaleinalluminio.it\/wp-content\/uploads\/trabattello_alluminio_team_10.webp 542w\" sizes=\"auto, (max-width: 300px) 100vw, 300px\" \/><\/a><figcaption id=\"caption-attachment-4270\" class=\"wp-caption-text\">Trabattello per lavori a bassa quota Team h 3 mt piano<\/figcaption><\/figure>\n<figure id=\"attachment_4269\" aria-describedby=\"caption-attachment-4269\" style=\"width: 221px\" class=\"wp-caption alignnone\"><a href=\"https:\/\/www.scaleinalluminio.it\/wp-content\/uploads\/trabattello_alluminio_team_11.webp\"><img loading=\"lazy\" decoding=\"async\" src=\"https:\/\/www.scaleinalluminio.it\/wp-content\/uploads\/trabattello_alluminio_team_11-221x300.webp\" alt=\"Trabattello per lavori a bassa quota Team h 3 mt piano utilizzo come scala doppia\" width=\"221\" height=\"300\" class=\"size-medium wp-image-4269\" srcset=\"https:\/\/www.scaleinalluminio.it\/wp-content\/uploads\/trabattello_alluminio_team_11-221x300.webp 221w, https:\/\/www.scaleinalluminio.it\/wp-content\/uploads\/trabattello_alluminio_team_11.webp 285w\" sizes=\"auto, (max-width: 221px) 100vw, 221px\" \/><\/a><figcaption id=\"caption-attachment-4269\" class=\"wp-caption-text\">Trabattello per lavori a bassa quota Team h 3 mt piano utilizzo come scala doppia<\/figcaption><\/figure>\n<figure id=\"attachment_4268\" aria-describedby=\"caption-attachment-4268\" style=\"width: 246px\" class=\"wp-caption alignnone\"><a href=\"https:\/\/www.scaleinalluminio.it\/wp-content\/uploads\/trabattello_alluminio_team_12.webp\"><img loading=\"lazy\" decoding=\"async\" src=\"https:\/\/www.scaleinalluminio.it\/wp-content\/uploads\/trabattello_alluminio_team_12-246x300.webp\" alt=\"Trabattello per lavori a bassa quota Team h 3 mt piano spostamento\" width=\"246\" height=\"300\" class=\"size-medium wp-image-4268\" srcset=\"https:\/\/www.scaleinalluminio.it\/wp-content\/uploads\/trabattello_alluminio_team_12-246x300.webp 246w, https:\/\/www.scaleinalluminio.it\/wp-content\/uploads\/trabattello_alluminio_team_12-324x395.webp 324w, https:\/\/www.scaleinalluminio.it\/wp-content\/uploads\/trabattello_alluminio_team_12-416x507.webp 416w, https:\/\/www.scaleinalluminio.it\/wp-content\/uploads\/trabattello_alluminio_team_12.webp 741w\" sizes=\"auto, (max-width: 246px) 100vw, 246px\" \/><\/a><figcaption id=\"caption-attachment-4268\" class=\"wp-caption-text\">Trabattello per lavori a bassa quota Team h 3 mt piano spostamento<\/figcaption><\/figure>\n<figure id=\"attachment_4267\" aria-describedby=\"caption-attachment-4267\" style=\"width: 300px\" class=\"wp-caption alignnone\"><a href=\"https:\/\/www.scaleinalluminio.it\/wp-content\/uploads\/trabattello_alluminio_team_13.webp\"><img loading=\"lazy\" decoding=\"async\" src=\"https:\/\/www.scaleinalluminio.it\/wp-content\/uploads\/trabattello_alluminio_team_13-300x53.webp\" alt=\"Trabattello per lavori a bassa quota Team h 3 mt piano misure\" width=\"300\" height=\"53\" class=\"size-medium wp-image-4267\" srcset=\"https:\/\/www.scaleinalluminio.it\/wp-content\/uploads\/trabattello_alluminio_team_13-300x53.webp 300w, https:\/\/www.scaleinalluminio.it\/wp-content\/uploads\/trabattello_alluminio_team_13-768x135.webp 768w, https:\/\/www.scaleinalluminio.it\/wp-content\/uploads\/trabattello_alluminio_team_13-324x57.webp 324w, https:\/\/www.scaleinalluminio.it\/wp-content\/uploads\/trabattello_alluminio_team_13-416x73.webp 416w, https:\/\/www.scaleinalluminio.it\/wp-content\/uploads\/trabattello_alluminio_team_13.webp 800w\" sizes=\"auto, (max-width: 300px) 100vw, 300px\" \/><\/a><figcaption id=\"caption-attachment-4267\" class=\"wp-caption-text\">Trabattello per lavori a bassa quota Team h 3 mt piano misure<\/figcaption><\/figure>\n","protected":false},"excerpt":{"rendered":"<p>Il trabattello per lavori a bassa quota M-t-3-mt \u00e8 alto 3 metri consentendo una altezza di lavoro di 5 metri circa; \u00e8 costruito interamente in alluminio; \u00e9 dotato di pioli antisdrucciolo mm 30 x 30. Si monta in modo molto rapido senza viti o attrezzi. E&#8217; dotato di correnti orizzontali e diagonali con innesto rapido [&hellip;]<\/p>\n","protected":false},"featured_media":4278,"template":"","meta":[],"product_cat":[853],"product_tag":[],"class_list":["post-4262","product","type-product","status-publish","has-post-thumbnail","hentry","product_cat-team"],"_links":{"self":[{"href":"https:\/\/www.scaleinalluminio.it\/trabattelli\/wp-json\/wp\/v2\/product\/4262","targetHints":{"allow":["GET"]}}],"collection":[{"href":"https:\/\/www.scaleinalluminio.it\/trabattelli\/wp-json\/wp\/v2\/product"}],"about":[{"href":"https:\/\/www.scaleinalluminio.it\/trabattelli\/wp-json\/wp\/v2\/types\/product"}],"wp:featuredmedia":[{"embeddable":true,"href":"https:\/\/www.scaleinalluminio.it\/trabattelli\/wp-json\/wp\/v2\/media\/4278"}],"wp:attachment":[{"href":"https:\/\/www.scaleinalluminio.it\/trabattelli\/wp-json\/wp\/v2\/media?parent=4262"}],"wp:term":[{"taxonomy":"product_cat","embeddable":true,"href":"https:\/\/www.scaleinalluminio.it\/trabattelli\/wp-json\/wp\/v2\/product_cat?post=4262"},{"taxonomy":"product_tag","embeddable":true,"href":"https:\/\/www.scaleinalluminio.it\/trabattelli\/wp-json\/wp\/v2\/product_tag?post=4262"}],"curies":[{"name":"wp","href":"https:\/\/api.w.org\/{rel}","templated":true}]}}