{"id":4225,"date":"2026-01-29T17:56:06","date_gmt":"2026-01-29T16:56:06","guid":{"rendered":"https:\/\/www.scaleinalluminio.it\/trabattelli2\/?post_type=product&#038;p=4225"},"modified":"2026-02-16T23:10:48","modified_gmt":"2026-02-16T22:10:48","slug":"lx6","status":"publish","type":"product","link":"https:\/\/www.scaleinalluminio.it\/trabattelli\/lx\/lx6","title":{"rendered":"Trabattello in alluminio LUXOR UNI EN 1004 87 x 185 H 600 cm"},"content":{"rendered":"<p>Ponteggio di facile e rapido montaggio grazie alla leggerezza del materiale utilizzato e agli agganci automatici che non richiedono l\u2019uso di utensili; massima stabilit in ogni configurazione.<br \/>\nCaratteristiche:Montanti in tubo tondo di alluminio \u00d8 mm 50Gradino antiscivolo in tubo tondo di alluminio \u00d8 mm 50Ruote \u00d8 mm 200 rivestite in poliuretano dotate di regolazione stabilizzante fino a mm 200 e dispositivo frenante a doppio pedale con portata kg 400 cadaunaDimensioni base (comprese le ruote) mm 1980x1120Dimensioni base (con staffoni a 45\u00b0) mm 3500x2600Altezza base con ruote dal suolo mm 2030Altezza campata di prolunga mm 2005Piano di lavoro da mm 1850&#215;870 con sistema antivento suddiviso in due parti, una fissa m. 1850&#215;250 e una con botola mm 1850x620Portata (comprese n.2 persone) kg 200Costruito in conformit\u00e0 alla norma europea UNI EN 1004 uso previsto senza ancoraggio all\u2019interno fino a m 12 e all\u2019esterno fino a m 8 (fare riferimento a quanto indicato nel libretto di istruzioni)<\/p>\n<figure id=\"attachment_4299\" aria-describedby=\"caption-attachment-4299\" style=\"width: 300px\" class=\"wp-caption alignnone\"><a href=\"https:\/\/www.scaleinalluminio.it\/wp-content\/uploads\/trabattell-alluminio-luxor-misure-en.jpg\"><img loading=\"lazy\" decoding=\"async\" class=\"size-medium wp-image-4299\" src=\"https:\/\/www.scaleinalluminio.it\/wp-content\/uploads\/trabattell-alluminio-luxor-misure-en-300x300.jpg\" alt=\"Trabattello in alluminio LUXOR UNI EN 1004 misure\" width=\"300\" height=\"300\" srcset=\"https:\/\/www.scaleinalluminio.it\/wp-content\/uploads\/trabattell-alluminio-luxor-misure-en-300x300.jpg 300w, https:\/\/www.scaleinalluminio.it\/wp-content\/uploads\/trabattell-alluminio-luxor-misure-en-324x324.jpg 324w, https:\/\/www.scaleinalluminio.it\/wp-content\/uploads\/trabattell-alluminio-luxor-misure-en-100x100.jpg 100w, https:\/\/www.scaleinalluminio.it\/wp-content\/uploads\/trabattell-alluminio-luxor-misure-en-416x416.jpg 416w, https:\/\/www.scaleinalluminio.it\/wp-content\/uploads\/trabattell-alluminio-luxor-misure-en-150x150.jpg 150w, https:\/\/www.scaleinalluminio.it\/wp-content\/uploads\/trabattell-alluminio-luxor-misure-en-768x768.jpg 768w, https:\/\/www.scaleinalluminio.it\/wp-content\/uploads\/trabattell-alluminio-luxor-misure-en.jpg 800w\" sizes=\"auto, (max-width: 300px) 100vw, 300px\" \/><\/a><figcaption id=\"caption-attachment-4299\" class=\"wp-caption-text\">Trabattello in alluminio LUXOR UNI EN 1004 misure<\/figcaption><\/figure>\n\n<table id=\"tablepress-LUXOREN1004\" class=\"tablepress tablepress-id-LUXOREN1004\">\n<thead>\n<tr class=\"row-1 odd\">\n\t<th class=\"column-1\">A34LUX<\/th><th class=\"column-2\"><\/th><th class=\"column-3\"><\/th><th class=\"column-4\">A34LUX04<\/th><th class=\"column-5\">A34LUX06<\/th><th class=\"column-6\">A34LUX08<\/th><th class=\"column-7\">A34LUX10<\/th><th class=\"column-8\">A34LUX12<\/th>\n<\/tr>\n<\/thead>\n<tbody class=\"row-hover\">\n<tr class=\"row-2 even\">\n\t<td class=\"column-1\">Altezza piano A(m)<\/td><td class=\"column-2\"><\/td><td class=\"column-3\"><\/td><td class=\"column-4\">2,70<\/td><td class=\"column-5\">4,70<\/td><td class=\"column-6\">6,80<\/td><td class=\"column-7\">8,80<\/td><td class=\"column-8\">10,80<\/td>\n<\/tr>\n<tr class=\"row-3 odd\">\n\t<td class=\"column-1\">Altezza totale B(m)<\/td><td class=\"column-2\"><\/td><td class=\"column-3\"><\/td><td class=\"column-4\">4,00<\/td><td class=\"column-5\">6,00<\/td><td class=\"column-6\">8,00<\/td><td class=\"column-7\">10,00<\/td><td class=\"column-8\">12,10<\/td>\n<\/tr>\n<tr class=\"row-4 even\">\n\t<td class=\"column-1\">Altezza di lavoro H(m)<\/td><td class=\"column-2\"><\/td><td class=\"column-3\"><\/td><td class=\"column-4\">5,00<\/td><td class=\"column-5\">7,00<\/td><td class=\"column-6\">9,10<\/td><td class=\"column-7\">11,10<\/td><td class=\"column-8\">13,10<\/td>\n<\/tr>\n<tr class=\"row-5 odd\">\n\t<td class=\"column-1\">Codice<\/td><td class=\"column-2\">Kg<\/td><td class=\"column-3\">Composizione<\/td><td class=\"column-4\"><\/td><td class=\"column-5\"><\/td><td class=\"column-6\"><\/td><td class=\"column-7\"><\/td><td class=\"column-8\"><\/td>\n<\/tr>\n<tr class=\"row-6 even\">\n\t<td class=\"column-1\">A34ELBA<\/td><td class=\"column-2\">32,30<\/td><td class=\"column-3\">Elementi base con ruote<\/td><td class=\"column-4\">2<\/td><td class=\"column-5\">2<\/td><td class=\"column-6\">2<\/td><td class=\"column-7\">2<\/td><td class=\"column-8\">2<\/td>\n<\/tr>\n<tr class=\"row-7 odd\">\n\t<td class=\"column-1\">A34GIUBA<\/td><td class=\"column-2\">1,50<\/td><td class=\"column-3\">Traversa di base<\/td><td class=\"column-4\">2<\/td><td class=\"column-5\">2<\/td><td class=\"column-6\">2<\/td><td class=\"column-7\">2<\/td><td class=\"column-8\">2<\/td>\n<\/tr>\n<tr class=\"row-8 even\">\n\t<td class=\"column-1\">A34ELPRO<\/td><td class=\"column-2\">6,50<\/td><td class=\"column-3\">Elementi prolunga<\/td><td class=\"column-4\">2<\/td><td class=\"column-5\">4<\/td><td class=\"column-6\">6<\/td><td class=\"column-7\">8<\/td><td class=\"column-8\">10<\/td>\n<\/tr>\n<tr class=\"row-9 odd\">\n\t<td class=\"column-1\">A34GIUCRO<\/td><td class=\"column-2\">1,80<\/td><td class=\"column-3\">Diagonali<\/td><td class=\"column-4\">4<\/td><td class=\"column-5\">6<\/td><td class=\"column-6\">8<\/td><td class=\"column-7\">10<\/td><td class=\"column-8\">12<\/td>\n<\/tr>\n<tr class=\"row-10 even\">\n\t<td class=\"column-1\">A34RINGHIERA<\/td><td class=\"column-2\">4,00<\/td><td class=\"column-3\">Ringhiere<\/td><td class=\"column-4\">4<\/td><td class=\"column-5\">8<\/td><td class=\"column-6\">12<\/td><td class=\"column-7\">16<\/td><td class=\"column-8\">20<\/td>\n<\/tr>\n<tr class=\"row-11 odd\">\n\t<td class=\"column-1\">A34FERMA<\/td><td class=\"column-2\">7,50<\/td><td class=\"column-3\">Fermapiedi in Alluminio<\/td><td class=\"column-4\">1<\/td><td class=\"column-5\">1<\/td><td class=\"column-6\">1<\/td><td class=\"column-7\">1<\/td><td class=\"column-8\">1<\/td>\n<\/tr>\n<tr class=\"row-12 even\">\n\t<td class=\"column-1\">A34PIANO<\/td><td class=\"column-2\">18,50<\/td><td class=\"column-3\">Piano di lavoro<\/td><td class=\"column-4\">1<\/td><td class=\"column-5\">2<\/td><td class=\"column-6\">3<\/td><td class=\"column-7\">4<\/td><td class=\"column-8\">5<\/td>\n<\/tr>\n<tr class=\"row-13 odd\">\n\t<td class=\"column-1\">STAFFONE<\/td><td class=\"column-2\">6,00<\/td><td class=\"column-3\">Staffoni laterali<\/td><td class=\"column-4\">4<\/td><td class=\"column-5\">4<\/td><td class=\"column-6\">4<\/td><td class=\"column-7\">4<\/td><td class=\"column-8\">4<\/td>\n<\/tr>\n<\/tbody>\n<\/table>\n<!-- #tablepress-LUXOREN1004 from cache -->\n<figure id=\"attachment_4407\" aria-describedby=\"caption-attachment-4407\" style=\"width: 300px\" class=\"wp-caption alignnone\"><a href=\"https:\/\/www.scaleinalluminio.it\/wp-content\/uploads\/accessori-luxor-en-1.jpg\"><img loading=\"lazy\" decoding=\"async\" class=\"size-medium wp-image-4407\" src=\"https:\/\/www.scaleinalluminio.it\/wp-content\/uploads\/accessori-luxor-en-1-300x300.jpg\" alt=\"piano \u00e8 rivestito con pannello in legno CARPLY\" width=\"300\" height=\"300\" srcset=\"https:\/\/www.scaleinalluminio.it\/wp-content\/uploads\/accessori-luxor-en-1-300x300.jpg 300w, https:\/\/www.scaleinalluminio.it\/wp-content\/uploads\/accessori-luxor-en-1-324x324.jpg 324w, https:\/\/www.scaleinalluminio.it\/wp-content\/uploads\/accessori-luxor-en-1-100x100.jpg 100w, https:\/\/www.scaleinalluminio.it\/wp-content\/uploads\/accessori-luxor-en-1-416x416.jpg 416w, https:\/\/www.scaleinalluminio.it\/wp-content\/uploads\/accessori-luxor-en-1-150x150.jpg 150w, https:\/\/www.scaleinalluminio.it\/wp-content\/uploads\/accessori-luxor-en-1-768x768.jpg 768w, https:\/\/www.scaleinalluminio.it\/wp-content\/uploads\/accessori-luxor-en-1.jpg 800w\" sizes=\"auto, (max-width: 300px) 100vw, 300px\" \/><\/a><figcaption id=\"caption-attachment-4407\" class=\"wp-caption-text\">piano \u00e8 rivestito con pannello in legno CARPLY<\/figcaption><\/figure>\n<figure id=\"attachment_4408\" aria-describedby=\"caption-attachment-4408\" style=\"width: 300px\" class=\"wp-caption alignnone\"><a href=\"https:\/\/www.scaleinalluminio.it\/wp-content\/uploads\/accessori-luxor-en-2.jpg\"><img loading=\"lazy\" decoding=\"async\" class=\"size-medium wp-image-4408\" src=\"https:\/\/www.scaleinalluminio.it\/wp-content\/uploads\/accessori-luxor-en-2-300x300.jpg\" alt=\"Elemento zoppo\" width=\"300\" height=\"300\" srcset=\"https:\/\/www.scaleinalluminio.it\/wp-content\/uploads\/accessori-luxor-en-2-300x300.jpg 300w, https:\/\/www.scaleinalluminio.it\/wp-content\/uploads\/accessori-luxor-en-2-324x324.jpg 324w, https:\/\/www.scaleinalluminio.it\/wp-content\/uploads\/accessori-luxor-en-2-100x100.jpg 100w, https:\/\/www.scaleinalluminio.it\/wp-content\/uploads\/accessori-luxor-en-2-416x416.jpg 416w, https:\/\/www.scaleinalluminio.it\/wp-content\/uploads\/accessori-luxor-en-2-150x150.jpg 150w, https:\/\/www.scaleinalluminio.it\/wp-content\/uploads\/accessori-luxor-en-2-768x768.jpg 768w, https:\/\/www.scaleinalluminio.it\/wp-content\/uploads\/accessori-luxor-en-2.jpg 800w\" sizes=\"auto, (max-width: 300px) 100vw, 300px\" \/><\/a><figcaption id=\"caption-attachment-4408\" class=\"wp-caption-text\">Elemento zoppo<\/figcaption><\/figure>\n<figure id=\"attachment_4409\" aria-describedby=\"caption-attachment-4409\" style=\"width: 300px\" class=\"wp-caption alignnone\"><a href=\"https:\/\/www.scaleinalluminio.it\/wp-content\/uploads\/accessori-luxor-en-3.jpg\"><img loading=\"lazy\" decoding=\"async\" class=\"size-medium wp-image-4409\" src=\"https:\/\/www.scaleinalluminio.it\/wp-content\/uploads\/accessori-luxor-en-3-300x300.jpg\" alt=\"Ruote \u00d8 mm 200\" width=\"300\" height=\"300\" srcset=\"https:\/\/www.scaleinalluminio.it\/wp-content\/uploads\/accessori-luxor-en-3-300x300.jpg 300w, https:\/\/www.scaleinalluminio.it\/wp-content\/uploads\/accessori-luxor-en-3-324x324.jpg 324w, https:\/\/www.scaleinalluminio.it\/wp-content\/uploads\/accessori-luxor-en-3-100x100.jpg 100w, https:\/\/www.scaleinalluminio.it\/wp-content\/uploads\/accessori-luxor-en-3-416x416.jpg 416w, https:\/\/www.scaleinalluminio.it\/wp-content\/uploads\/accessori-luxor-en-3-150x150.jpg 150w, https:\/\/www.scaleinalluminio.it\/wp-content\/uploads\/accessori-luxor-en-3-768x768.jpg 768w, https:\/\/www.scaleinalluminio.it\/wp-content\/uploads\/accessori-luxor-en-3.jpg 800w\" sizes=\"auto, (max-width: 300px) 100vw, 300px\" \/><\/a><figcaption id=\"caption-attachment-4409\" class=\"wp-caption-text\">Ruote \u00d8 mm 200<\/figcaption><\/figure>\n<figure id=\"attachment_4410\" aria-describedby=\"caption-attachment-4410\" style=\"width: 300px\" class=\"wp-caption alignnone\"><a href=\"https:\/\/www.scaleinalluminio.it\/wp-content\/uploads\/accessori-luxor-en-4.jpg\"><img loading=\"lazy\" decoding=\"async\" class=\"size-medium wp-image-4410\" src=\"https:\/\/www.scaleinalluminio.it\/wp-content\/uploads\/accessori-luxor-en-4-300x300.jpg\" alt=\"Trabattello in alluminio LUXOR UNI EN 1004 misure\" width=\"300\" height=\"300\" srcset=\"https:\/\/www.scaleinalluminio.it\/wp-content\/uploads\/accessori-luxor-en-4-300x300.jpg 300w, https:\/\/www.scaleinalluminio.it\/wp-content\/uploads\/accessori-luxor-en-4-324x324.jpg 324w, https:\/\/www.scaleinalluminio.it\/wp-content\/uploads\/accessori-luxor-en-4-100x100.jpg 100w, https:\/\/www.scaleinalluminio.it\/wp-content\/uploads\/accessori-luxor-en-4-416x416.jpg 416w, https:\/\/www.scaleinalluminio.it\/wp-content\/uploads\/accessori-luxor-en-4-150x150.jpg 150w, https:\/\/www.scaleinalluminio.it\/wp-content\/uploads\/accessori-luxor-en-4-768x768.jpg 768w, https:\/\/www.scaleinalluminio.it\/wp-content\/uploads\/accessori-luxor-en-4.jpg 800w\" sizes=\"auto, (max-width: 300px) 100vw, 300px\" \/><\/a><figcaption id=\"caption-attachment-4410\" class=\"wp-caption-text\">Trabattello in alluminio LUXOR UNI EN 1004 misure<\/figcaption><\/figure>\n<figure id=\"attachment_4342\" aria-describedby=\"caption-attachment-4342\" style=\"width: 300px\" class=\"wp-caption alignnone\"><a href=\"https:\/\/www.scaleinalluminio.it\/wp-content\/uploads\/trabattello-alluminio-alpo7-dlgs_battipiede-scaled.webp\"><img loading=\"lazy\" decoding=\"async\" class=\"size-medium wp-image-4342\" src=\"https:\/\/www.scaleinalluminio.it\/wp-content\/uploads\/trabattello-alluminio-alpo7-dlgs_battipiede-300x300.webp\" alt=\"battipiede in alluminio\" width=\"300\" height=\"300\" srcset=\"https:\/\/www.scaleinalluminio.it\/wp-content\/uploads\/trabattello-alluminio-alpo7-dlgs_battipiede-300x300.webp 300w, https:\/\/www.scaleinalluminio.it\/wp-content\/uploads\/trabattello-alluminio-alpo7-dlgs_battipiede-scaled-324x324.webp 324w, https:\/\/www.scaleinalluminio.it\/wp-content\/uploads\/trabattello-alluminio-alpo7-dlgs_battipiede-scaled-100x100.webp 100w, https:\/\/www.scaleinalluminio.it\/wp-content\/uploads\/trabattello-alluminio-alpo7-dlgs_battipiede-scaled-416x416.webp 416w, https:\/\/www.scaleinalluminio.it\/wp-content\/uploads\/trabattello-alluminio-alpo7-dlgs_battipiede-1024x1024.webp 1024w, https:\/\/www.scaleinalluminio.it\/wp-content\/uploads\/trabattello-alluminio-alpo7-dlgs_battipiede-150x150.webp 150w, https:\/\/www.scaleinalluminio.it\/wp-content\/uploads\/trabattello-alluminio-alpo7-dlgs_battipiede-768x768.webp 768w, https:\/\/www.scaleinalluminio.it\/wp-content\/uploads\/trabattello-alluminio-alpo7-dlgs_battipiede-1536x1536.webp 1536w, https:\/\/www.scaleinalluminio.it\/wp-content\/uploads\/trabattello-alluminio-alpo7-dlgs_battipiede-2048x2048.webp 2048w\" sizes=\"auto, (max-width: 300px) 100vw, 300px\" \/><\/a><figcaption id=\"caption-attachment-4342\" class=\"wp-caption-text\">battipiede in alluminio<\/figcaption><\/figure>\n<p><a href=\"https:\/\/drive.google.com\/file\/d\/1eMhbXKwAdV22m65hThzSB8i3DVWLwwiE\/view?usp=sharing\" target=\"_blank\" rel=\"noopener\">SCHEDA TECNICA TRABATTELLI IN ALLUMINIO<\/a><\/p>\n<p><a href=\"https:\/\/drive.google.com\/file\/d\/1bDdoAwHHCeOEmFvrHOuqEIgB9oKBv0VA\/view?usp=sharing\" target=\"_blank\" rel=\"noopener\">SCHEDA TECNICA TRABATTELLI IN ACCIAIO<\/a><\/p>\n","protected":false},"excerpt":{"rendered":"<p>Trabattello in alluminio LUXOR UNI EN 1004 87 x 185 H 600 cm. Ponteggio di facile e rapido montaggio grazie alla leggerezza del materiale, con agganci automatici senza utensili; massima stabilit\u00e0 in ogni configurazione.<\/p>\n","protected":false},"featured_media":4491,"template":"","meta":[],"product_cat":[846],"product_tag":[],"class_list":["post-4225","product","type-product","status-publish","has-post-thumbnail","hentry","product_cat-lx","product_shipping_class-tra3","pa_altezza-piano-917","pa_caratteristiche-altezza-di-lavoro-700-cm"],"_links":{"self":[{"href":"https:\/\/www.scaleinalluminio.it\/trabattelli\/wp-json\/wp\/v2\/product\/4225","targetHints":{"allow":["GET"]}}],"collection":[{"href":"https:\/\/www.scaleinalluminio.it\/trabattelli\/wp-json\/wp\/v2\/product"}],"about":[{"href":"https:\/\/www.scaleinalluminio.it\/trabattelli\/wp-json\/wp\/v2\/types\/product"}],"wp:featuredmedia":[{"embeddable":true,"href":"https:\/\/www.scaleinalluminio.it\/trabattelli\/wp-json\/wp\/v2\/media\/4491"}],"wp:attachment":[{"href":"https:\/\/www.scaleinalluminio.it\/trabattelli\/wp-json\/wp\/v2\/media?parent=4225"}],"wp:term":[{"taxonomy":"product_cat","embeddable":true,"href":"https:\/\/www.scaleinalluminio.it\/trabattelli\/wp-json\/wp\/v2\/product_cat?post=4225"},{"taxonomy":"product_tag","embeddable":true,"href":"https:\/\/www.scaleinalluminio.it\/trabattelli\/wp-json\/wp\/v2\/product_tag?post=4225"}],"curies":[{"name":"wp","href":"https:\/\/api.w.org\/{rel}","templated":true}]}}