{"id":4206,"date":"2026-01-29T17:55:27","date_gmt":"2026-01-29T16:55:27","guid":{"rendered":"https:\/\/www.scaleinalluminio.it\/trabattelli2\/?post_type=product&#038;p=4206"},"modified":"2026-02-16T23:10:26","modified_gmt":"2026-02-16T22:10:26","slug":"a45b2","status":"publish","type":"product","link":"https:\/\/www.scaleinalluminio.it\/trabattelli\/a45\/a45b2","title":{"rendered":"Ponteggio per balconi 74 x 300 cm lunghezza base"},"content":{"rendered":"<p>Ponteggio in alluminio di facile montaggio e di massima stabilit\u00e0, grazie alla leggerezza del materiale.<br \/>\nIdeale per lavori di imbiancatura e manutenzione dei balconi.Con semplici accorgimenti pu\u00f2 essere trasformato in un ponte su ruote conf0rme al D.Lgs. 81\/08 art. 140Acquistando delle barre stabilizzatrici a parte, si pu\u00f2 ottenere un ponteggio standardCaratteristiche: Montanti in tubo di alluminio \u00d8 50 mm Gradino anti scivolamento in tubo di alluminio \u00d8 50 mm Ruote \u00d8 150 mm in nylon rivestite in poliuretano espanso dotate di regolazione stabilizzante fino a mm 200 e dispositivo frenante a pedale Dimensione base mm 740&#215;1980\/2500\/3000 Portata massima kg 150 su piani a sbalzo Costruito in conformit\u00e0 al D.Lgs. 81\/2008\n<table id=\"tablepress-BALCONI\" class=\"tablepress tablepress-id-BALCONI\">\n<thead>\n<tr class=\"row-1 odd\">\n\t<th class=\"column-1\">CODICE<\/th><th class=\"column-2\">DESCRIZIONE<\/th>\n<\/tr>\n<\/thead>\n<tbody class=\"row-hover\">\n<tr class=\"row-2 even\">\n\t<td class=\"column-1\">A45BALCO1 \tPonteggio m. 1<\/td><td class=\"column-2\">98 di base (A+B+C)<\/td>\n<\/tr>\n<tr class=\"row-3 odd\">\n\t<td class=\"column-1\">A45BALCO2 \tPonteggio m. 2<\/td><td class=\"column-2\">50 di base (A+B+C)<\/td>\n<\/tr>\n<tr class=\"row-4 even\">\n\t<td class=\"column-1\">A45BALCO3 \tPonteggio m. 3<\/td><td class=\"column-2\">00 di base (A+B+C)<\/td>\n<\/tr>\n<\/tbody>\n<\/table>\n<!-- #tablepress-BALCONI from cache --><\/p>\n<figure id=\"attachment_4328\" aria-describedby=\"caption-attachment-4328\" style=\"width: 300px\" class=\"wp-caption alignnone\"><a href=\"https:\/\/www.scaleinalluminio.it\/wp-content\/uploads\/trabattello-alluminio-balconi-2.jpg\"><img loading=\"lazy\" decoding=\"async\" class=\"size-medium wp-image-4328\" src=\"https:\/\/www.scaleinalluminio.it\/wp-content\/uploads\/trabattello-alluminio-balconi-2-300x300.jpg\" alt=\"Ponteggio per balconi D.lgs 81\/2008\" width=\"300\" height=\"300\" srcset=\"https:\/\/www.scaleinalluminio.it\/wp-content\/uploads\/trabattello-alluminio-balconi-2-300x300.jpg 300w, https:\/\/www.scaleinalluminio.it\/wp-content\/uploads\/trabattello-alluminio-balconi-2-324x324.jpg 324w, https:\/\/www.scaleinalluminio.it\/wp-content\/uploads\/trabattello-alluminio-balconi-2-100x100.jpg 100w, https:\/\/www.scaleinalluminio.it\/wp-content\/uploads\/trabattello-alluminio-balconi-2-416x416.jpg 416w, https:\/\/www.scaleinalluminio.it\/wp-content\/uploads\/trabattello-alluminio-balconi-2-150x150.jpg 150w, https:\/\/www.scaleinalluminio.it\/wp-content\/uploads\/trabattello-alluminio-balconi-2-768x768.jpg 768w, https:\/\/www.scaleinalluminio.it\/wp-content\/uploads\/trabattello-alluminio-balconi-2.jpg 800w\" sizes=\"auto, (max-width: 300px) 100vw, 300px\" \/><\/a><figcaption id=\"caption-attachment-4328\" class=\"wp-caption-text\">Ponteggio per balconi D.lgs 81\/2008<\/figcaption><\/figure>\n<figure id=\"attachment_4326\" aria-describedby=\"caption-attachment-4326\" style=\"width: 300px\" class=\"wp-caption alignnone\"><a href=\"https:\/\/www.scaleinalluminio.it\/wp-content\/uploads\/trabattello-trabattello-alluminio-balconi-4.webp\"><img loading=\"lazy\" decoding=\"async\" class=\"size-medium wp-image-4326\" src=\"https:\/\/www.scaleinalluminio.it\/wp-content\/uploads\/trabattello-trabattello-alluminio-balconi-4-300x300.webp\" alt=\"Ponteggio per balconi D.lgs 81\/2008\" width=\"300\" height=\"300\" srcset=\"https:\/\/www.scaleinalluminio.it\/wp-content\/uploads\/trabattello-trabattello-alluminio-balconi-4-300x300.webp 300w, https:\/\/www.scaleinalluminio.it\/wp-content\/uploads\/trabattello-trabattello-alluminio-balconi-4-324x324.webp 324w, https:\/\/www.scaleinalluminio.it\/wp-content\/uploads\/trabattello-trabattello-alluminio-balconi-4-100x100.webp 100w, https:\/\/www.scaleinalluminio.it\/wp-content\/uploads\/trabattello-trabattello-alluminio-balconi-4-416x416.webp 416w, https:\/\/www.scaleinalluminio.it\/wp-content\/uploads\/trabattello-trabattello-alluminio-balconi-4-150x150.webp 150w, https:\/\/www.scaleinalluminio.it\/wp-content\/uploads\/trabattello-trabattello-alluminio-balconi-4-768x768.webp 768w, https:\/\/www.scaleinalluminio.it\/wp-content\/uploads\/trabattello-trabattello-alluminio-balconi-4.webp 800w\" sizes=\"auto, (max-width: 300px) 100vw, 300px\" \/><\/a><figcaption id=\"caption-attachment-4326\" class=\"wp-caption-text\">Ponteggio per balconi D.lgs 81\/2008<\/figcaption><\/figure>\n<figure id=\"attachment_4325\" aria-describedby=\"caption-attachment-4325\" style=\"width: 300px\" class=\"wp-caption alignnone\"><a href=\"https:\/\/www.scaleinalluminio.it\/wp-content\/uploads\/trabattello-trabattello-alluminio-balconi-3.webp\"><img loading=\"lazy\" decoding=\"async\" class=\"size-medium wp-image-4325\" src=\"https:\/\/www.scaleinalluminio.it\/wp-content\/uploads\/trabattello-trabattello-alluminio-balconi-3-300x300.webp\" alt=\"Ponteggio per balconi D.lgs 81\/2008\" width=\"300\" height=\"300\" srcset=\"https:\/\/www.scaleinalluminio.it\/wp-content\/uploads\/trabattello-trabattello-alluminio-balconi-3-300x300.webp 300w, https:\/\/www.scaleinalluminio.it\/wp-content\/uploads\/trabattello-trabattello-alluminio-balconi-3-324x324.webp 324w, https:\/\/www.scaleinalluminio.it\/wp-content\/uploads\/trabattello-trabattello-alluminio-balconi-3-100x100.webp 100w, https:\/\/www.scaleinalluminio.it\/wp-content\/uploads\/trabattello-trabattello-alluminio-balconi-3-416x416.webp 416w, https:\/\/www.scaleinalluminio.it\/wp-content\/uploads\/trabattello-trabattello-alluminio-balconi-3-150x150.webp 150w, https:\/\/www.scaleinalluminio.it\/wp-content\/uploads\/trabattello-trabattello-alluminio-balconi-3-768x768.webp 768w, https:\/\/www.scaleinalluminio.it\/wp-content\/uploads\/trabattello-trabattello-alluminio-balconi-3.webp 800w\" sizes=\"auto, (max-width: 300px) 100vw, 300px\" \/><\/a><figcaption id=\"caption-attachment-4325\" class=\"wp-caption-text\">Ponteggio per balconi D.lgs 81\/2008<\/figcaption><\/figure>\n<figure id=\"attachment_4324\" aria-describedby=\"caption-attachment-4324\" style=\"width: 300px\" class=\"wp-caption alignnone\"><a href=\"https:\/\/www.scaleinalluminio.it\/wp-content\/uploads\/trabattello-trabattello-alluminio-balconi-1.webp\"><img loading=\"lazy\" decoding=\"async\" class=\"size-medium wp-image-4324\" src=\"https:\/\/www.scaleinalluminio.it\/wp-content\/uploads\/trabattello-trabattello-alluminio-balconi-1-300x300.webp\" alt=\"Ponteggio per balconi D.lgs 81\/2008\" width=\"300\" height=\"300\" srcset=\"https:\/\/www.scaleinalluminio.it\/wp-content\/uploads\/trabattello-trabattello-alluminio-balconi-1-300x300.webp 300w, https:\/\/www.scaleinalluminio.it\/wp-content\/uploads\/trabattello-trabattello-alluminio-balconi-1-324x324.webp 324w, https:\/\/www.scaleinalluminio.it\/wp-content\/uploads\/trabattello-trabattello-alluminio-balconi-1-100x100.webp 100w, https:\/\/www.scaleinalluminio.it\/wp-content\/uploads\/trabattello-trabattello-alluminio-balconi-1-416x416.webp 416w, https:\/\/www.scaleinalluminio.it\/wp-content\/uploads\/trabattello-trabattello-alluminio-balconi-1-150x150.webp 150w, https:\/\/www.scaleinalluminio.it\/wp-content\/uploads\/trabattello-trabattello-alluminio-balconi-1-768x768.webp 768w, https:\/\/www.scaleinalluminio.it\/wp-content\/uploads\/trabattello-trabattello-alluminio-balconi-1.webp 800w\" sizes=\"auto, (max-width: 300px) 100vw, 300px\" \/><\/a><figcaption id=\"caption-attachment-4324\" class=\"wp-caption-text\">Ponteggio per balconi D.lgs 81\/2008<\/figcaption><\/figure>\n<figure id=\"attachment_4323\" aria-describedby=\"caption-attachment-4323\" style=\"width: 209px\" class=\"wp-caption alignnone\"><a href=\"https:\/\/www.scaleinalluminio.it\/wp-content\/uploads\/trabattello-trabattello-alluminio-balconi.webp\"><img loading=\"lazy\" decoding=\"async\" class=\"size-medium wp-image-4323\" src=\"https:\/\/www.scaleinalluminio.it\/wp-content\/uploads\/trabattello-trabattello-alluminio-balconi-209x300.webp\" alt=\"Ponteggio per balconi D.lgs 81\/2008\" width=\"209\" height=\"300\" srcset=\"https:\/\/www.scaleinalluminio.it\/wp-content\/uploads\/trabattello-trabattello-alluminio-balconi-209x300.webp 209w, https:\/\/www.scaleinalluminio.it\/wp-content\/uploads\/trabattello-trabattello-alluminio-balconi-324x466.webp 324w, https:\/\/www.scaleinalluminio.it\/wp-content\/uploads\/trabattello-trabattello-alluminio-balconi-416x599.webp 416w, https:\/\/www.scaleinalluminio.it\/wp-content\/uploads\/trabattello-trabattello-alluminio-balconi-712x1024.webp 712w, https:\/\/www.scaleinalluminio.it\/wp-content\/uploads\/trabattello-trabattello-alluminio-balconi-768x1105.webp 768w, https:\/\/www.scaleinalluminio.it\/wp-content\/uploads\/trabattello-trabattello-alluminio-balconi.webp 800w\" sizes=\"auto, (max-width: 209px) 100vw, 209px\" \/><\/a><figcaption id=\"caption-attachment-4323\" class=\"wp-caption-text\">Ponteggio per balconi D.lgs 81\/2008<\/figcaption><\/figure>\n<p><a href=\"https:\/\/drive.google.com\/file\/d\/1eMhbXKwAdV22m65hThzSB8i3DVWLwwiE\/view?usp=sharing\" target=\"_blank\" rel=\"noopener\">SCHEDA TECNICA TRABATTELLI IN ALLUMINIO<\/a><\/p>\n<p><a href=\"https:\/\/drive.google.com\/file\/d\/1bDdoAwHHCeOEmFvrHOuqEIgB9oKBv0VA\/view?usp=sharing\" target=\"_blank\" rel=\"noopener\">SCHEDA TECNICA TRABATTELLI IN ACCIAIO<\/a><\/p>\n","protected":false},"excerpt":{"rendered":"<p>ABTRIS D.Lgs. 81\/2008 PONTEGGI in ACCIAIO Ponteggio hobbistico in acciaio ACCESSORI \/ PARTICOLARI Descrizione: Costruito completamente in acciaio con speciale trattamento di zincatura elettrolitica. Caratteristiche: Montanti in tubo tondo d\u2019acciaio \u2205 mm 32 N. 2 ruote fisse gommate \u2205 mm 100 N. 2 ramponi in gomma antisdrucciolo N. 2 astine Piano di lavoro mm 1160&#215;420 [&#8230;]<\/p>\n","protected":false},"featured_media":4323,"template":"","meta":[],"product_cat":[841],"product_tag":[],"class_list":["post-4206","product","type-product","status-publish","has-post-thumbnail","hentry","product_cat-a45","product_shipping_class-tra4"],"_links":{"self":[{"href":"https:\/\/www.scaleinalluminio.it\/trabattelli\/wp-json\/wp\/v2\/product\/4206","targetHints":{"allow":["GET"]}}],"collection":[{"href":"https:\/\/www.scaleinalluminio.it\/trabattelli\/wp-json\/wp\/v2\/product"}],"about":[{"href":"https:\/\/www.scaleinalluminio.it\/trabattelli\/wp-json\/wp\/v2\/types\/product"}],"wp:featuredmedia":[{"embeddable":true,"href":"https:\/\/www.scaleinalluminio.it\/trabattelli\/wp-json\/wp\/v2\/media\/4323"}],"wp:attachment":[{"href":"https:\/\/www.scaleinalluminio.it\/trabattelli\/wp-json\/wp\/v2\/media?parent=4206"}],"wp:term":[{"taxonomy":"product_cat","embeddable":true,"href":"https:\/\/www.scaleinalluminio.it\/trabattelli\/wp-json\/wp\/v2\/product_cat?post=4206"},{"taxonomy":"product_tag","embeddable":true,"href":"https:\/\/www.scaleinalluminio.it\/trabattelli\/wp-json\/wp\/v2\/product_tag?post=4206"}],"curies":[{"name":"wp","href":"https:\/\/api.w.org\/{rel}","templated":true}]}}