{"id":613,"date":"2025-07-13T21:24:21","date_gmt":"2025-07-13T19:24:21","guid":{"rendered":"https:\/\/www.scaleinalluminio.it\/trabattelli2222\/?page_id=613"},"modified":"2025-07-13T21:24:22","modified_gmt":"2025-07-13T19:24:22","slug":"scale-trabattelli22-su-misura","status":"publish","type":"page","link":"https:\/\/www.scaleinalluminio.it\/trabattelli\/scale-trabattelli22-su-misura","title":{"rendered":"Scale trabattelli22 su misura"},"content":{"rendered":"\n<p>Si pu\u00f2 dire che tutte le scale siano realizzate su misura in quanto, anche se la maggior parte delle scale trabattelli22 riportano una altezza di tre metri, questa \u00e8 riferita all&#8217;altezza massima raggiungibile con questa tipologia.<br>Questo non significa affatto che vi venga consegnata una scala tarata per una altezza di tre metri.<br>Significa che entro l&#8217;altezza massima appena indicata (3 metri) vi verr\u00e0 consegnata una scala tagliata a misura e regolata per l&#8217;altezza che ci indicherete.<br>Se avete una altezza ad esempio di 2,60 metri vi verr\u00e0 consegnata una scala per questa altezza con le molle tarate per la distanza indicata<br>Questa operazione non ha costi aggiuntivi. E&#8217; gi\u00e0 compreso nel prezzo della scala.<br>Nel caso delle scale a pantografo non occorre regolare alcunch\u00e9; per le rigide in 4 pezzi occorre invece regolare il fine corsa (regolazione che viene fatta una volta e non \u00e8 particolarmente difficile).<br>Seguire comunque le indicazioni incluse.<\/p>\n\n\n\n<p>Oltre l&#8217;altezza di tre metri per i modelli a pantografo occorre valutare caso per caso la fattibilit\u00e0 anche in relazione al foro disponibile. In linea di principio aumentando l&#8217;altezza della scala aumenta anche la dimensione della cassa e quindi del foro. Intendo riferirmi alla parte pi\u00f9 lunga del foro.<br>E&#8217; ovvio che quando una siffatta scala \u00e8 richiusa avendo pi\u00f9 gradini ha bisogno di pi\u00f9 spazio.<br>I modelli, invece, rigidi e pieghevoli in 4 pezzi, arrivano (con i modelli a catalogo), anche all&#8217;altezza di 3,5 ed anche 4 metri. Oltre non si pu\u00f2 andare per ragioni di sicurezza.<br>In ogni caso sappiate che entro le misure standard sopra indicate ciascuna scala viene preparata per l&#8217;altezza indicata dal cliente.<\/p>\n\n\n\n<p>Per quanto riguarda il foro ove inserire la cassa della scala le misure indicate si riferiscono al foro vero e proprio nel solaio. La cassa della scala \u00e8 costruita con una tolleranza che le consente di essere inserita nel foro del solaio. Anche le misura del foro sono, entro certi limiti personalizzabili. In questo caso per\u00f2, viene conteggiato un costo extra per la lavorazione fuori misura.<\/p>\n\n\n\n<p>In caso di dubbi, o casi particolari, o altre difficolt\u00e0, potete inviarci una richiesta via mail <a href=\"https:\/\/www.scaleinalluminio.it\/info-trabattelli22\" target=\"_blank\" rel=\"noreferrer noopener\">INFORMAZIONI<\/a>, oppure potete tranquillamente contattarci telefonicamente.<br><a href=\"https:\/\/www.scaleinalluminio.it\/info-trabattelli22\" target=\"_blank\" rel=\"noreferrer noopener\">form<\/a>.<\/p>\n\n\n\n<p><\/p>\n","protected":false},"excerpt":{"rendered":"<p>Si pu\u00f2 dire che tutte le scale siano realizzate su misura in quanto, anche se la maggior parte delle scale trabattelli22 riportano una altezza di tre metri, questa \u00e8 riferita all&#8217;altezza massima raggiungibile con questa tipologia.Questo non significa affatto che vi venga consegnata una scala tarata per una altezza di tre metri.Significa che entro l&#8217;altezza [&hellip;]<\/p>\n","protected":false},"author":1,"featured_media":0,"parent":0,"menu_order":0,"comment_status":"closed","ping_status":"closed","template":"","meta":{"footnotes":""},"class_list":["post-613","page","type-page","status-publish","hentry"],"_links":{"self":[{"href":"https:\/\/www.scaleinalluminio.it\/trabattelli\/wp-json\/wp\/v2\/pages\/613","targetHints":{"allow":["GET"]}}],"collection":[{"href":"https:\/\/www.scaleinalluminio.it\/trabattelli\/wp-json\/wp\/v2\/pages"}],"about":[{"href":"https:\/\/www.scaleinalluminio.it\/trabattelli\/wp-json\/wp\/v2\/types\/page"}],"author":[{"embeddable":true,"href":"https:\/\/www.scaleinalluminio.it\/trabattelli\/wp-json\/wp\/v2\/users\/1"}],"replies":[{"embeddable":true,"href":"https:\/\/www.scaleinalluminio.it\/trabattelli\/wp-json\/wp\/v2\/comments?post=613"}],"version-history":[{"count":0,"href":"https:\/\/www.scaleinalluminio.it\/trabattelli\/wp-json\/wp\/v2\/pages\/613\/revisions"}],"wp:attachment":[{"href":"https:\/\/www.scaleinalluminio.it\/trabattelli\/wp-json\/wp\/v2\/media?parent=613"}],"curies":[{"name":"wp","href":"https:\/\/api.w.org\/{rel}","templated":true}]}}