{"id":611,"date":"2025-07-13T22:22:05","date_gmt":"2025-07-13T20:22:05","guid":{"rendered":"https:\/\/www.scaleinalluminio.it\/trabattelli2222\/?page_id=611"},"modified":"2025-07-13T22:22:06","modified_gmt":"2025-07-13T20:22:06","slug":"dimensioni-foro","status":"publish","type":"page","link":"https:\/\/www.scaleinalluminio.it\/trabattelli\/dimensioni-foro","title":{"rendered":"Dimensioni foro scale trabattelli22"},"content":{"rendered":"\n<p>La gamma standard delle scale trabattelli22 comprende prodotti per l\u2019accesso alla soffitta (Motorizzate elettricamente, a pantografo e rigide in 4 Pezzi), alla nicchia a muro verticale (a parete), al tetto piano (Per terrazzi e tetti) ed al soppalco (per soppalchi).<br>Di seguito vengono indicate le misure \u201cstandard\u201d delle botole disponibili a magazzino, per tipologia di prodotto.<br>Viene indicata la dimensione del foro retando inteso che la corrispondente scala avr\u00e0 una tolleranza (1 cm per lato) idonea per poter essere inserita nel foro stesso.<\/p>\n\n\n\n<p>Le altezze standard si riferiscono a 3m, misurate dal pavimento fino al soffitto (livello o altezza di sbarco per i modelli a parete verticale o per soppalchi).<br>\u00c8 possibile realizzare misure di botola diverse e modificare le altezze delle scale secondo le richieste del cliente ed in base alla fattibilit\u00e0 per tutti i prodotti (con esclusione delle versioni per soppalco che \u00e8 regolabile solo in altezza) comunicando le misure indicate <a href=\"https:\/\/www.scaleinalluminio.it\/info-trabattelli22\" target=\"_blank\" rel=\"noreferrer noopener\">RICHIESTA INFORMAZIONI<\/a>.<\/p>\n\n\n\n<p>Necessitiamo dei seguenti valori:<br>1) dimensioni del foro.<br>2) tipologia di scala (Motorizzate elettricamente, a pantografo, rigide in 4 Pezzi, a parete, Per terrazzi e tetti)<br>3) distanza tra il pavimento ed il soffitto (o il piano di sbarco in caso di scala per soppalchi).<br>4) spessore del solaio.<\/p>\n\n\n\n<p>NOTE IMPORTANTI<br>ALL&#8217;ALTEZZA DELLA SCALA: l&#8217;altezza standard delle scale \u00e8 di 3 metri. In caso di ordine la scala verr\u00e0 tagliata all&#8217;altezza desiderata dal cliente. Ad esempio se avete una altezza tra il pavimento ed il soffitto di metri 2,70 la scala vi verr\u00e0 tagliata per questa misura e le molle regolate di conseguenza.<br>SPESSORE DEL SOLAIO: la cassa del solaio \u00e8 in grado di egolarsi tra i 15 e 27 cm. Se avete dei solai pi\u00f9 spessi \u00e8 possibile utilizzaredelle prolunghe a misura fornite con la scala. Se il solaio \u00e8 molto spesso si consiglia di tassellare la cassa allo stesso; sono previsti dei fori allo scopo.Si raccomanda di mettere degli spessori in battuta a lfine di evitare il piegamento della cassa stessa.<\/p>\n\n\n\n<p><\/p>\n","protected":false},"excerpt":{"rendered":"<p>La gamma standard delle scale trabattelli22 comprende prodotti per l\u2019accesso alla soffitta (Motorizzate elettricamente, a pantografo e rigide in 4 Pezzi), alla nicchia a muro verticale (a parete), al tetto piano (Per terrazzi e tetti) ed al soppalco (per soppalchi).Di seguito vengono indicate le misure \u201cstandard\u201d delle botole disponibili a magazzino, per tipologia di prodotto.Viene [&hellip;]<\/p>\n","protected":false},"author":1,"featured_media":0,"parent":0,"menu_order":0,"comment_status":"closed","ping_status":"closed","template":"","meta":{"footnotes":""},"class_list":["post-611","page","type-page","status-publish","hentry"],"_links":{"self":[{"href":"https:\/\/www.scaleinalluminio.it\/trabattelli\/wp-json\/wp\/v2\/pages\/611","targetHints":{"allow":["GET"]}}],"collection":[{"href":"https:\/\/www.scaleinalluminio.it\/trabattelli\/wp-json\/wp\/v2\/pages"}],"about":[{"href":"https:\/\/www.scaleinalluminio.it\/trabattelli\/wp-json\/wp\/v2\/types\/page"}],"author":[{"embeddable":true,"href":"https:\/\/www.scaleinalluminio.it\/trabattelli\/wp-json\/wp\/v2\/users\/1"}],"replies":[{"embeddable":true,"href":"https:\/\/www.scaleinalluminio.it\/trabattelli\/wp-json\/wp\/v2\/comments?post=611"}],"version-history":[{"count":0,"href":"https:\/\/www.scaleinalluminio.it\/trabattelli\/wp-json\/wp\/v2\/pages\/611\/revisions"}],"wp:attachment":[{"href":"https:\/\/www.scaleinalluminio.it\/trabattelli\/wp-json\/wp\/v2\/media?parent=611"}],"curies":[{"name":"wp","href":"https:\/\/api.w.org\/{rel}","templated":true}]}}