{"id":4218,"date":"2026-01-10T23:35:52","date_gmt":"2026-01-10T22:35:52","guid":{"rendered":"https:\/\/www.scaleinalluminio.it\/ss2\/?post_type=product&#038;p=4218"},"modified":"2026-01-17T23:51:54","modified_gmt":"2026-01-17T22:51:54","slug":"vera112","status":"publish","type":"product","link":"https:\/\/www.scaleinalluminio.it\/ss\/vera\/vera112","title":{"rendered":"Scala alluminio con ruote salita singola Vera 12 gradini"},"content":{"rendered":"<p>Scala doppia per utilizzo intensivo, dotata di ampia piattaforma cm 45 x 50, guarda-corpo cm 80, maniglie di sollevamento richiudibili<br \/>\nPer utilizzo professionale \u00e8 costruita in alluminio estruso nervato.<br \/>\nI gradini sono saldati ai montanti per creare una struttura ultraresistente.<br \/>\nProvvista di 2 ruote, 2 braccioli ripiegabili, amplia piattaforma in alluminio, pianetto portattrezzi, corrimani e guarda-corpo.<br \/>\nDotata di barre antiapertura\/chiusura accidentale brevettate che ne consentono la chiusura e l&#8217;apertura rapida.<br \/>\nE&#8217; ideale per utilizzo professionale.<br \/>\nProdotta secondo la normativa italiana vigente D.lgs 81\/08 e la normativa europea UNI EN131.<br \/>\nL&#8217;ampia rampa di salita, il guarda-corpo da cm 80 e l&#8217;ampia piattaforma di lavoro in alluminio cm 45 x 50 ne permettono l&#8217;utilizzo come scala comoda e stabile.<br \/>\nDue ruote diametro mm 150 consentono lo spostamento della scala in alluminio a spinta.<br \/>\nIl sistema frenante \u00e8 automatico ed \u00e8 attivo quando la scala \u00e8 in opera ed in posizione di lavoro.<br \/>\nNon appena la scala viene sollevata tramite le apposite maniglie per la movimentazione, i tamponi di fermo si sollevano permettendo alle ruote in pvc di scorrere sul terreno.<br \/>\nLa scala non deve in ogni caso essere movimentata con persone, oggetti e\/o materiale a bordo<br \/>\nCARATTERISTICHE TECNICHE<\/p>\n<p>Numero gradini 4<br \/>\nAltezza piattaforma 1.00<\/p>\n<p>Aste di rinforzo e antiapertura\/chiusura accidentale brevettate e richiudibili<br \/>\nManiglie di sollevamento brevettate richiudibili<br \/>\nPianetto portattrezzi\/portapacchi portata Kg 15<br \/>\nPiattaforma in allumino nervato cm 45&#215;50<br \/>\nRotelle di trasporto in pvc \u00d8 mm 150<br \/>\nGuarda-corpo cm 80<br \/>\nCorrimano di salita<br \/>\nBarre di rinforzo antiflessione sui gradini pi\u00f9 lunghi<br \/>\nTamponi in gomma ergonomici maggiorati antisdrucciolo per la massima aderenza al suolo<br \/>\nImballo in termoretraibile con poster<br \/>\nGradini piani antisdrucciolo cm 8<br \/>\nPortata kg 150<br \/>\nEtichette e manuale d\u2019uso e manutenzione<br \/>\nCertificato di collaudo secondo le normative italiane ed europee<\/p>\n<h3>DIMENSIONI E MISURE<\/h3>\n\n<table id=\"tablepress-Vera\" class=\"tablepress tablepress-id-Vera\">\n<thead>\n<tr class=\"row-1 odd\">\n\t<th class=\"column-1\">Codice<\/th><th class=\"column-2\">Numero gradini<\/th><th class=\"column-3\">Altezza alla piattaforma m<\/th><th class=\"column-4\">Altezza totale m<\/th><th class=\"column-5\">Altezza di lavoro m<\/th><th class=\"column-6\">Ingombro di base cm<\/th><th class=\"column-7\">Larghezza di base cm<\/th><th class=\"column-8\">Peso Kg<\/th>\n<\/tr>\n<\/thead>\n<tbody class=\"row-hover\">\n<tr class=\"row-2 even\">\n\t<td class=\"column-1\">SVERA104<\/td><td class=\"column-2\">4<\/td><td class=\"column-3\">1,00<\/td><td class=\"column-4\">1,80<\/td><td class=\"column-5\">3,00<\/td><td class=\"column-6\">0,80x1,37<\/td><td class=\"column-7\">68<\/td><td class=\"column-8\">15,8<\/td>\n<\/tr>\n<tr class=\"row-3 odd\">\n\t<td class=\"column-1\">SVERA106<\/td><td class=\"column-2\">6<\/td><td class=\"column-3\">1,40<\/td><td class=\"column-4\">2,20<\/td><td class=\"column-5\">3,40<\/td><td class=\"column-6\">0,85x1,70<\/td><td class=\"column-7\">72<\/td><td class=\"column-8\">19,4<\/td>\n<\/tr>\n<tr class=\"row-4 even\">\n\t<td class=\"column-1\">SVERA108<\/td><td class=\"column-2\">8<\/td><td class=\"column-3\">1,90<\/td><td class=\"column-4\">2,70<\/td><td class=\"column-5\">3,90<\/td><td class=\"column-6\">0,85x2,06<\/td><td class=\"column-7\">76<\/td><td class=\"column-8\">22,8<\/td>\n<\/tr>\n<tr class=\"row-5 odd\">\n\t<td class=\"column-1\">SVERA110<\/td><td class=\"column-2\">10<\/td><td class=\"column-3\">2,30<\/td><td class=\"column-4\">3,10<\/td><td class=\"column-5\">4,30<\/td><td class=\"column-6\">0,90x2,40<\/td><td class=\"column-7\">80<\/td><td class=\"column-8\">26,0<\/td>\n<\/tr>\n<tr class=\"row-6 even\">\n\t<td class=\"column-1\">SVERA112<\/td><td class=\"column-2\">12<\/td><td class=\"column-3\">2,80<\/td><td class=\"column-4\">3,60<\/td><td class=\"column-5\">4,80<\/td><td class=\"column-6\">0,94x2,80<\/td><td class=\"column-7\">84<\/td><td class=\"column-8\">29,0<\/td>\n<\/tr>\n<\/tbody>\n<\/table>\n<!-- #tablepress-Vera from cache -->\n<h3>IMMAGINI<\/h3>\n<figure id=\"attachment_4243\" aria-describedby=\"caption-attachment-4243\" style=\"width: 221px\" class=\"wp-caption alignnone\"><a href=\"https:\/\/www.scaleinalluminio.it\/wp-content\/uploads\/scala_salita_singola_alluminio_vera_14.webp\"><img loading=\"lazy\" decoding=\"async\" src=\"https:\/\/www.scaleinalluminio.it\/wp-content\/uploads\/scala_salita_singola_alluminio_vera_14-221x300.webp\" alt=\"Scala alluminio con ruote salita singola Vera\" width=\"221\" height=\"300\" class=\"size-medium wp-image-4243\" srcset=\"https:\/\/www.scaleinalluminio.it\/wp-content\/uploads\/scala_salita_singola_alluminio_vera_14-221x300.webp 221w, https:\/\/www.scaleinalluminio.it\/wp-content\/uploads\/scala_salita_singola_alluminio_vera_14-324x440.webp 324w, https:\/\/www.scaleinalluminio.it\/wp-content\/uploads\/scala_salita_singola_alluminio_vera_14-416x564.webp 416w, https:\/\/www.scaleinalluminio.it\/wp-content\/uploads\/scala_salita_singola_alluminio_vera_14.webp 737w\" sizes=\"auto, (max-width: 221px) 100vw, 221px\" \/><\/a><figcaption id=\"caption-attachment-4243\" class=\"wp-caption-text\">Scala alluminio con ruote salita singola Vera<\/figcaption><\/figure>\n<figure id=\"attachment_4244\" aria-describedby=\"caption-attachment-4244\" style=\"width: 156px\" class=\"wp-caption alignnone\"><a href=\"https:\/\/www.scaleinalluminio.it\/wp-content\/uploads\/scala_salita_singola_alluminio_vera_13.webp\"><img loading=\"lazy\" decoding=\"async\" src=\"https:\/\/www.scaleinalluminio.it\/wp-content\/uploads\/scala_salita_singola_alluminio_vera_13-156x300.webp\" alt=\"Scala alluminio con ruote salita singola Vera\" width=\"156\" height=\"300\" class=\"size-medium wp-image-4244\" srcset=\"https:\/\/www.scaleinalluminio.it\/wp-content\/uploads\/scala_salita_singola_alluminio_vera_13-156x300.webp 156w, https:\/\/www.scaleinalluminio.it\/wp-content\/uploads\/scala_salita_singola_alluminio_vera_13-324x621.webp 324w, https:\/\/www.scaleinalluminio.it\/wp-content\/uploads\/scala_salita_singola_alluminio_vera_13-416x798.webp 416w, https:\/\/www.scaleinalluminio.it\/wp-content\/uploads\/scala_salita_singola_alluminio_vera_13.webp 500w\" sizes=\"auto, (max-width: 156px) 100vw, 156px\" \/><\/a><figcaption id=\"caption-attachment-4244\" class=\"wp-caption-text\">Scala alluminio con ruote salita singola Vera<\/figcaption><\/figure>\n<figure id=\"attachment_4245\" aria-describedby=\"caption-attachment-4245\" style=\"width: 245px\" class=\"wp-caption alignnone\"><a href=\"https:\/\/www.scaleinalluminio.it\/wp-content\/uploads\/scala_salita_singola_alluminio_vera_12.webp\"><img loading=\"lazy\" decoding=\"async\" src=\"https:\/\/www.scaleinalluminio.it\/wp-content\/uploads\/scala_salita_singola_alluminio_vera_12-245x300.webp\" alt=\"Scala alluminio con ruote salita singola Vera\" width=\"245\" height=\"300\" class=\"size-medium wp-image-4245\" srcset=\"https:\/\/www.scaleinalluminio.it\/wp-content\/uploads\/scala_salita_singola_alluminio_vera_12-245x300.webp 245w, https:\/\/www.scaleinalluminio.it\/wp-content\/uploads\/scala_salita_singola_alluminio_vera_12-768x939.webp 768w, https:\/\/www.scaleinalluminio.it\/wp-content\/uploads\/scala_salita_singola_alluminio_vera_12-324x396.webp 324w, https:\/\/www.scaleinalluminio.it\/wp-content\/uploads\/scala_salita_singola_alluminio_vera_12-416x509.webp 416w, https:\/\/www.scaleinalluminio.it\/wp-content\/uploads\/scala_salita_singola_alluminio_vera_12.webp 818w\" sizes=\"auto, (max-width: 245px) 100vw, 245px\" \/><\/a><figcaption id=\"caption-attachment-4245\" class=\"wp-caption-text\">Scala alluminio con ruote salita singola Vera<\/figcaption><\/figure>\n<figure id=\"attachment_4246\" aria-describedby=\"caption-attachment-4246\" style=\"width: 137px\" class=\"wp-caption alignnone\"><a href=\"https:\/\/www.scaleinalluminio.it\/wp-content\/uploads\/scala_salita_singola_alluminio_vera_11.webp\"><img loading=\"lazy\" decoding=\"async\" src=\"https:\/\/www.scaleinalluminio.it\/wp-content\/uploads\/scala_salita_singola_alluminio_vera_11-137x300.webp\" alt=\"Scala alluminio con ruote salita singola Vera\" width=\"137\" height=\"300\" class=\"size-medium wp-image-4246\" srcset=\"https:\/\/www.scaleinalluminio.it\/wp-content\/uploads\/scala_salita_singola_alluminio_vera_11-137x300.webp 137w, https:\/\/www.scaleinalluminio.it\/wp-content\/uploads\/scala_salita_singola_alluminio_vera_11-324x709.webp 324w, https:\/\/www.scaleinalluminio.it\/wp-content\/uploads\/scala_salita_singola_alluminio_vera_11-416x910.webp 416w, https:\/\/www.scaleinalluminio.it\/wp-content\/uploads\/scala_salita_singola_alluminio_vera_11.webp 457w\" sizes=\"auto, (max-width: 137px) 100vw, 137px\" \/><\/a><figcaption id=\"caption-attachment-4246\" class=\"wp-caption-text\">Scala alluminio con ruote salita singola Vera<\/figcaption><\/figure>\n<figure id=\"attachment_4247\" aria-describedby=\"caption-attachment-4247\" style=\"width: 300px\" class=\"wp-caption alignnone\"><a href=\"https:\/\/www.scaleinalluminio.it\/wp-content\/uploads\/scala_salita_singola_alluminio_vera_10.webp\"><img loading=\"lazy\" decoding=\"async\" src=\"https:\/\/www.scaleinalluminio.it\/wp-content\/uploads\/scala_salita_singola_alluminio_vera_10-300x275.webp\" alt=\"Scala alluminio con ruote salita singola Vera\" width=\"300\" height=\"275\" class=\"size-medium wp-image-4247\" srcset=\"https:\/\/www.scaleinalluminio.it\/wp-content\/uploads\/scala_salita_singola_alluminio_vera_10-300x275.webp 300w, https:\/\/www.scaleinalluminio.it\/wp-content\/uploads\/scala_salita_singola_alluminio_vera_10-768x705.webp 768w, https:\/\/www.scaleinalluminio.it\/wp-content\/uploads\/scala_salita_singola_alluminio_vera_10-324x297.webp 324w, https:\/\/www.scaleinalluminio.it\/wp-content\/uploads\/scala_salita_singola_alluminio_vera_10-416x382.webp 416w, https:\/\/www.scaleinalluminio.it\/wp-content\/uploads\/scala_salita_singola_alluminio_vera_10.webp 900w\" sizes=\"auto, (max-width: 300px) 100vw, 300px\" \/><\/a><figcaption id=\"caption-attachment-4247\" class=\"wp-caption-text\">Scala alluminio con ruote salita singola Vera<\/figcaption><\/figure>\n<figure id=\"attachment_4248\" aria-describedby=\"caption-attachment-4248\" style=\"width: 300px\" class=\"wp-caption alignnone\"><a href=\"https:\/\/www.scaleinalluminio.it\/wp-content\/uploads\/scala_salita_singola_alluminio_vera_9.webp\"><img loading=\"lazy\" decoding=\"async\" src=\"https:\/\/www.scaleinalluminio.it\/wp-content\/uploads\/scala_salita_singola_alluminio_vera_9-300x223.webp\" alt=\"Scala alluminio con ruote salita singola Vera\" width=\"300\" height=\"223\" class=\"size-medium wp-image-4248\" srcset=\"https:\/\/www.scaleinalluminio.it\/wp-content\/uploads\/scala_salita_singola_alluminio_vera_9-300x223.webp 300w, https:\/\/www.scaleinalluminio.it\/wp-content\/uploads\/scala_salita_singola_alluminio_vera_9-324x240.webp 324w, https:\/\/www.scaleinalluminio.it\/wp-content\/uploads\/scala_salita_singola_alluminio_vera_9-416x309.webp 416w, https:\/\/www.scaleinalluminio.it\/wp-content\/uploads\/scala_salita_singola_alluminio_vera_9.webp 600w\" sizes=\"auto, (max-width: 300px) 100vw, 300px\" \/><\/a><figcaption id=\"caption-attachment-4248\" class=\"wp-caption-text\">Scala alluminio con ruote salita singola Vera<\/figcaption><\/figure>\n<figure id=\"attachment_4249\" aria-describedby=\"caption-attachment-4249\" style=\"width: 272px\" class=\"wp-caption alignnone\"><a href=\"https:\/\/www.scaleinalluminio.it\/wp-content\/uploads\/scala_salita_singola_alluminio_vera_8.webp\"><img loading=\"lazy\" decoding=\"async\" src=\"https:\/\/www.scaleinalluminio.it\/wp-content\/uploads\/scala_salita_singola_alluminio_vera_8-272x300.webp\" alt=\"Scala alluminio con ruote salita singola Vera\" width=\"272\" height=\"300\" class=\"size-medium wp-image-4249\" srcset=\"https:\/\/www.scaleinalluminio.it\/wp-content\/uploads\/scala_salita_singola_alluminio_vera_8-272x300.webp 272w, https:\/\/www.scaleinalluminio.it\/wp-content\/uploads\/scala_salita_singola_alluminio_vera_8-768x849.webp 768w, https:\/\/www.scaleinalluminio.it\/wp-content\/uploads\/scala_salita_singola_alluminio_vera_8-324x358.webp 324w, https:\/\/www.scaleinalluminio.it\/wp-content\/uploads\/scala_salita_singola_alluminio_vera_8-416x460.webp 416w, https:\/\/www.scaleinalluminio.it\/wp-content\/uploads\/scala_salita_singola_alluminio_vera_8.webp 905w\" sizes=\"auto, (max-width: 272px) 100vw, 272px\" \/><\/a><figcaption id=\"caption-attachment-4249\" class=\"wp-caption-text\">Scala alluminio con ruote salita singola Vera<\/figcaption><\/figure>\n<figure id=\"attachment_4250\" aria-describedby=\"caption-attachment-4250\" style=\"width: 295px\" class=\"wp-caption alignnone\"><a href=\"https:\/\/www.scaleinalluminio.it\/wp-content\/uploads\/scala_salita_singola_alluminio_vera_7.webp\"><img loading=\"lazy\" decoding=\"async\" src=\"https:\/\/www.scaleinalluminio.it\/wp-content\/uploads\/scala_salita_singola_alluminio_vera_7-295x300.webp\" alt=\"Scala alluminio con ruote salita singola Vera\" width=\"295\" height=\"300\" class=\"size-medium wp-image-4250\" srcset=\"https:\/\/www.scaleinalluminio.it\/wp-content\/uploads\/scala_salita_singola_alluminio_vera_7-295x300.webp 295w, https:\/\/www.scaleinalluminio.it\/wp-content\/uploads\/scala_salita_singola_alluminio_vera_7-768x782.webp 768w, https:\/\/www.scaleinalluminio.it\/wp-content\/uploads\/scala_salita_singola_alluminio_vera_7-324x330.webp 324w, https:\/\/www.scaleinalluminio.it\/wp-content\/uploads\/scala_salita_singola_alluminio_vera_7-416x424.webp 416w, https:\/\/www.scaleinalluminio.it\/wp-content\/uploads\/scala_salita_singola_alluminio_vera_7.webp 928w\" sizes=\"auto, (max-width: 295px) 100vw, 295px\" \/><\/a><figcaption id=\"caption-attachment-4250\" class=\"wp-caption-text\">Scala alluminio con ruote salita singola Vera<\/figcaption><\/figure>\n<figure id=\"attachment_4251\" aria-describedby=\"caption-attachment-4251\" style=\"width: 209px\" class=\"wp-caption alignnone\"><a href=\"https:\/\/www.scaleinalluminio.it\/wp-content\/uploads\/scala_salita_singola_alluminio_vera_6.webp\"><img loading=\"lazy\" decoding=\"async\" src=\"https:\/\/www.scaleinalluminio.it\/wp-content\/uploads\/scala_salita_singola_alluminio_vera_6-209x300.webp\" alt=\"Scala alluminio con ruote salita singola Vera\" width=\"209\" height=\"300\" class=\"size-medium wp-image-4251\" srcset=\"https:\/\/www.scaleinalluminio.it\/wp-content\/uploads\/scala_salita_singola_alluminio_vera_6-209x300.webp 209w, https:\/\/www.scaleinalluminio.it\/wp-content\/uploads\/scala_salita_singola_alluminio_vera_6-324x466.webp 324w, https:\/\/www.scaleinalluminio.it\/wp-content\/uploads\/scala_salita_singola_alluminio_vera_6-416x599.webp 416w, https:\/\/www.scaleinalluminio.it\/wp-content\/uploads\/scala_salita_singola_alluminio_vera_6.webp 695w\" sizes=\"auto, (max-width: 209px) 100vw, 209px\" \/><\/a><figcaption id=\"caption-attachment-4251\" class=\"wp-caption-text\">Scala alluminio con ruote salita singola Vera<\/figcaption><\/figure>\n<figure id=\"attachment_4252\" aria-describedby=\"caption-attachment-4252\" style=\"width: 300px\" class=\"wp-caption alignnone\"><a href=\"https:\/\/www.scaleinalluminio.it\/wp-content\/uploads\/scala_salita_singola_alluminio_vera_5.webp\"><img loading=\"lazy\" decoding=\"async\" src=\"https:\/\/www.scaleinalluminio.it\/wp-content\/uploads\/scala_salita_singola_alluminio_vera_5-300x291.webp\" alt=\"Scala alluminio con ruote salita singola Vera\" width=\"300\" height=\"291\" class=\"size-medium wp-image-4252\" srcset=\"https:\/\/www.scaleinalluminio.it\/wp-content\/uploads\/scala_salita_singola_alluminio_vera_5-300x291.webp 300w, https:\/\/www.scaleinalluminio.it\/wp-content\/uploads\/scala_salita_singola_alluminio_vera_5-768x746.webp 768w, https:\/\/www.scaleinalluminio.it\/wp-content\/uploads\/scala_salita_singola_alluminio_vera_5-324x315.webp 324w, https:\/\/www.scaleinalluminio.it\/wp-content\/uploads\/scala_salita_singola_alluminio_vera_5-416x404.webp 416w, https:\/\/www.scaleinalluminio.it\/wp-content\/uploads\/scala_salita_singola_alluminio_vera_5.webp 900w\" sizes=\"auto, (max-width: 300px) 100vw, 300px\" \/><\/a><figcaption id=\"caption-attachment-4252\" class=\"wp-caption-text\">Scala alluminio con ruote salita singola Vera<\/figcaption><\/figure>\n<figure id=\"attachment_4253\" aria-describedby=\"caption-attachment-4253\" style=\"width: 177px\" class=\"wp-caption alignnone\"><a href=\"https:\/\/www.scaleinalluminio.it\/wp-content\/uploads\/scala_salita_singola_alluminio_vera_4.webp\"><img loading=\"lazy\" decoding=\"async\" src=\"https:\/\/www.scaleinalluminio.it\/wp-content\/uploads\/scala_salita_singola_alluminio_vera_4-177x300.webp\" alt=\"Scala alluminio con ruote salita singola Vera\" width=\"177\" height=\"300\" class=\"size-medium wp-image-4253\" srcset=\"https:\/\/www.scaleinalluminio.it\/wp-content\/uploads\/scala_salita_singola_alluminio_vera_4-177x300.webp 177w, https:\/\/www.scaleinalluminio.it\/wp-content\/uploads\/scala_salita_singola_alluminio_vera_4-324x550.webp 324w, https:\/\/www.scaleinalluminio.it\/wp-content\/uploads\/scala_salita_singola_alluminio_vera_4-416x706.webp 416w, https:\/\/www.scaleinalluminio.it\/wp-content\/uploads\/scala_salita_singola_alluminio_vera_4.webp 589w\" sizes=\"auto, (max-width: 177px) 100vw, 177px\" \/><\/a><figcaption id=\"caption-attachment-4253\" class=\"wp-caption-text\">Scala alluminio con ruote salita singola Vera<\/figcaption><\/figure>\n<figure id=\"attachment_4254\" aria-describedby=\"caption-attachment-4254\" style=\"width: 221px\" class=\"wp-caption alignnone\"><a href=\"https:\/\/www.scaleinalluminio.it\/wp-content\/uploads\/scala_salita_singola_alluminio_vera_2_.webp\"><img loading=\"lazy\" decoding=\"async\" src=\"https:\/\/www.scaleinalluminio.it\/wp-content\/uploads\/scala_salita_singola_alluminio_vera_2_-221x300.webp\" alt=\"Scala alluminio con ruote salita singola Vera\" width=\"221\" height=\"300\" class=\"size-medium wp-image-4254\" srcset=\"https:\/\/www.scaleinalluminio.it\/wp-content\/uploads\/scala_salita_singola_alluminio_vera_2_-221x300.webp 221w, https:\/\/www.scaleinalluminio.it\/wp-content\/uploads\/scala_salita_singola_alluminio_vera_2_-324x440.webp 324w, https:\/\/www.scaleinalluminio.it\/wp-content\/uploads\/scala_salita_singola_alluminio_vera_2_-416x565.webp 416w, https:\/\/www.scaleinalluminio.it\/wp-content\/uploads\/scala_salita_singola_alluminio_vera_2_.webp 500w\" sizes=\"auto, (max-width: 221px) 100vw, 221px\" \/><\/a><figcaption id=\"caption-attachment-4254\" class=\"wp-caption-text\">Scala alluminio con ruote salita singola Vera<\/figcaption><\/figure>\n<figure id=\"attachment_4255\" aria-describedby=\"caption-attachment-4255\" style=\"width: 218px\" class=\"wp-caption alignnone\"><a href=\"https:\/\/www.scaleinalluminio.it\/wp-content\/uploads\/scala_salita_singola_alluminio_vera_1.webp\"><img loading=\"lazy\" decoding=\"async\" src=\"https:\/\/www.scaleinalluminio.it\/wp-content\/uploads\/scala_salita_singola_alluminio_vera_1-218x300.webp\" alt=\"Scala alluminio con ruote salita singola Vera\" width=\"218\" height=\"300\" class=\"size-medium wp-image-4255\" srcset=\"https:\/\/www.scaleinalluminio.it\/wp-content\/uploads\/scala_salita_singola_alluminio_vera_1-218x300.webp 218w, https:\/\/www.scaleinalluminio.it\/wp-content\/uploads\/scala_salita_singola_alluminio_vera_1-324x446.webp 324w, https:\/\/www.scaleinalluminio.it\/wp-content\/uploads\/scala_salita_singola_alluminio_vera_1-416x572.webp 416w, https:\/\/www.scaleinalluminio.it\/wp-content\/uploads\/scala_salita_singola_alluminio_vera_1.webp 727w\" sizes=\"auto, (max-width: 218px) 100vw, 218px\" \/><\/a><figcaption id=\"caption-attachment-4255\" class=\"wp-caption-text\">Scala alluminio con ruote salita singola Vera<\/figcaption><\/figure>\n","protected":false},"excerpt":{"rendered":"<p>Scala doppia salita singola 12 gradini per utilizzo intensivo, dotata di ampia piattaforma cm 45 x 50, guarda-corpo cm 80, maniglie di sollevamento richiudibili<\/p>\n","protected":false},"featured_media":4256,"template":"","meta":[],"product_cat":[834],"product_tag":[],"class_list":["post-4218","product","type-product","status-publish","has-post-thumbnail","hentry","product_cat-vera","product_shipping_class-dhl-ss-11-12","pa_altezza-piano-850","pa_ngradini-419"],"_links":{"self":[{"href":"https:\/\/www.scaleinalluminio.it\/ss\/wp-json\/wp\/v2\/product\/4218","targetHints":{"allow":["GET"]}}],"collection":[{"href":"https:\/\/www.scaleinalluminio.it\/ss\/wp-json\/wp\/v2\/product"}],"about":[{"href":"https:\/\/www.scaleinalluminio.it\/ss\/wp-json\/wp\/v2\/types\/product"}],"wp:featuredmedia":[{"embeddable":true,"href":"https:\/\/www.scaleinalluminio.it\/ss\/wp-json\/wp\/v2\/media\/4256"}],"wp:attachment":[{"href":"https:\/\/www.scaleinalluminio.it\/ss\/wp-json\/wp\/v2\/media?parent=4218"}],"wp:term":[{"taxonomy":"product_cat","embeddable":true,"href":"https:\/\/www.scaleinalluminio.it\/ss\/wp-json\/wp\/v2\/product_cat?post=4218"},{"taxonomy":"product_tag","embeddable":true,"href":"https:\/\/www.scaleinalluminio.it\/ss\/wp-json\/wp\/v2\/product_tag?post=4218"}],"curies":[{"name":"wp","href":"https:\/\/api.w.org\/{rel}","templated":true}]}}