{"id":4198,"date":"2011-03-28T18:07:38","date_gmt":"2011-03-28T16:07:38","guid":{"rendered":"https:\/\/www.scaleinalluminio.it\/ss2\/?post_type=product&#038;p=4198"},"modified":"2026-01-17T23:51:21","modified_gmt":"2026-01-17T22:51:21","slug":"tk7","status":"publish","type":"product","link":"https:\/\/www.scaleinalluminio.it\/ss\/tikal\/tk7","title":{"rendered":"Scala salita singola in alluminio Tikal 7 gradini"},"content":{"rendered":"<p>La scala in alluminio a salita singola modello TIKAL 7 gradini \u00e8 costruita in alluminio ed \u00e8 leggera e robusta; \u00e8 l&#8217;ideale per uso professionale e casalingo intenso. \u00c8 disponibile in sette modelli da modello a 3 gradini (altezza di 62 centimetri) al modello a 9 gradini (altezza 207 centimetri).<\/p>\n<p>La scala TIKAL 4 gradini, grazie alla pedana con chiusura di sicurezza, allo snodo rinforzato interamente in metallo, ai piedini antiscivolo che garantiscono un&#8217;ottima aderenza su qualsiasi superficie, rendono sicura ed agile la salita in ogni circostanza.<\/p>\n<p><figure id=\"attachment_4240\" aria-describedby=\"caption-attachment-4240\" style=\"width: 300px\" class=\"wp-caption alignnone\"><a href=\"https:\/\/www.scaleinalluminio.it\/wp-content\/uploads\/scale-salita-singola-misure.jpg\"><img loading=\"lazy\" decoding=\"async\" src=\"https:\/\/www.scaleinalluminio.it\/wp-content\/uploads\/scale-salita-singola-misure-300x180.jpg\" alt=\"Scala salita singola in alluminio Tikal misure\" width=\"300\" height=\"180\" class=\"size-medium wp-image-4240\" srcset=\"https:\/\/www.scaleinalluminio.it\/wp-content\/uploads\/scale-salita-singola-misure-300x180.jpg 300w, https:\/\/www.scaleinalluminio.it\/wp-content\/uploads\/scale-salita-singola-misure-324x194.jpg 324w, https:\/\/www.scaleinalluminio.it\/wp-content\/uploads\/scale-salita-singola-misure-416x250.jpg 416w, https:\/\/www.scaleinalluminio.it\/wp-content\/uploads\/scale-salita-singola-misure.jpg 500w\" sizes=\"auto, (max-width: 300px) 100vw, 300px\" \/><\/a><figcaption id=\"caption-attachment-4240\" class=\"wp-caption-text\">Scala salita singola in alluminio Tikal misure<\/figcaption><\/figure><br \/>\n\n<table id=\"tablepress-Tikal\" class=\"tablepress tablepress-id-Tikal\">\n<thead>\n<tr class=\"row-1 odd\">\n\t<th class=\"column-1\">numero gradini<\/th><th class=\"column-2\">altezza pedana cm (A)<\/th><th class=\"column-3\">altezza massima aperta cm (B)<\/th><th class=\"column-4\">altezza di lavoro cm (C)<\/th><th class=\"column-5\">Spessore cm (D)<\/th><th class=\"column-6\">Altezza chiusa cm (E)<\/th><th class=\"column-7\">Ingombro (F)<\/th><th class=\"column-8\">Larg. base cm<\/th><th class=\"column-9\">Peso (Kg)<\/th>\n<\/tr>\n<\/thead>\n<tbody class=\"row-hover\">\n<tr class=\"row-2 even\">\n\t<td class=\"column-1\">3 gradini<\/td><td class=\"column-2\">62<\/td><td class=\"column-3\">122<\/td><td class=\"column-4\">250<\/td><td class=\"column-5\">120<\/td><td class=\"column-6\">138<\/td><td class=\"column-7\">68,70<\/td><td class=\"column-8\">43,70<\/td><td class=\"column-9\">4,00<\/td>\n<\/tr>\n<tr class=\"row-3 odd\">\n\t<td class=\"column-1\">4 gradini<\/td><td class=\"column-2\">90<\/td><td class=\"column-3\">150<\/td><td class=\"column-4\">278<\/td><td class=\"column-5\">120<\/td><td class=\"column-6\">164<\/td><td class=\"column-7\">84,80<\/td><td class=\"column-8\">46,30<\/td><td class=\"column-9\">4,80<\/td>\n<\/tr>\n<tr class=\"row-4 even\">\n\t<td class=\"column-1\">5 gradini<\/td><td class=\"column-2\">112<\/td><td class=\"column-3\">172<\/td><td class=\"column-4\">300<\/td><td class=\"column-5\">120<\/td><td class=\"column-6\">188<\/td><td class=\"column-7\">100,80<\/td><td class=\"column-8\">48,50<\/td><td class=\"column-9\">5,80<\/td>\n<\/tr>\n<tr class=\"row-5 odd\">\n\t<td class=\"column-1\">6 gradini<\/td><td class=\"column-2\">137<\/td><td class=\"column-3\">197<\/td><td class=\"column-4\">318<\/td><td class=\"column-5\">120<\/td><td class=\"column-6\">212<\/td><td class=\"column-7\">116,50<\/td><td class=\"column-8\">51,40<\/td><td class=\"column-9\">6,80<\/td>\n<\/tr>\n<tr class=\"row-6 even\">\n\t<td class=\"column-1\">7 gradini<\/td><td class=\"column-2\">160<\/td><td class=\"column-3\">220<\/td><td class=\"column-4\">340<\/td><td class=\"column-5\">120<\/td><td class=\"column-6\">237<\/td><td class=\"column-7\">133,80<\/td><td class=\"column-8\">53,90<\/td><td class=\"column-9\">7,80<\/td>\n<\/tr>\n<tr class=\"row-7 odd\">\n\t<td class=\"column-1\">8 gradini<\/td><td class=\"column-2\">183<\/td><td class=\"column-3\">243<\/td><td class=\"column-4\">363<\/td><td class=\"column-5\">120<\/td><td class=\"column-6\">262<\/td><td class=\"column-7\">147,50<\/td><td class=\"column-8\">56,80<\/td><td class=\"column-9\">8,80<\/td>\n<\/tr>\n<tr class=\"row-8 even\">\n\t<td class=\"column-1\">9 gradini<\/td><td class=\"column-2\">207<\/td><td class=\"column-3\">268<\/td><td class=\"column-4\">383<\/td><td class=\"column-5\">120<\/td><td class=\"column-6\">286<\/td><td class=\"column-7\">164,50<\/td><td class=\"column-8\">58,70<\/td><td class=\"column-9\">9,80<\/td>\n<\/tr>\n<\/tbody>\n<\/table>\n<!-- #tablepress-Tikal from cache --><br \/>\nTutti i nostri prodotti sono concepiti per un uso domestico e professionale e vengono spediti, imballati, nuovi, con certificati, di garanzia, di corrispondenza alle normative italiane ed europee e corredati da documentazione relativa al corretto utilizzo. Per qualsiasi informazione tecnica o commerciale contattateci senza impegno utilizzando l&#8221;apposito form.<\/p>\n<p>Per qualsiasi informazione tecnica o commerciale contattateci senza impegno utilizzando l&#8221;apposito form.<\/p>\n<p>Tutte le nostre scale sono disponibili in pronta consegna a prezzo di fabbrica. Le scale professionali in alluminio a salita singola Tikal 3 gradini sono certificate EN131, e sono conformi all&#8221;utilizzo secondo le disposizioni anti infortunistica. Tutte le nostre scale professionali in alluminio sono spedite a mezzo corriere. Per informazioni relative ai costi di consegna, verranno calcolati automaticamente nell\u2019ordine di acquisto indicando la destinazione, oppure inviare una mail. Tutti i prezzi delle nostre scale professionali in alluminio si intendono imponibili. <\/p>\n","protected":false},"excerpt":{"rendered":"<p>Scala salita singola Tikal<br \/>\nAltezza piano: 160 cm;<br \/>\nAltezza scala aperta: 220 cm;<br \/>\nAltezza scala chiusa: 237 cm;<br \/>\nMontanti: 50 X 25 mm;<br \/>\nGradino: 80 mm (gradini ribordati);<br \/>\nPeso: 7.80 kg;<\/p>\n","protected":false},"featured_media":4315,"template":"","meta":[],"product_cat":[836],"product_tag":[],"class_list":["post-4198","product","type-product","status-publish","has-post-thumbnail","hentry","product_cat-tikal","product_shipping_class-dhl-ss-7-8","pa_altezza-piano-464","pa_certficazione-en-131","pa_ngradini-423"],"_links":{"self":[{"href":"https:\/\/www.scaleinalluminio.it\/ss\/wp-json\/wp\/v2\/product\/4198","targetHints":{"allow":["GET"]}}],"collection":[{"href":"https:\/\/www.scaleinalluminio.it\/ss\/wp-json\/wp\/v2\/product"}],"about":[{"href":"https:\/\/www.scaleinalluminio.it\/ss\/wp-json\/wp\/v2\/types\/product"}],"wp:featuredmedia":[{"embeddable":true,"href":"https:\/\/www.scaleinalluminio.it\/ss\/wp-json\/wp\/v2\/media\/4315"}],"wp:attachment":[{"href":"https:\/\/www.scaleinalluminio.it\/ss\/wp-json\/wp\/v2\/media?parent=4198"}],"wp:term":[{"taxonomy":"product_cat","embeddable":true,"href":"https:\/\/www.scaleinalluminio.it\/ss\/wp-json\/wp\/v2\/product_cat?post=4198"},{"taxonomy":"product_tag","embeddable":true,"href":"https:\/\/www.scaleinalluminio.it\/ss\/wp-json\/wp\/v2\/product_tag?post=4198"}],"curies":[{"name":"wp","href":"https:\/\/api.w.org\/{rel}","templated":true}]}}