{"id":3564,"date":"2021-06-17T12:51:00","date_gmt":"2021-06-17T10:51:00","guid":{"rendered":"https:\/\/www.scaleinalluminio.it\/sgabelli2\/?post_type=product&#038;p=3564"},"modified":"2026-01-10T15:39:58","modified_gmt":"2026-01-10T14:39:58","slug":"19902","status":"publish","type":"product","link":"https:\/\/www.scaleinalluminio.it\/sgabelli\/1990\/19902","title":{"rendered":"Sgabelli componibili in alluminio 2 gradini"},"content":{"rendered":"<p>Sgabelli componibili in alluminio 2 gradini<br \/>\nFisso saldato ad elevata capacita di carico a composizione modulare<br \/>\nDue versioni<br \/>\nVersione con pedane in profilato di alluminio<br \/>\nVersione 1990S con pedane in lamiera mandorlata<br \/>\nAmpli gradini profondi 200 mm antiscivolo con larghezza maggiorata a 50 cm<br \/>\nInteramente saldato in profili rettangolari ad elevata resistenza contro urti e sollecitazioni<br \/>\nSpessori dei profili maggiorati per garantire una elevata capacit\u00e0 di carico<br \/>\nPiedini in materiale sintetico anti-sdrucciolo<\/p>\n<p>Uno sgabello fisso molto stabile, permette un accesso comodo e sicuro a locali e piani rialzati in accordo con le principali normative Italiane ed Europee.<br \/>\nRealizzato in un ottica modulare dispone di diversi elementi di completamento attraverso il quale \u00e8 possibile realizzare differenti composizioni di gradinate,<br \/>\ncamminamenti rialzati, pedane o passerelle<\/p>\n<p>Certificazione UNI EN 14183<br \/>\nN.B. La normativa UNI EN 14183 richiede n\u00b04 piastre a terra anti-ribaltamento (vedere accessori sotto)<br \/>\nDue versioni VERSIONE BASE &#8211; VERSIONE S<\/p>\n<figure id=\"attachment_3851\" aria-describedby=\"caption-attachment-3851\" style=\"width: 300px\" class=\"wp-caption alignnone\"><a href=\"https:\/\/www.scaleinalluminio.it\/wp-content\/uploads\/F5E1494DC600E0E49B341C35905E70.pdf-Adobe-Acrobat-Pro.webp\"><img loading=\"lazy\" decoding=\"async\" class=\"size-medium wp-image-3851\" src=\"https:\/\/www.scaleinalluminio.it\/wp-content\/uploads\/F5E1494DC600E0E49B341C35905E70.pdf-Adobe-Acrobat-Pro-300x201.webp\" alt=\"Versione \u00abBase\u00bb Gradino realizzato in profilo di alluminio con tappi neri in pvc\" width=\"300\" height=\"201\" srcset=\"https:\/\/www.scaleinalluminio.it\/wp-content\/uploads\/F5E1494DC600E0E49B341C35905E70.pdf-Adobe-Acrobat-Pro-300x201.webp 300w, https:\/\/www.scaleinalluminio.it\/wp-content\/uploads\/F5E1494DC600E0E49B341C35905E70.pdf-Adobe-Acrobat-Pro.webp 402w\" sizes=\"auto, (max-width: 300px) 100vw, 300px\" \/><\/a><figcaption id=\"caption-attachment-3851\" class=\"wp-caption-text\">Versione \u00abBase\u00bb<br \/>Gradino realizzato in profilo di<br \/>alluminio con tappi neri in pvc<\/figcaption><\/figure>\n<figure id=\"attachment_3850\" aria-describedby=\"caption-attachment-3850\" style=\"width: 300px\" class=\"wp-caption alignnone\"><a href=\"https:\/\/www.scaleinalluminio.it\/wp-content\/uploads\/F5E1494DC65C00E0E49B3415905E70.pdf-Adobe-Acrobat-Pro.webp\"><img loading=\"lazy\" decoding=\"async\" class=\"size-medium wp-image-3850\" src=\"https:\/\/www.scaleinalluminio.it\/wp-content\/uploads\/F5E1494DC65C00E0E49B3415905E70.pdf-Adobe-Acrobat-Pro-300x128.webp\" alt=\"Versione \u00abS\u00bb Gradino realizzato in lamiera mandorlata con tappi in alluminio\" width=\"300\" height=\"128\" srcset=\"https:\/\/www.scaleinalluminio.it\/wp-content\/uploads\/F5E1494DC65C00E0E49B3415905E70.pdf-Adobe-Acrobat-Pro-300x128.webp 300w, https:\/\/www.scaleinalluminio.it\/wp-content\/uploads\/F5E1494DC65C00E0E49B3415905E70.pdf-Adobe-Acrobat-Pro.webp 376w\" sizes=\"auto, (max-width: 300px) 100vw, 300px\" \/><\/a><figcaption id=\"caption-attachment-3850\" class=\"wp-caption-text\">Versione \u00abS\u00bb<br \/>Gradino realizzato in lamiera<br \/>mandorlata con tappi in alluminio<\/figcaption><\/figure>\n<h3>PIATTAFORMA<\/h3>\n<p>Grande piattaforma di arrivo dimensioni cm. 50 x 40<br \/>\nRipiano terminale ampio e comodo svolgere<\/p>\n<figure id=\"attachment_3845\" aria-describedby=\"caption-attachment-3845\" style=\"width: 300px\" class=\"wp-caption alignnone\"><a href=\"https:\/\/www.scaleinalluminio.it\/wp-content\/uploads\/1990_3.webp\"><img loading=\"lazy\" decoding=\"async\" class=\"size-medium wp-image-3845\" src=\"https:\/\/www.scaleinalluminio.it\/wp-content\/uploads\/1990_3-300x222.webp\" alt=\"Grande piattaforma di arrivo dimensioni cm. 50 x 40\" width=\"300\" height=\"222\" srcset=\"https:\/\/www.scaleinalluminio.it\/wp-content\/uploads\/1990_3-300x222.webp 300w, https:\/\/www.scaleinalluminio.it\/wp-content\/uploads\/1990_3-768x568.webp 768w, https:\/\/www.scaleinalluminio.it\/wp-content\/uploads\/1990_3-416x308.webp 416w, https:\/\/www.scaleinalluminio.it\/wp-content\/uploads\/1990_3.webp 800w\" sizes=\"auto, (max-width: 300px) 100vw, 300px\" \/><\/a><figcaption id=\"caption-attachment-3845\" class=\"wp-caption-text\">Grande piattaforma di arrivo dimensioni cm. 50 x 40<\/figcaption><\/figure>\n<p>Struttura molto robusta con alta capacit\u00e0 di carico<br \/>\nTelaio in alluminio saldato con profili rettangoli a spessore maggiorato \u00e8 dotato di ampi gradini profondi 20 cm sostituibili<\/p>\n<figure id=\"attachment_3844\" aria-describedby=\"caption-attachment-3844\" style=\"width: 300px\" class=\"wp-caption alignnone\"><a href=\"https:\/\/www.scaleinalluminio.it\/wp-content\/uploads\/1990_2.webp\"><img loading=\"lazy\" decoding=\"async\" class=\"size-medium wp-image-3844\" src=\"https:\/\/www.scaleinalluminio.it\/wp-content\/uploads\/1990_2-300x230.webp\" alt=\"Struttura molto robusta con alta capacit\u00e0 di carico Telaio in alluminio saldato con profili rettangoli a spessore maggiorato \u00e8 dotato di ampi gradini profondi 20 cm sostituibili\" width=\"300\" height=\"230\" srcset=\"https:\/\/www.scaleinalluminio.it\/wp-content\/uploads\/1990_2-300x230.webp 300w, https:\/\/www.scaleinalluminio.it\/wp-content\/uploads\/1990_2-768x588.webp 768w, https:\/\/www.scaleinalluminio.it\/wp-content\/uploads\/1990_2-416x318.webp 416w, https:\/\/www.scaleinalluminio.it\/wp-content\/uploads\/1990_2.webp 800w\" sizes=\"auto, (max-width: 300px) 100vw, 300px\" \/><\/a><figcaption id=\"caption-attachment-3844\" class=\"wp-caption-text\">Struttura molto robusta con alta capacit\u00e0 di carico<br \/>Telaio in alluminio saldato con profili rettangoli a<br \/>spessore maggiorato \u00e8 dotato di ampi gradini profondi<br \/>20 cm sostituibili<\/figcaption><\/figure>\n<h3>MISURE<\/h3>\n<figure id=\"attachment_3846\" aria-describedby=\"caption-attachment-3846\" style=\"width: 800px\" class=\"wp-caption aligncenter\"><a href=\"https:\/\/www.scaleinalluminio.it\/wp-content\/uploads\/1990_4.webp\"><img loading=\"lazy\" decoding=\"async\" class=\"wp-image-3846 size-full\" src=\"https:\/\/www.scaleinalluminio.it\/wp-content\/uploads\/1990_4.webp\" alt=\"Sgabelli componibili in alluminio misure\" width=\"800\" height=\"311\" srcset=\"https:\/\/www.scaleinalluminio.it\/wp-content\/uploads\/1990_4.webp 800w, https:\/\/www.scaleinalluminio.it\/wp-content\/uploads\/1990_4-300x117.webp 300w, https:\/\/www.scaleinalluminio.it\/wp-content\/uploads\/1990_4-768x299.webp 768w, https:\/\/www.scaleinalluminio.it\/wp-content\/uploads\/1990_4-416x162.webp 416w\" sizes=\"auto, (max-width: 800px) 100vw, 800px\" \/><\/a><figcaption id=\"caption-attachment-3846\" class=\"wp-caption-text\">Sgabelli componibili in alluminio misure<\/figcaption><\/figure>\n\n<table id=\"tablepress-1990\" class=\"tablepress tablepress-id-1990\">\n<thead>\n<tr class=\"row-1 odd\">\n\t<th class=\"column-1\">MODELLO<\/th><th class=\"column-2\">H Altezza<br \/>\npiattaforma<\/th><th class=\"column-3\">Larghezza D.lgs 81<\/th><th class=\"column-4\">Larghezza EN14183<\/th><th class=\"column-5\">Lunghezza<\/th><th class=\"column-6\">PESO<\/th>\n<\/tr>\n<\/thead>\n<tbody class=\"row-hover\">\n<tr class=\"row-2 even\">\n\t<td class=\"column-1\">1990\/2<\/td><td class=\"column-2\">0.46<\/td><td class=\"column-3\">0.50<\/td><td class=\"column-4\">0.62<\/td><td class=\"column-5\">0.60<\/td><td class=\"column-6\">Kg 6.7<\/td>\n<\/tr>\n<tr class=\"row-3 odd\">\n\t<td class=\"column-1\">1990\/3<\/td><td class=\"column-2\">0.69<\/td><td class=\"column-3\">0.50<\/td><td class=\"column-4\">0.62<\/td><td class=\"column-5\">0.78<\/td><td class=\"column-6\">Kg 9.3<\/td>\n<\/tr>\n<tr class=\"row-4 even\">\n\t<td class=\"column-1\">1990\/4<\/td><td class=\"column-2\">0.92<\/td><td class=\"column-3\">0.50<\/td><td class=\"column-4\">0.62<\/td><td class=\"column-5\">1.0<\/td><td class=\"column-6\">Kg 12.0<\/td>\n<\/tr>\n<\/tbody>\n<\/table>\n<!-- #tablepress-1990 from cache -->\n<h3>ACCESSORI<\/h3>\n<figure id=\"attachment_3848\" aria-describedby=\"caption-attachment-3848\" style=\"width: 300px\" class=\"wp-caption alignnone\"><a href=\"https:\/\/www.scaleinalluminio.it\/wp-content\/uploads\/F5E1494DC65C00E0E49B341C35E70.pdf-Adobe-Acrobat-Pro.webp\"><img loading=\"lazy\" decoding=\"async\" class=\"size-medium wp-image-3848\" src=\"https:\/\/www.scaleinalluminio.it\/wp-content\/uploads\/F5E1494DC65C00E0E49B341C35E70.pdf-Adobe-Acrobat-Pro-300x128.webp\" alt=\"Ruote a carriola Permettono di spostare facilmente lo sgabello tipo carriola sollevandolo da un lato su due ruote\" width=\"300\" height=\"128\" srcset=\"https:\/\/www.scaleinalluminio.it\/wp-content\/uploads\/F5E1494DC65C00E0E49B341C35E70.pdf-Adobe-Acrobat-Pro-300x128.webp 300w, https:\/\/www.scaleinalluminio.it\/wp-content\/uploads\/F5E1494DC65C00E0E49B341C35E70.pdf-Adobe-Acrobat-Pro-416x177.webp 416w, https:\/\/www.scaleinalluminio.it\/wp-content\/uploads\/F5E1494DC65C00E0E49B341C35E70.pdf-Adobe-Acrobat-Pro.webp 451w\" sizes=\"auto, (max-width: 300px) 100vw, 300px\" \/><\/a><figcaption id=\"caption-attachment-3848\" class=\"wp-caption-text\">Ruote a carriola<br \/>Permettono di spostare<br \/>facilmente lo sgabello<br \/>tipo carriola sollevandolo<br \/>da un lato su due ruote<\/figcaption><\/figure>\n<figure id=\"attachment_3841\" aria-describedby=\"caption-attachment-3841\" style=\"width: 288px\" class=\"wp-caption alignnone\"><a href=\"https:\/\/www.scaleinalluminio.it\/wp-content\/uploads\/1990_6.webp\"><img loading=\"lazy\" decoding=\"async\" class=\"size-medium wp-image-3841\" src=\"https:\/\/www.scaleinalluminio.it\/wp-content\/uploads\/1990_6-288x300.webp\" alt=\"Aumenta la stabilit\u00e0 in accordo con le normative Europee EN 14183 Inoltre offre la possibilit\u00e0 di fissare lo sgabello al suolo N.B. Per conformit\u00e0 a norma europea EN 14183 sono necessarie n\u00b04 piastre di base\" width=\"288\" height=\"300\" srcset=\"https:\/\/www.scaleinalluminio.it\/wp-content\/uploads\/1990_6-288x300.webp 288w, https:\/\/www.scaleinalluminio.it\/wp-content\/uploads\/1990_6-768x800.webp 768w, https:\/\/www.scaleinalluminio.it\/wp-content\/uploads\/1990_6-416x433.webp 416w, https:\/\/www.scaleinalluminio.it\/wp-content\/uploads\/1990_6.webp 800w\" sizes=\"auto, (max-width: 288px) 100vw, 288px\" \/><\/a><figcaption id=\"caption-attachment-3841\" class=\"wp-caption-text\">Aumenta la stabilit\u00e0 in accordo con le normative Europee EN 14183<br \/>Inoltre offre la possibilit\u00e0 di fissare lo sgabello al suolo<br \/>N.B. Per conformit\u00e0 a norma europea EN 14183 sono necessarie n\u00b04 piastre di base<\/figcaption><\/figure>\n<figure id=\"attachment_3840\" aria-describedby=\"caption-attachment-3840\" style=\"width: 179px\" class=\"wp-caption alignnone\"><a href=\"https:\/\/www.scaleinalluminio.it\/wp-content\/uploads\/1990_5.webp\"><img loading=\"lazy\" decoding=\"async\" class=\"size-medium wp-image-3840\" src=\"https:\/\/www.scaleinalluminio.it\/wp-content\/uploads\/1990_5-179x300.webp\" alt=\"Corrimano laterale e parapetti realizzati in robusto tubo tondo di alluminio \u00d8 32 mm.\" width=\"179\" height=\"300\" srcset=\"https:\/\/www.scaleinalluminio.it\/wp-content\/uploads\/1990_5-179x300.webp 179w, https:\/\/www.scaleinalluminio.it\/wp-content\/uploads\/1990_5-611x1024.webp 611w, https:\/\/www.scaleinalluminio.it\/wp-content\/uploads\/1990_5-768x1287.webp 768w, https:\/\/www.scaleinalluminio.it\/wp-content\/uploads\/1990_5-416x697.webp 416w, https:\/\/www.scaleinalluminio.it\/wp-content\/uploads\/1990_5.webp 800w\" sizes=\"auto, (max-width: 179px) 100vw, 179px\" \/><\/a><figcaption id=\"caption-attachment-3840\" class=\"wp-caption-text\">Corrimano laterale e parapetti<br \/>realizzati in robusto tubo<br \/>tondo di alluminio \u00d8 32 mm.<\/figcaption><\/figure>\n<figure id=\"attachment_3849\" aria-describedby=\"caption-attachment-3849\" style=\"width: 300px\" class=\"wp-caption alignnone\"><a href=\"https:\/\/www.scaleinalluminio.it\/wp-content\/uploads\/F5E1494DC65C00E0E49B341C305E70.pdf-Adobe-Acrobat-Pro.webp\"><img loading=\"lazy\" decoding=\"async\" class=\"size-medium wp-image-3849\" src=\"https:\/\/www.scaleinalluminio.it\/wp-content\/uploads\/F5E1494DC65C00E0E49B341C305E70.pdf-Adobe-Acrobat-Pro-300x203.webp\" alt=\"Basetta stabilizzatrice anti-ribaltamento. Consente di mantenere la stabilit\u00e0 dello sgabello anche quando dotato di parapetti e corrimani senza la necessit\u00e0 di fissaggio a terra\" width=\"300\" height=\"203\" srcset=\"https:\/\/www.scaleinalluminio.it\/wp-content\/uploads\/F5E1494DC65C00E0E49B341C305E70.pdf-Adobe-Acrobat-Pro-300x203.webp 300w, https:\/\/www.scaleinalluminio.it\/wp-content\/uploads\/F5E1494DC65C00E0E49B341C305E70.pdf-Adobe-Acrobat-Pro.webp 369w\" sizes=\"auto, (max-width: 300px) 100vw, 300px\" \/><\/a><figcaption id=\"caption-attachment-3849\" class=\"wp-caption-text\">Basetta stabilizzatrice anti-ribaltamento<br \/>Consente di mantenere la stabilit\u00e0<br \/>dello sgabello anche quando dotato<br \/>di parapetti e corrimani senza la<br \/>necessit\u00e0 di fissaggio a terra<\/figcaption><\/figure>\n<h3>IMMAGINI<\/h3>\n<figure id=\"attachment_3843\" aria-describedby=\"caption-attachment-3843\" style=\"width: 192px\" class=\"wp-caption alignnone\"><a href=\"https:\/\/www.scaleinalluminio.it\/wp-content\/uploads\/1990_1.webp\"><img loading=\"lazy\" decoding=\"async\" class=\"size-medium wp-image-3843\" src=\"https:\/\/www.scaleinalluminio.it\/wp-content\/uploads\/1990_1-192x300.webp\" alt=\"Sgabelli componibili in alluminio 1990\" width=\"192\" height=\"300\" srcset=\"https:\/\/www.scaleinalluminio.it\/wp-content\/uploads\/1990_1-192x300.webp 192w, https:\/\/www.scaleinalluminio.it\/wp-content\/uploads\/1990_1-654x1024.webp 654w, https:\/\/www.scaleinalluminio.it\/wp-content\/uploads\/1990_1-768x1202.webp 768w, https:\/\/www.scaleinalluminio.it\/wp-content\/uploads\/1990_1-416x651.webp 416w, https:\/\/www.scaleinalluminio.it\/wp-content\/uploads\/1990_1.webp 800w\" sizes=\"auto, (max-width: 192px) 100vw, 192px\" \/><\/a><figcaption id=\"caption-attachment-3843\" class=\"wp-caption-text\">Sgabelli componibili in alluminio 1990<\/figcaption><\/figure>\n<h3>Esempi di composizioni realizzabili<\/h3>\n<figure id=\"attachment_3573\" aria-describedby=\"caption-attachment-3573\" style=\"width: 300px\" class=\"wp-caption alignnone\"><a href=\"https:\/\/www.scaleinalluminio.it\/wp-content\/uploads\/sgabelli_componibili_alluminio_esempi_configurazioni_1.jpg\"><img loading=\"lazy\" decoding=\"async\" class=\"size-medium wp-image-3573\" src=\"https:\/\/www.scaleinalluminio.it\/wp-content\/uploads\/sgabelli_componibili_alluminio_esempi_configurazioni_1-300x195.jpg\" alt=\"Sgabelli componibili in alluminio esempi configurazioni componibili\" width=\"300\" height=\"195\" srcset=\"https:\/\/www.scaleinalluminio.it\/wp-content\/uploads\/sgabelli_componibili_alluminio_esempi_configurazioni_1-300x195.jpg 300w, https:\/\/www.scaleinalluminio.it\/wp-content\/uploads\/sgabelli_componibili_alluminio_esempi_configurazioni_1.jpg 414w\" sizes=\"auto, (max-width: 300px) 100vw, 300px\" \/><\/a><figcaption id=\"caption-attachment-3573\" class=\"wp-caption-text\">Sgabelli componibili in alluminio esempi configurazioni componibili<\/figcaption><\/figure>\n<figure id=\"attachment_3572\" aria-describedby=\"caption-attachment-3572\" style=\"width: 300px\" class=\"wp-caption alignnone\"><a href=\"https:\/\/www.scaleinalluminio.it\/wp-content\/uploads\/sgabelli_componibili_alluminio_esempi_configurazioni_2.jpg\"><img loading=\"lazy\" decoding=\"async\" class=\"size-medium wp-image-3572\" src=\"https:\/\/www.scaleinalluminio.it\/wp-content\/uploads\/sgabelli_componibili_alluminio_esempi_configurazioni_2-300x254.jpg\" alt=\"Sgabelli componibili in alluminio esempi configurazioni componibili\" width=\"300\" height=\"254\" srcset=\"https:\/\/www.scaleinalluminio.it\/wp-content\/uploads\/sgabelli_componibili_alluminio_esempi_configurazioni_2-300x254.jpg 300w, https:\/\/www.scaleinalluminio.it\/wp-content\/uploads\/sgabelli_componibili_alluminio_esempi_configurazioni_2.jpg 321w\" sizes=\"auto, (max-width: 300px) 100vw, 300px\" \/><\/a><figcaption id=\"caption-attachment-3572\" class=\"wp-caption-text\">Sgabelli componibili in alluminio esempi configurazioni componibili<\/figcaption><\/figure>\n<figure id=\"attachment_3571\" aria-describedby=\"caption-attachment-3571\" style=\"width: 287px\" class=\"wp-caption alignnone\"><a href=\"https:\/\/www.scaleinalluminio.it\/wp-content\/uploads\/sgabelli_componibili_alluminio_esempi_configurazioni_3.jpg\"><img loading=\"lazy\" decoding=\"async\" class=\"size-full wp-image-3571\" src=\"https:\/\/www.scaleinalluminio.it\/wp-content\/uploads\/sgabelli_componibili_alluminio_esempi_configurazioni_3.jpg\" alt=\"Sgabelli componibili in alluminio esempi configurazioni componibili\" width=\"287\" height=\"210\" \/><\/a><figcaption id=\"caption-attachment-3571\" class=\"wp-caption-text\">Sgabelli componibili in alluminio esempi configurazioni componibili<\/figcaption><\/figure>\n<figure id=\"attachment_3570\" aria-describedby=\"caption-attachment-3570\" style=\"width: 300px\" class=\"wp-caption alignnone\"><a href=\"https:\/\/www.scaleinalluminio.it\/wp-content\/uploads\/sgabelli_componibili_alluminio_esempi_configurazioni_4.jpg\"><img loading=\"lazy\" decoding=\"async\" class=\"size-medium wp-image-3570\" src=\"https:\/\/www.scaleinalluminio.it\/wp-content\/uploads\/sgabelli_componibili_alluminio_esempi_configurazioni_4-300x201.jpg\" alt=\"Sgabelli componibili in alluminio esempi configurazioni componibili\" width=\"300\" height=\"201\" srcset=\"https:\/\/www.scaleinalluminio.it\/wp-content\/uploads\/sgabelli_componibili_alluminio_esempi_configurazioni_4-300x201.jpg 300w, https:\/\/www.scaleinalluminio.it\/wp-content\/uploads\/sgabelli_componibili_alluminio_esempi_configurazioni_4.jpg 363w\" sizes=\"auto, (max-width: 300px) 100vw, 300px\" \/><\/a><figcaption id=\"caption-attachment-3570\" class=\"wp-caption-text\">Sgabelli componibili in alluminio esempi configurazioni componibili<\/figcaption><\/figure>\n<figure id=\"attachment_3569\" aria-describedby=\"caption-attachment-3569\" style=\"width: 294px\" class=\"wp-caption alignnone\"><a href=\"https:\/\/www.scaleinalluminio.it\/wp-content\/uploads\/sgabelli_componibili_alluminio_esempi_configurazioni_5.jpg\"><img loading=\"lazy\" decoding=\"async\" class=\"size-full wp-image-3569\" src=\"https:\/\/www.scaleinalluminio.it\/wp-content\/uploads\/sgabelli_componibili_alluminio_esempi_configurazioni_5.jpg\" alt=\"Sgabelli componibili in alluminio esempi configurazioni componibili\" width=\"294\" height=\"197\" \/><\/a><figcaption id=\"caption-attachment-3569\" class=\"wp-caption-text\">Sgabelli componibili in alluminio esempi configurazioni componibili<\/figcaption><\/figure>\n<figure id=\"attachment_3568\" aria-describedby=\"caption-attachment-3568\" style=\"width: 300px\" class=\"wp-caption alignnone\"><a href=\"https:\/\/www.scaleinalluminio.it\/wp-content\/uploads\/sgabelli_componibili_alluminio_esempi_configurazioni_6.jpg\"><img loading=\"lazy\" decoding=\"async\" class=\"size-medium wp-image-3568\" src=\"https:\/\/www.scaleinalluminio.it\/wp-content\/uploads\/sgabelli_componibili_alluminio_esempi_configurazioni_6-300x201.jpg\" alt=\"Sgabelli componibili in alluminio esempi configurazioni componibili\" width=\"300\" height=\"201\" srcset=\"https:\/\/www.scaleinalluminio.it\/wp-content\/uploads\/sgabelli_componibili_alluminio_esempi_configurazioni_6-300x201.jpg 300w, https:\/\/www.scaleinalluminio.it\/wp-content\/uploads\/sgabelli_componibili_alluminio_esempi_configurazioni_6-416x279.jpg 416w, https:\/\/www.scaleinalluminio.it\/wp-content\/uploads\/sgabelli_componibili_alluminio_esempi_configurazioni_6.jpg 429w\" sizes=\"auto, (max-width: 300px) 100vw, 300px\" \/><\/a><figcaption id=\"caption-attachment-3568\" class=\"wp-caption-text\">Sgabelli componibili in alluminio esempi configurazioni componibili<\/figcaption><\/figure>\n<figure id=\"attachment_3567\" aria-describedby=\"caption-attachment-3567\" style=\"width: 300px\" class=\"wp-caption alignnone\"><a href=\"https:\/\/www.scaleinalluminio.it\/wp-content\/uploads\/sgabelli_componibili_alluminio_esempi_configurazioni_7.jpg\"><img loading=\"lazy\" decoding=\"async\" class=\"size-medium wp-image-3567\" src=\"https:\/\/www.scaleinalluminio.it\/wp-content\/uploads\/sgabelli_componibili_alluminio_esempi_configurazioni_7-300x239.jpg\" alt=\"Sgabelli componibili in alluminio esempi configurazioni componibili\" width=\"300\" height=\"239\" srcset=\"https:\/\/www.scaleinalluminio.it\/wp-content\/uploads\/sgabelli_componibili_alluminio_esempi_configurazioni_7-300x239.jpg 300w, https:\/\/www.scaleinalluminio.it\/wp-content\/uploads\/sgabelli_componibili_alluminio_esempi_configurazioni_7.jpg 414w\" sizes=\"auto, (max-width: 300px) 100vw, 300px\" \/><\/a><figcaption id=\"caption-attachment-3567\" class=\"wp-caption-text\">Sgabelli componibili in alluminio esempi configurazioni componibili<\/figcaption><\/figure>\n<h3>Elementi di completamento<\/h3>\n<figure id=\"attachment_3890\" aria-describedby=\"caption-attachment-3890\" style=\"width: 300px\" class=\"wp-caption alignnone\"><a href=\"https:\/\/www.scaleinalluminio.it\/wp-content\/uploads\/passerella_1_gradino_0.jpg\"><img loading=\"lazy\" decoding=\"async\" class=\"size-medium wp-image-3890\" src=\"https:\/\/www.scaleinalluminio.it\/wp-content\/uploads\/passerella_1_gradino_0-300x189.jpg\" alt=\"PASSERELLA N\u00b01 GRADINO\" width=\"300\" height=\"189\" srcset=\"https:\/\/www.scaleinalluminio.it\/wp-content\/uploads\/passerella_1_gradino_0-300x189.jpg 300w, https:\/\/www.scaleinalluminio.it\/wp-content\/uploads\/passerella_1_gradino_0-416x262.jpg 416w, https:\/\/www.scaleinalluminio.it\/wp-content\/uploads\/passerella_1_gradino_0.jpg 477w\" sizes=\"auto, (max-width: 300px) 100vw, 300px\" \/><\/a><figcaption id=\"caption-attachment-3890\" class=\"wp-caption-text\">PASSERELLA N\u00b01 GRADINO<\/figcaption><\/figure>\n<figure id=\"attachment_3885\" aria-describedby=\"caption-attachment-3885\" style=\"width: 223px\" class=\"wp-caption alignnone\"><a href=\"https:\/\/www.scaleinalluminio.it\/wp-content\/uploads\/pedana_4_gradini_0.jpg\"><img loading=\"lazy\" decoding=\"async\" class=\"size-medium wp-image-3885\" src=\"https:\/\/www.scaleinalluminio.it\/wp-content\/uploads\/pedana_4_gradini_0-223x300.jpg\" alt=\"PEDANA N\u00b04 GRADINI\" width=\"223\" height=\"300\" srcset=\"https:\/\/www.scaleinalluminio.it\/wp-content\/uploads\/pedana_4_gradini_0-223x300.jpg 223w, https:\/\/www.scaleinalluminio.it\/wp-content\/uploads\/pedana_4_gradini_0.jpg 300w\" sizes=\"auto, (max-width: 223px) 100vw, 223px\" \/><\/a><figcaption id=\"caption-attachment-3885\" class=\"wp-caption-text\">PEDANA N\u00b04 GRADINI<\/figcaption><\/figure>\n<figure id=\"attachment_3884\" aria-describedby=\"caption-attachment-3884\" style=\"width: 300px\" class=\"wp-caption alignnone\"><a href=\"https:\/\/www.scaleinalluminio.it\/wp-content\/uploads\/pedana_1_gradini_0.jpg\"><img loading=\"lazy\" decoding=\"async\" class=\"size-medium wp-image-3884\" src=\"https:\/\/www.scaleinalluminio.it\/wp-content\/uploads\/pedana_1_gradini_0-300x300.jpg\" alt=\"PEDANA N\u00b01 GRADINO\" width=\"300\" height=\"300\" srcset=\"https:\/\/www.scaleinalluminio.it\/wp-content\/uploads\/pedana_1_gradini_0-300x300.jpg 300w, https:\/\/www.scaleinalluminio.it\/wp-content\/uploads\/pedana_1_gradini_0-150x150.jpg 150w, https:\/\/www.scaleinalluminio.it\/wp-content\/uploads\/pedana_1_gradini_0-768x768.jpg 768w, https:\/\/www.scaleinalluminio.it\/wp-content\/uploads\/pedana_1_gradini_0-324x324.jpg 324w, https:\/\/www.scaleinalluminio.it\/wp-content\/uploads\/pedana_1_gradini_0-416x416.jpg 416w, https:\/\/www.scaleinalluminio.it\/wp-content\/uploads\/pedana_1_gradini_0-100x100.jpg 100w, https:\/\/www.scaleinalluminio.it\/wp-content\/uploads\/pedana_1_gradini_0.jpg 800w\" sizes=\"auto, (max-width: 300px) 100vw, 300px\" \/><\/a><figcaption id=\"caption-attachment-3884\" class=\"wp-caption-text\">PEDANA N\u00b01 GRADINO<\/figcaption><\/figure>\n<figure id=\"attachment_3883\" aria-describedby=\"caption-attachment-3883\" style=\"width: 276px\" class=\"wp-caption alignnone\"><a href=\"https:\/\/www.scaleinalluminio.it\/wp-content\/uploads\/pedana_2_gradini.jpg\"><img loading=\"lazy\" decoding=\"async\" class=\"size-medium wp-image-3883\" src=\"https:\/\/www.scaleinalluminio.it\/wp-content\/uploads\/pedana_2_gradini-276x300.jpg\" alt=\"PEDANA N\u00b02 GRADINI\" width=\"276\" height=\"300\" srcset=\"https:\/\/www.scaleinalluminio.it\/wp-content\/uploads\/pedana_2_gradini-276x300.jpg 276w, https:\/\/www.scaleinalluminio.it\/wp-content\/uploads\/pedana_2_gradini.jpg 300w\" sizes=\"auto, (max-width: 276px) 100vw, 276px\" \/><\/a><figcaption id=\"caption-attachment-3883\" class=\"wp-caption-text\">PEDANA N\u00b02 GRADINI<\/figcaption><\/figure>\n<figure id=\"attachment_3882\" aria-describedby=\"caption-attachment-3882\" style=\"width: 256px\" class=\"wp-caption alignnone\"><a href=\"https:\/\/www.scaleinalluminio.it\/wp-content\/uploads\/pedana_3_gradini_0.jpg\"><img loading=\"lazy\" decoding=\"async\" class=\"size-medium wp-image-3882\" src=\"https:\/\/www.scaleinalluminio.it\/wp-content\/uploads\/pedana_3_gradini_0-256x300.jpg\" alt=\"PEDANA N\u00b03 GRADINI\" width=\"256\" height=\"300\" srcset=\"https:\/\/www.scaleinalluminio.it\/wp-content\/uploads\/pedana_3_gradini_0-256x300.jpg 256w, https:\/\/www.scaleinalluminio.it\/wp-content\/uploads\/pedana_3_gradini_0.jpg 300w\" sizes=\"auto, (max-width: 256px) 100vw, 256px\" \/><\/a><figcaption id=\"caption-attachment-3882\" class=\"wp-caption-text\">PEDANA N\u00b03 GRADINI<\/figcaption><\/figure>\n","protected":false},"excerpt":{"rendered":"<p>Sgabelli componibili in alluminio 2 gradini. Fisso saldato ad elevata capacita di<br \/>\ncarico e a composizione modulare<\/p>\n","protected":false},"featured_media":3871,"template":"","meta":[],"product_cat":[732],"product_tag":[],"class_list":["post-3564","product","type-product","status-publish","has-post-thumbnail","hentry","product_cat-732","product_shipping_class-sda2","pa_altezza-piano-834","pa_gradini-alluminio-estruso-antiscivolo","pa_gradini-alluminio-grigliato","pa_ngradini-506","pa_pedana-pedana-500-x-400-mm"],"_links":{"self":[{"href":"https:\/\/www.scaleinalluminio.it\/sgabelli\/wp-json\/wp\/v2\/product\/3564","targetHints":{"allow":["GET"]}}],"collection":[{"href":"https:\/\/www.scaleinalluminio.it\/sgabelli\/wp-json\/wp\/v2\/product"}],"about":[{"href":"https:\/\/www.scaleinalluminio.it\/sgabelli\/wp-json\/wp\/v2\/types\/product"}],"wp:featuredmedia":[{"embeddable":true,"href":"https:\/\/www.scaleinalluminio.it\/sgabelli\/wp-json\/wp\/v2\/media\/3871"}],"wp:attachment":[{"href":"https:\/\/www.scaleinalluminio.it\/sgabelli\/wp-json\/wp\/v2\/media?parent=3564"}],"wp:term":[{"taxonomy":"product_cat","embeddable":true,"href":"https:\/\/www.scaleinalluminio.it\/sgabelli\/wp-json\/wp\/v2\/product_cat?post=3564"},{"taxonomy":"product_tag","embeddable":true,"href":"https:\/\/www.scaleinalluminio.it\/sgabelli\/wp-json\/wp\/v2\/product_tag?post=3564"}],"curies":[{"name":"wp","href":"https:\/\/api.w.org\/{rel}","templated":true}]}}