{"id":44,"date":"2025-06-25T21:41:45","date_gmt":"2025-06-25T19:41:45","guid":{"rendered":"https:\/\/www.scaleinalluminio.it\/test\/?post_type=product&#038;p=44"},"modified":"2026-01-13T16:17:10","modified_gmt":"2026-01-13T15:17:10","slug":"scale-retrattili-per-soffitte-e-sottotetti-rigida-70-x-120-h-4-00","status":"publish","type":"product","link":"https:\/\/www.scaleinalluminio.it\/retrattili\/uncategorized\/scale-retrattili-per-soffitte-e-sottotetti-rigida-70-x-120-h-4-00","title":{"rendered":"Scale retrattili per soffitte e sottotetti rigida 70 x 120  h 4.00"},"content":{"rendered":"<p>Scala retrattile per accedere a soffitte e sottotetti dotata di botola orizzontale a soffitto. Struttura zincata.<br \/>\nForo nel solaio: 70 x 120 cm. La scala per essere montata necessita di un foro con dimensioni 70 x 120.<br \/>Realizzata in 11 gradini   gradini aggiuntivi con struttura mobile in lamiera d&#8217;acciao stampata e zincata con spessore di 15\/10.<br \/>La scala retrattile \u00e8 corredata di molle per facilitare le operazioni di chiusura ed apertura.<br \/>Sul lato destro \u00e8 stato psizionato un corrimano telescopico realizzato in tubolare al fine di agevolare la salita e la discesa.<br \/>Nella parte superiore della botola vi sono dei maniglioni strutturali a cui aggrapparsi.<br \/>La cassa da fissare nel foro \u00e8 realizzata in lamiera d&#8217;acciaio zincata con spessore 10\/10.<br \/>Alla cassa \u00e8 fissato un pannello di legno truciolare a bassissima emissione di formaldeide.<br \/>A richiesta sono disponibili personalizzazioni come ad esempio pannello in multistrato oppure dimensioni ed altezze fuori catalogo.<br \/>ALTEZZA MASSIMA mt 4.00<\/p>\n<p><b>ATTENZIONE:<\/b> la misura minima del foro per l&#8217;installazione del secondo corrimano e del gradino maggiorato (35 x 10 cm) \u00e8 cm 70 x 90. Gradini e corrimano aggiuntivo sono gi\u00e0 compresi nel prezzo esposto. Per fori pi\u00f9 piccoli, e per questa tipologia, vi \u00e8 un solo corrimano ed il gradino \u00e8 da 25 x 10 cm.<br \/>La scala viene tagliata a misura fornita dal cliente (ad esempio altezza pavimento soffitto mt 2,70). Tuttavia una volta installata il cliente deve provvedere a regolare il fine corsa. Regolazione che viene fatta una sola volta.<br \/>Gli accessori disponibili:<\/p>\n<p>Conforme a UNI EN 14975:2007<\/p>\n<p><b>Per questi modelli di scale retrattili \u00e8 possibile realizzare formati fuori misura. <\/b>Per conoscere la fattibilit\u00e0 ed il relativo prezzo contattateci senza impegno utilizzando l&#8217;apposito <a href=\"https:\/\/www.scaleinalluminio.it\/contatti\" target=\"_blank\" rel=\"noopener\">form<\/a><\/p>\n<p>Le scala retrattili devono essere installate in maniera corretta nonch\u00e8 sottoposte sd una manutenzione periodica adeguata ed utilizzate secondo la loro destinazione d&#8217;uso.<br \/>Si raccomanda di rispettare tassativamente le avvertenze d\u2019uso e d\u2019installazione.<br \/>Non si risponde in caso di uso impropro, manomissione della scala, difetti d\u2019uso e d\u2019installazione.<br \/>La garanzia deve ritenersi valida solo e soltanto in relazione a prodotti installati ed utilizzati in modo appropriato.<\/p>\n<p>Le scale retrattili rigide in 4 pezzi 70 x 130 fuori misura sono state sottoposte a prove di resistenza e di carico in base al disposto della normativa citata da Societ\u00e0 di ingegneria certificata ISO 9001:2008.<\/p>\n<div class=\"pdf\">\n<li class=\"fa\"><a href=\"https:\/\/drive.google.com\/open?id=0B6cM4bL883eYT0JrM3Z1TVdYRjQ\" target=\"_blank\" class=\"fa fa-file-pdf-o\" title=\"Prove di resistenza su scala retrattile\" rel=\"noopener\"><\/a><\/li>\n<\/div>\n<p>Prova di carico statico<br \/>Prova di fatica su scala retrattile<br \/>Prova di torsione del gradino<br \/>Prova di piegatura del gradino<br \/>Prova del corrimano<\/p>\n<p>AVVERTENZE PER L&#8217;INSTALLAZIONE<br \/>&#8211; Evitare di installare la scala retrattile in prossimit\u00e0 di trombe di scale o altri dislivelli oltre il solaio di appoggio; verificare che la stessa possa sempre poggiare a terra.<br \/>&#8211; Il solaio ove poggai la scaladeve essere piano non disconnesso e non scivoloso.<br \/>&#8211; Questa scala retrattile \u00e8 idonea per ambienti interni e non umidi.<br \/>&#8211; E&#8217; tassativametne vietato montare questa tipologia su solai che comunicano con l&#8217;esterno.<br \/>&#8211; Il pannello della botola non deve subire modifiche ad eccezione di eventuali interventi di vernicatura dello stesso; si raccomanda di NON usare prodotti ad acqua.<br \/>&#8211; Questo modello di scala retrattile, come per altro tutti gli altri modelli, sono realizzate prevedendo un angolo di inclinazione di slita e discesa di 65\u00b0. Queato angolo non pu\u00f2 subire alcuna modifica.<br \/>&#8211; Prestare la massima attenzione che la botolo venga correttametne montata in modo tale da essere parallela al solaio. Utilizzare a tal proposito un bolla livellatrice. Questo al fine di evitare malfunzionamenti nellestrazione apertura e chiusura della stessa.<br \/>&#8211; La scala retrattile non abbisogna di lubrificazione. Non lubrificare per nessun motivo gli elementi che la compongono.<br \/>&#8211; La scala retrattile non deve essere murata.<br \/>&#8211; Prima del montaggio in loco accertarsi che il solaio ove deve essere posizionata sia robusto ed in grado di sorreggere la struttura; inserire la botola con direzione verso l&#8217;alto e bloccare la struttura a mezzo delle apposite staffe di bloccaggio.<br \/>&#8211; Questa tipologia di scale retrattili \u00e8 idonea solo per civili abitazioni.<br \/>&#8211; Nell&#8217;eventualit\u00e0 si debba installare in luoghi di lavoro vengono indicate specificatametne le misure 70 x 120 nonch\u00e8 70 x 130 cm.<br \/>&#8211; Le scale retrattili sono soggette a garanzia come per legge. Sono altres\u00ec coperte da assicurazione RCT (civile verso terzi).<\/p>\n<div class=\"pdf\">\n<li class=\"fa\"><a href=\"https:\/\/drive.google.com\/file\/d\/0B6cM4bL883eYcnhsakJRV1Zybjg\/view?usp=sharing\" target=\"_blank\" class=\"fa fa-file-pdf-o\" title=\"Scala retrattile per soffitte e sottotetti rigida in 4 segmenti misure 70 x 120 fuori misura\" rel=\"noopener\"><\/a><\/li>\n<\/div>\n<div id=\"dettagli_tecnici\"><img decoding=\"async\" src=\"\/sites\/scaleinalluminio.it\/files\/legenda_4pz.jpg\" alt=\"Scale retrattili per soffitte e sottotetti rientranti a scomparsa botola 70 x 130 orizzontale fuori misura\"><\/div>\n<p><em>Scale retarttili verniciate colore grigio chiaro con corrimano destro e pannello in truciolare<\/em><\/p>\n<div id=\"tabella\">\n<table border=\"1\">\n<thead>\n<tr>\n<th>Modello<\/th>\n<th>Dim. foro (A)<\/th>\n<th>Dim. foro (B)<\/th>\n<th>Dim. foro (D)<\/th>\n<th>Ingombro (C)<\/th>\n<th>Spazio necessario (S)<\/th>\n<th>Spessore solaio (E)<\/th>\n<\/tr>\n<\/thead>\n<tbody>\n<tr>\n<td><a>5090<\/a><\/td>\n<td>50 cm<\/td>\n<td>90 cm<\/td>\n<td>3 mt<\/td>\n<td>170 cm<\/td>\n<\/td>\n<td>140 cm<\/td>\n<td>27 cm<\/td>\n<\/tr>\n<tr>\n<td><a>50100<\/a><\/td>\n<td>50 cm<\/td>\n<td>100 cm<\/td>\n<td>3 mt<\/td>\n<td>170 cm<\/td>\n<\/td>\n<td>140 cm<\/td>\n<td>27 cm<\/td>\n<\/tr>\n<tr>\n<td><a>7090<\/a><\/td>\n<td>60\/70 cm<\/td>\n<td>90 cm<\/td>\n<td>3 mt<\/td>\n<td>170 cm<\/td>\n<\/td>\n<td>140 cm<\/td>\n<td>27 cm<\/td>\n<\/tr>\n<tr>\n<td><a>70100<\/a><\/td>\n<td>60\/70 cm<\/td>\n<td>100 cm<\/td>\n<td>3 mt<\/td>\n<td>170 cm<\/td>\n<\/td>\n<td>140 cm<\/td>\n<td>27 cm<\/td>\n<\/tr>\n<tr>\n<td><a>70120<\/a><\/td>\n<td>60\/70 cm<\/td>\n<td>120 cm<\/td>\n<td>3 mt<\/td>\n<td>170 cm<\/td>\n<\/td>\n<td>140 cm<\/td>\n<td>27 cm<\/td>\n<\/tr>\n<tr>\n<td><a>70130<\/a><\/td>\n<td>60\/70 cm<\/td>\n<td>130 cm<\/td>\n<td>3 mt<\/td>\n<td>170 cm<\/td>\n<\/td>\n<td>140 cm<\/td>\n<td>27 cm<\/td>\n<\/tr>\n<\/tbody>\n<\/table>\n<\/div>\n<p><em>Su richiesta \u00e8 possibile avere una scala zincata con altezze superiori ai 3 metri<\/em><\/p>\n<div id=\"tabella\">\n<table border=\"1\">\n<thead>\n<tr>\n<th>Modello<\/th>\n<th>Dim. foro (A)<\/th>\n<th>Dim. foro (B)<\/th>\n<th>Dim. foro (D)<\/th>\n<th>Ingombro (C)<\/th>\n<th>Spazio necessario (S)<\/th>\n<th>Spessore solaio (E)<\/th>\n<\/tr>\n<\/thead>\n<tbody>\n<tr>\n<td><a>35-70120<\/a><\/td>\n<td>70 cm<\/td>\n<td>120 cm<\/td>\n<td>3.5 mt<\/td>\n<td>170 cm<\/td>\n<\/td>\n<td>140 cm<\/td>\n<td>27 cm<\/td>\n<\/tr>\n<tr>\n<td><a>35-70130<\/a><\/td>\n<td>70 cm<\/td>\n<td>130 cm<\/td>\n<td>3.5 mt<\/td>\n<td>170 cm<\/td>\n<\/td>\n<td>140 cm<\/td>\n<td>27 cm<\/td>\n<\/tr>\n<tr>\n<td><a>40-70130<\/a><\/td>\n<td>70 cm<\/td>\n<td>130 cm<\/td>\n<td>4 mt<\/td>\n<td>170 cm<\/td>\n<\/td>\n<td>140 cm<\/td>\n<td>27 cm<\/td>\n<\/tr>\n<\/tbody>\n<\/table>\n<\/div>\n<p>table {width: 100%; border-collapse: collapse;}tr:nth-of-type(odd) {background: #EEEEEE;}th {background: #FF7000; color: #000000; font-weight: bold;}td, th {padding: 6px; border: 1px solid #ccc; text-align: left;}<\/p>\n<p>@media only screen and (min-width: 300px) and (max-width: 799px) {    table, thead, tbody, th, td, tr {display: block;}    thead tr {position: absolute; top: -9999px; left: -9999px;}    tr {border: 1px solid #CCCCCC; }    td {border: none; border-bottom: 1px solid #eee; position: relative; padding-left: 50%;}    td:before {position: absolute; top: 6px; left: 6px; width: 45%; padding-right: 10px; white-space: nowrap; text-align:left;}<\/p>\n<p>    td:nth-of-type(1):before { content: &#8220;Modello&#8221;; }    td:nth-of-type(2):before { content: &#8220;Dim. foro (A)&#8221;; }    td:nth-of-type(3):before { content: &#8220;Dim. foro (B)&#8221;; }    td:nth-of-type(4):before { content: &#8220;Dim. foro (D)&#8221;; }    td:nth-of-type(5):before { content: &#8220;Ingombro (C)&#8221;; }    td:nth-of-type(6):before { content: &#8220;Spazio necessario di manovra (S)&#8221;; }    td:nth-of-type(7):before { content: &#8220;Spessore solaio (E)&#8221;; }<\/p>\n<p>}<\/p>\n","protected":false},"excerpt":{"rendered":"<p>70 x 120<\/p>\n","protected":false},"featured_media":290,"template":"","meta":[],"product_cat":[15],"product_tag":[],"class_list":["post-44","product","type-product","status-publish","has-post-thumbnail","hentry","product_cat-uncategorized","product_shipping_class-pallex","pa_etichetta-spedizione-retrattili","pa_fr-67","pa_larghezza-foro-177","pa_lunghezza-foro-182"],"_links":{"self":[{"href":"https:\/\/www.scaleinalluminio.it\/retrattili\/wp-json\/wp\/v2\/product\/44","targetHints":{"allow":["GET"]}}],"collection":[{"href":"https:\/\/www.scaleinalluminio.it\/retrattili\/wp-json\/wp\/v2\/product"}],"about":[{"href":"https:\/\/www.scaleinalluminio.it\/retrattili\/wp-json\/wp\/v2\/types\/product"}],"wp:featuredmedia":[{"embeddable":true,"href":"https:\/\/www.scaleinalluminio.it\/retrattili\/wp-json\/wp\/v2\/media\/290"}],"wp:attachment":[{"href":"https:\/\/www.scaleinalluminio.it\/retrattili\/wp-json\/wp\/v2\/media?parent=44"}],"wp:term":[{"taxonomy":"product_cat","embeddable":true,"href":"https:\/\/www.scaleinalluminio.it\/retrattili\/wp-json\/wp\/v2\/product_cat?post=44"},{"taxonomy":"product_tag","embeddable":true,"href":"https:\/\/www.scaleinalluminio.it\/retrattili\/wp-json\/wp\/v2\/product_tag?post=44"}],"curies":[{"name":"wp","href":"https:\/\/api.w.org\/{rel}","templated":true}]}}