{"id":204,"date":"2025-06-25T21:41:51","date_gmt":"2025-06-25T19:41:51","guid":{"rendered":"https:\/\/www.scaleinalluminio.it\/test\/?post_type=product&#038;p=204"},"modified":"2026-01-13T16:22:25","modified_gmt":"2026-01-13T15:22:25","slug":"10435070130","status":"publish","type":"product","link":"https:\/\/www.scaleinalluminio.it\/retrattili\/r\/10435070130","title":{"rendered":"Scale retrattili per soffitte e sottotetti rigida 70 x 130 h 3.50"},"content":{"rendered":"<p>Scala retrattile per accedere a soffitte e sottotetti dotata di botola orizzontale a soffitto. Struttura zincata.<br \/>\nForo nel solaio: 70 x 130 cm. La scala per essere montata necessita di un foro con dimensioni 70 x 130.<br \/>\nRealizzata in 11 gradini gradini aggiuntivi con struttura mobile in lamiera d&#8217;acciao stampata e zincata con spessore di 15\/10.<br \/>\nLa scala retrattile \u00e8 corredata di molle per facilitare le operazioni di chiusura ed apertura.<br \/>\nSul lato destro \u00e8 stato psizionato un corrimano telescopico realizzato in tubolare al fine di agevolare la salita e la discesa.<br \/>\nNella parte superiore della botola vi sono dei maniglioni strutturali a cui aggrapparsi.<br \/>\nLa cassa da fissare nel foro \u00e8 realizzata in lamiera d&#8217;acciaio zincata con spessore 10\/10.<br \/>\nAlla cassa \u00e8 fissato un pannello di legno truciolare a bassissima emissione di formaldeide.<br \/>\nA richiesta sono disponibili personalizzazioni come ad esempio pannello in multistrato oppure dimensioni ed altezze fuori catalogo.<\/p>\n<p><b>ATTENZIONE:<\/b> la misura minima del foro per l&#8217;installazione del secondo corrimano e del gradino maggiorato (35 x 10 cm) \u00e8 cm 70 x 90. Gradini e corrimano aggiuntivo sono gi\u00e0 compresi nel prezzo esposto. Per fori pi\u00f9 piccoli, e per questa tipologia, vi \u00e8 un solo corrimano ed il gradino \u00e8 da 25 x 10 cm.<br \/>\nLa scala viene tagliata a misura fornita dal cliente (ad esempio altezza pavimento soffitto mt 2,70). Tuttavia una volta installata il cliente deve provvedere a regolare il fine corsa. Regolazione che viene fatta una sola volta.<br \/>\nGli accessori disponibili:<\/p>\n<p>Conforme a UNI EN 14975:2007<\/p>\n<p><b>Per questi modelli di scale retrattili \u00e8 possibile realizzare formati fuori misura. <\/b>Per conoscere la fattibilit\u00e0 ed il relativo prezzo contattateci senza impegno utilizzando l&#8217;apposito <a href=\"https:\/\/www.scaleinalluminio.it\/contatti\" target=\"_blank\" rel=\"noopener\">form<\/a><\/p>\n<p>Le scala retrattili devono essere installate in maniera corretta nonch\u00e8 sottoposte sd una manutenzione periodica adeguata ed utilizzate secondo la loro destinazione d&#8217;uso.<br \/>\nSi raccomanda di rispettare tassativamente le avvertenze d\u2019uso e d\u2019installazione.<br \/>\nNon si risponde in caso di uso impropro, manomissione della scala, difetti d\u2019uso e d\u2019installazione.<br \/>\nLa garanzia deve ritenersi valida solo e soltanto in relazione a prodotti installati ed utilizzati in modo appropriato.<\/p>\n<p>Le scale retrattili rigide in 4 pezzi 70 x 130 fuori misura sono state sottoposte a prove di resistenza e di carico in base al disposto della normativa citata da Societ\u00e0 di ingegneria certificata ISO 9001:2008.<\/p>\n<div class=\"pdf\">\n<ul>\n<li class=\"fa\"><\/li>\n<\/ul>\n<\/div>\n<p>Prova di carico statico<br \/>\nProva di fatica su scala retrattile<br \/>\nProva di torsione del gradino<br \/>\nProva di piegatura del gradino<br \/>\nProva del corrimano<\/p>\n<p>AVVERTENZE PER L&#8217;INSTALLAZIONE<br \/>\n&#8211; Evitare di installare la scala retrattile in prossimit\u00e0 di trombe di scale o altri dislivelli oltre il solaio di appoggio; verificare che la stessa possa sempre poggiare a terra.<br \/>\n&#8211; Il solaio ove poggai la scaladeve essere piano non disconnesso e non scivoloso.<br \/>\n&#8211; Questa scala retrattile \u00e8 idonea per ambienti interni e non umidi.<br \/>\n&#8211; E&#8217; tassativametne vietato montare questa tipologia su solai che comunicano con l&#8217;esterno.<br \/>\n&#8211; Il pannello della botola non deve subire modifiche ad eccezione di eventuali interventi di vernicatura dello stesso; si raccomanda di NON usare prodotti ad acqua.<br \/>\n&#8211; Questo modello di scala retrattile, come per altro tutti gli altri modelli, sono realizzate prevedendo un angolo di inclinazione di slita e discesa di 65\u00b0. Queato angolo non pu\u00f2 subire alcuna modifica.<br \/>\n&#8211; Prestare la massima attenzione che la botolo venga correttametne montata in modo tale da essere parallela al solaio. Utilizzare a tal proposito un bolla livellatrice. Questo al fine di evitare malfunzionamenti nellestrazione apertura e chiusura della stessa.<br \/>\n&#8211; La scala retrattile non abbisogna di lubrificazione. Non lubrificare per nessun motivo gli elementi che la compongono.<br \/>\n&#8211; La scala retrattile non deve essere murata.<br \/>\n&#8211; Prima del montaggio in loco accertarsi che il solaio ove deve essere posizionata sia robusto ed in grado di sorreggere la struttura; inserire la botola con direzione verso l&#8217;alto e bloccare la struttura a mezzo delle apposite staffe di bloccaggio.<br \/>\n&#8211; Questa tipologia di scale retrattili \u00e8 idonea solo per civili abitazioni.<br \/>\n&#8211; Nell&#8217;eventualit\u00e0 si debba installare in luoghi di lavoro vengono indicate specificatametne le misure 70 x 120 nonch\u00e8 70 x 130 cm.<br \/>\n&#8211; Le scale retrattili sono soggette a garanzia come per legge. Sono altres\u00ec coperte da assicurazione RCT (civile verso terzi).<\/p>\n<div class=\"pdf\">\n<ul>\n<li class=\"fa\"><\/li>\n<\/ul>\n<\/div>\n<p><figure id=\"attachment_361\" aria-describedby=\"caption-attachment-361\" style=\"width: 300px\" class=\"wp-caption alignnone\"><img loading=\"lazy\" decoding=\"async\" src=\"https:\/\/www.scaleinalluminio.it\/wp-content\/uploads\/legenda_4pz-300x300.jpg\" alt=\"Scale retrattili rigida pieghevole in 4 pezzi per solai misure\" width=\"300\" height=\"300\" class=\"size-medium wp-image-361\" srcset=\"https:\/\/www.scaleinalluminio.it\/wp-content\/uploads\/legenda_4pz-300x300.jpg 300w, https:\/\/www.scaleinalluminio.it\/wp-content\/uploads\/legenda_4pz-324x324.jpg 324w, https:\/\/www.scaleinalluminio.it\/wp-content\/uploads\/legenda_4pz-100x100.jpg 100w, https:\/\/www.scaleinalluminio.it\/wp-content\/uploads\/legenda_4pz-416x416.jpg 416w, https:\/\/www.scaleinalluminio.it\/wp-content\/uploads\/legenda_4pz-150x150.jpg 150w, https:\/\/www.scaleinalluminio.it\/wp-content\/uploads\/legenda_4pz.jpg 450w\" sizes=\"auto, (max-width: 300px) 100vw, 300px\" \/><figcaption id=\"caption-attachment-361\" class=\"wp-caption-text\">Scale retrattili rigida pieghevole in 4 pezzi per solai misure<\/figcaption><\/figure><br \/>\n\n<table id=\"tablepress-2\" class=\"tablepress tablepress-id-2\">\n<thead>\n<tr class=\"row-1 odd\">\n\t<th class=\"column-1\">Modello<\/th><th class=\"column-2\">Dim. foro (A)<\/th><th class=\"column-3\">Dim. foro (B)<\/th><th class=\"column-4\">Dim. foro (D)<\/th><th class=\"column-5\">Ingombro (C)<\/th><th class=\"column-6\">Spazio necessario (S)<\/th><th class=\"column-7\">Spessore solaio (E)<\/th>\n<\/tr>\n<\/thead>\n<tbody class=\"row-hover\">\n<tr class=\"row-2 even\">\n\t<td class=\"column-1\">5090<\/td><td class=\"column-2\">50 cm<\/td><td class=\"column-3\">90 cm<\/td><td class=\"column-4\">3 mt<\/td><td class=\"column-5\">170 cm<\/td><td class=\"column-6\">140 cm<\/td><td class=\"column-7\">27 cm<\/td>\n<\/tr>\n<tr class=\"row-3 odd\">\n\t<td class=\"column-1\">50100<\/td><td class=\"column-2\">50 cm<\/td><td class=\"column-3\">100 cm<\/td><td class=\"column-4\">3 mt<\/td><td class=\"column-5\">170 cm<\/td><td class=\"column-6\">140 cm<\/td><td class=\"column-7\">27 cm<\/td>\n<\/tr>\n<tr class=\"row-4 even\">\n\t<td class=\"column-1\">7090<\/td><td class=\"column-2\">60\/70 cm<\/td><td class=\"column-3\">90 cm<\/td><td class=\"column-4\">3 mt<\/td><td class=\"column-5\">170 cm<\/td><td class=\"column-6\">140 cm<\/td><td class=\"column-7\">27 cm<\/td>\n<\/tr>\n<tr class=\"row-5 odd\">\n\t<td class=\"column-1\">70100<\/td><td class=\"column-2\">60\/70 cm<\/td><td class=\"column-3\">100 cm<\/td><td class=\"column-4\">3 mt<\/td><td class=\"column-5\">170 cm<\/td><td class=\"column-6\">140 cm<\/td><td class=\"column-7\">27 cm<\/td>\n<\/tr>\n<tr class=\"row-6 even\">\n\t<td class=\"column-1\">70120<\/td><td class=\"column-2\">60\/70 cm<\/td><td class=\"column-3\">120 cm<\/td><td class=\"column-4\">3 mt<\/td><td class=\"column-5\">170 cm<\/td><td class=\"column-6\">140 cm<\/td><td class=\"column-7\">27 cm<\/td>\n<\/tr>\n<tr class=\"row-7 odd\">\n\t<td class=\"column-1\">70130<\/td><td class=\"column-2\">60\/70 cm<\/td><td class=\"column-3\">130 cm<\/td><td class=\"column-4\">3 mt<\/td><td class=\"column-5\">170 cm<\/td><td class=\"column-6\">140 cm<\/td><td class=\"column-7\">27 cm<\/td>\n<\/tr>\n<tr class=\"row-8 even\">\n\t<td class=\"column-1\">35-70120<\/td><td class=\"column-2\">70 cm<\/td><td class=\"column-3\">120 cm<\/td><td class=\"column-4\">3.5 mt<\/td><td class=\"column-5\">170 cm<\/td><td class=\"column-6\">140 cm<\/td><td class=\"column-7\">27 cm<\/td>\n<\/tr>\n<tr class=\"row-9 odd\">\n\t<td class=\"column-1\">35-70130<\/td><td class=\"column-2\">70 cm<\/td><td class=\"column-3\">130 cm<\/td><td class=\"column-4\">3.5 mt<\/td><td class=\"column-5\">170 cm<\/td><td class=\"column-6\">140 cm<\/td><td class=\"column-7\">27 cm<\/td>\n<\/tr>\n<tr class=\"row-10 even\">\n\t<td class=\"column-1\">40-70130<\/td><td class=\"column-2\">70 cm<\/td><td class=\"column-3\">130 cm<\/td><td class=\"column-4\">4 mt<\/td><td class=\"column-5\">170 cm<\/td><td class=\"column-6\">140 cm<\/td><td class=\"column-7\">27 cm<\/td>\n<\/tr>\n<\/tbody>\n<\/table>\n<!-- #tablepress-2 from cache --><\/p>\n<h3>IMMAGINI<\/h3>\n<figure id=\"attachment_366\" aria-describedby=\"caption-attachment-366\" style=\"width: 300px\" class=\"wp-caption alignnone\"><img loading=\"lazy\" decoding=\"async\" src=\"https:\/\/www.scaleinalluminio.it\/wp-content\/uploads\/4pz-300x300.jpg\" alt=\"Scale retrattili rigida pieghevole in 4 pezzi per solai\" width=\"300\" height=\"300\" class=\"size-medium wp-image-366\" srcset=\"https:\/\/www.scaleinalluminio.it\/wp-content\/uploads\/4pz-300x300.jpg 300w, https:\/\/www.scaleinalluminio.it\/wp-content\/uploads\/4pz-324x324.jpg 324w, https:\/\/www.scaleinalluminio.it\/wp-content\/uploads\/4pz-100x100.jpg 100w, https:\/\/www.scaleinalluminio.it\/wp-content\/uploads\/4pz-416x416.jpg 416w, https:\/\/www.scaleinalluminio.it\/wp-content\/uploads\/4pz-150x150.jpg 150w, https:\/\/www.scaleinalluminio.it\/wp-content\/uploads\/4pz-768x768.jpg 768w, https:\/\/www.scaleinalluminio.it\/wp-content\/uploads\/4pz.jpg 800w\" sizes=\"auto, (max-width: 300px) 100vw, 300px\" \/><figcaption id=\"caption-attachment-366\" class=\"wp-caption-text\">Scale retrattili rigida pieghevole in 4 pezzi per solai<\/figcaption><\/figure>\n<figure id=\"attachment_365\" aria-describedby=\"caption-attachment-365\" style=\"width: 300px\" class=\"wp-caption alignnone\"><img loading=\"lazy\" decoding=\"async\" src=\"https:\/\/www.scaleinalluminio.it\/wp-content\/uploads\/4pz_f-300x300.jpg\" alt=\"Scale retrattili rigida pieghevole in 4 pezzi per solai\" width=\"300\" height=\"300\" class=\"size-medium wp-image-365\" srcset=\"https:\/\/www.scaleinalluminio.it\/wp-content\/uploads\/4pz_f-300x300.jpg 300w, https:\/\/www.scaleinalluminio.it\/wp-content\/uploads\/4pz_f-324x324.jpg 324w, https:\/\/www.scaleinalluminio.it\/wp-content\/uploads\/4pz_f-100x100.jpg 100w, https:\/\/www.scaleinalluminio.it\/wp-content\/uploads\/4pz_f-416x416.jpg 416w, https:\/\/www.scaleinalluminio.it\/wp-content\/uploads\/4pz_f-150x150.jpg 150w, https:\/\/www.scaleinalluminio.it\/wp-content\/uploads\/4pz_f-768x768.jpg 768w, https:\/\/www.scaleinalluminio.it\/wp-content\/uploads\/4pz_f.jpg 800w\" sizes=\"auto, (max-width: 300px) 100vw, 300px\" \/><figcaption id=\"caption-attachment-365\" class=\"wp-caption-text\">Scale retrattili rigida pieghevole in 4 pezzi per solai<\/figcaption><\/figure>\n<figure id=\"attachment_364\" aria-describedby=\"caption-attachment-364\" style=\"width: 300px\" class=\"wp-caption alignnone\"><img loading=\"lazy\" decoding=\"async\" src=\"https:\/\/www.scaleinalluminio.it\/wp-content\/uploads\/4pz_1-300x300.jpg\" alt=\"Scale retrattili rigida pieghevole in 4 pezzi per solai composizione\" width=\"300\" height=\"300\" class=\"size-medium wp-image-364\" srcset=\"https:\/\/www.scaleinalluminio.it\/wp-content\/uploads\/4pz_1-300x300.jpg 300w, https:\/\/www.scaleinalluminio.it\/wp-content\/uploads\/4pz_1-324x324.jpg 324w, https:\/\/www.scaleinalluminio.it\/wp-content\/uploads\/4pz_1-100x100.jpg 100w, https:\/\/www.scaleinalluminio.it\/wp-content\/uploads\/4pz_1-416x416.jpg 416w, https:\/\/www.scaleinalluminio.it\/wp-content\/uploads\/4pz_1-150x150.jpg 150w, https:\/\/www.scaleinalluminio.it\/wp-content\/uploads\/4pz_1-768x768.jpg 768w, https:\/\/www.scaleinalluminio.it\/wp-content\/uploads\/4pz_1.jpg 800w\" sizes=\"auto, (max-width: 300px) 100vw, 300px\" \/><figcaption id=\"caption-attachment-364\" class=\"wp-caption-text\">Scale retrattili rigida pieghevole in 4 pezzi per solai composizione<\/figcaption><\/figure>\n<figure id=\"attachment_363\" aria-describedby=\"caption-attachment-363\" style=\"width: 300px\" class=\"wp-caption alignnone\"><img loading=\"lazy\" decoding=\"async\" src=\"https:\/\/www.scaleinalluminio.it\/wp-content\/uploads\/4pz_2-300x300.jpg\" alt=\"Scale retrattili rigida pieghevole in 4 pezzi per solai misure\" width=\"300\" height=\"300\" class=\"size-medium wp-image-363\" srcset=\"https:\/\/www.scaleinalluminio.it\/wp-content\/uploads\/4pz_2-300x300.jpg 300w, https:\/\/www.scaleinalluminio.it\/wp-content\/uploads\/4pz_2-324x324.jpg 324w, https:\/\/www.scaleinalluminio.it\/wp-content\/uploads\/4pz_2-100x100.jpg 100w, https:\/\/www.scaleinalluminio.it\/wp-content\/uploads\/4pz_2-416x416.jpg 416w, https:\/\/www.scaleinalluminio.it\/wp-content\/uploads\/4pz_2-150x150.jpg 150w, https:\/\/www.scaleinalluminio.it\/wp-content\/uploads\/4pz_2-768x768.jpg 768w, https:\/\/www.scaleinalluminio.it\/wp-content\/uploads\/4pz_2.jpg 800w\" sizes=\"auto, (max-width: 300px) 100vw, 300px\" \/><figcaption id=\"caption-attachment-363\" class=\"wp-caption-text\">Scale retrattili rigida pieghevole in 4 pezzi per solai misure<\/figcaption><\/figure>\n<figure id=\"attachment_362\" aria-describedby=\"caption-attachment-362\" style=\"width: 300px\" class=\"wp-caption alignnone\"><img loading=\"lazy\" decoding=\"async\" src=\"https:\/\/www.scaleinalluminio.it\/wp-content\/uploads\/4pz_3-300x300.jpg\" alt=\"Scale retrattili rigida pieghevole in 4 pezzi per solai misure\" width=\"300\" height=\"300\" class=\"size-medium wp-image-362\" srcset=\"https:\/\/www.scaleinalluminio.it\/wp-content\/uploads\/4pz_3-300x300.jpg 300w, https:\/\/www.scaleinalluminio.it\/wp-content\/uploads\/4pz_3-324x324.jpg 324w, https:\/\/www.scaleinalluminio.it\/wp-content\/uploads\/4pz_3-100x100.jpg 100w, https:\/\/www.scaleinalluminio.it\/wp-content\/uploads\/4pz_3-416x416.jpg 416w, https:\/\/www.scaleinalluminio.it\/wp-content\/uploads\/4pz_3-150x150.jpg 150w, https:\/\/www.scaleinalluminio.it\/wp-content\/uploads\/4pz_3-768x768.jpg 768w, https:\/\/www.scaleinalluminio.it\/wp-content\/uploads\/4pz_3.jpg 800w\" sizes=\"auto, (max-width: 300px) 100vw, 300px\" \/><figcaption id=\"caption-attachment-362\" class=\"wp-caption-text\">Scale retrattili rigida pieghevole in 4 pezzi per solai misure<\/figcaption><\/figure>\n","protected":false},"excerpt":{"rendered":"<p>Scale retrattili per soffitte e sottotetti rigida 70 x 130 foro netto muro. H massima 350 cm<\/p>\n","protected":false},"featured_media":367,"template":"","meta":[],"product_cat":[17],"product_tag":[],"class_list":["post-204","product","type-product","status-publish","has-post-thumbnail","hentry","product_cat-r","product_shipping_class-pallex","pa_etichetta-spedizione-retrattili","pa_fr-129","pa_larghezza-foro-177","pa_lunghezza-foro-181","pa_scontato-temp-225"],"_links":{"self":[{"href":"https:\/\/www.scaleinalluminio.it\/retrattili\/wp-json\/wp\/v2\/product\/204","targetHints":{"allow":["GET"]}}],"collection":[{"href":"https:\/\/www.scaleinalluminio.it\/retrattili\/wp-json\/wp\/v2\/product"}],"about":[{"href":"https:\/\/www.scaleinalluminio.it\/retrattili\/wp-json\/wp\/v2\/types\/product"}],"wp:featuredmedia":[{"embeddable":true,"href":"https:\/\/www.scaleinalluminio.it\/retrattili\/wp-json\/wp\/v2\/media\/367"}],"wp:attachment":[{"href":"https:\/\/www.scaleinalluminio.it\/retrattili\/wp-json\/wp\/v2\/media?parent=204"}],"wp:term":[{"taxonomy":"product_cat","embeddable":true,"href":"https:\/\/www.scaleinalluminio.it\/retrattili\/wp-json\/wp\/v2\/product_cat?post=204"},{"taxonomy":"product_tag","embeddable":true,"href":"https:\/\/www.scaleinalluminio.it\/retrattili\/wp-json\/wp\/v2\/product_tag?post=204"}],"curies":[{"name":"wp","href":"https:\/\/api.w.org\/{rel}","templated":true}]}}