{"id":4222,"date":"2026-01-06T23:19:46","date_gmt":"2026-01-06T22:19:46","guid":{"rendered":"https:\/\/www.scaleinalluminio.it\/pedane2\/?post_type=product&#038;p=4222"},"modified":"2026-01-07T23:25:56","modified_gmt":"2026-01-07T22:25:56","slug":"piattaforma-saliscendi-mg-130-130x45","status":"publish","type":"product","link":"https:\/\/www.scaleinalluminio.it\/pedane\/saliscendi\/piattaforma-saliscendi-mg-130-130x45","title":{"rendered":"Piattaforma saliscendi MG 130 130&#215;45"},"content":{"rendered":"<p>Sgabelli con altezza 52 cm con piattaforma da cm 130&#215;45 e cm 180&#215;45<br \/>\nPer utilizzo professionale \u00e8 costruita in alluminio estruso nervato.<br \/>\nI gradini sono saldati ai montanti per creare un monolito ultraresistente.<br \/>\nPresenta una lunghezza maggiore per potersi comodamente spostare lateralmente alla zona di intervento.<br \/>\nProgettato per comodo muratori, controsoffittisti, imbianchini e stuccatori.<br \/>\nE\u2019 ideale soprattutto per i carrozzieri poich\u00e9 consente di verniciare con continuit\u00e0 i tetti delle monovolume e dei fuoristrada senza mai staccare il flusso della vernice.<br \/>\nE&#8217; richiudibile con cerniera e blocco di sicurezza e le gambe della pedana si aprono e si chiudono con estrema facilit\u00e0.<br \/>\nE\u2019 dotato di piano di calpestio in legno antisdrucciolo verniciato resistente alle intemperie.<\/p>\n\n<table id=\"tablepress-SaliscendiMG\" class=\"tablepress tablepress-id-SaliscendiMG\">\n<thead>\n<tr class=\"row-1 odd\">\n\t<th class=\"column-1\"><\/th><th class=\"column-2\">SALISCENDI MG 130<\/th><th class=\"column-3\">SALISCENDI MG 180<\/th>\n<\/tr>\n<\/thead>\n<tbody class=\"row-hover\">\n<tr class=\"row-2 even\">\n\t<td class=\"column-1\">CODICE\u00a0<\/td><td class=\"column-2\">SSALIG41<\/td><td class=\"column-3\">SSALIG60<\/td>\n<\/tr>\n<tr class=\"row-3 odd\">\n\t<td class=\"column-1\">Altezza piattaforma m<\/td><td class=\"column-2\">0,52<\/td><td class=\"column-3\">0,52<\/td>\n<\/tr>\n<tr class=\"row-4 even\">\n\t<td class=\"column-1\">Altezza lavoro m<\/td><td class=\"column-2\">2,60<\/td><td class=\"column-3\">2,60<\/td>\n<\/tr>\n<tr class=\"row-5 odd\">\n\t<td class=\"column-1\">Misure piattaforma cm<\/td><td class=\"column-2\">130x45<\/td><td class=\"column-3\">180x45<\/td>\n<\/tr>\n<\/tbody>\n<\/table>\n<!-- #tablepress-SaliscendiMG from cache -->\n<p>Piattaforma in legno antisdrucciolo verniciato contro le intemperie con armatura in alluminio<br \/>\nTraversini antiflessione sui gradini pi\u00f9 lunghiCerniere di apertura con perno brevettato<br \/>\nTamponi in gomma antisdruccioloImballo in termoretraibile con poster<br \/>\nEtichette e manuale d\u2019uso e manutenzione<br \/>\nCertificato di collaudo secondo le normative italiane ed europee<br \/>\nApertura gambe a scatto con blocco automatico brevettato<br \/>\nIdeale per imbianchini, carrozzieri, posatori, muratori, controsoffittisti e giardinieri<br \/>\nPedata gradino cm 8Tamponi in PVC antisdrucciolo<br \/>\nAsola di presa per il trasportoVelcri di blocco di sicurezza delle gambe per il trasporto<\/p>\n<h3>Accessori optional (non applicabili su Saliscendi P)<\/h3>\n<p>Guardacorpo optional (cm):SSALIGC10 100SSALIGC13 130SSALIGC15 150SSALIGC18 180<\/p>\n<figure id=\"attachment_4294\" aria-describedby=\"caption-attachment-4294\" style=\"width: 300px\" class=\"wp-caption alignnone\"><a href=\"https:\/\/www.scaleinalluminio.it\/wp-content\/uploads\/image.VAIAI3_.png\"><img loading=\"lazy\" decoding=\"async\" class=\"size-medium wp-image-4294\" src=\"https:\/\/www.scaleinalluminio.it\/wp-content\/uploads\/image.VAIAI3_-300x251.png\" alt=\"Guardacorpo optional \" width=\"300\" height=\"251\" srcset=\"https:\/\/www.scaleinalluminio.it\/wp-content\/uploads\/image.VAIAI3_-300x251.png 300w, https:\/\/www.scaleinalluminio.it\/wp-content\/uploads\/image.VAIAI3_-324x271.png 324w, https:\/\/www.scaleinalluminio.it\/wp-content\/uploads\/image.VAIAI3_-416x349.png 416w, https:\/\/www.scaleinalluminio.it\/wp-content\/uploads\/image.VAIAI3_.png 450w\" sizes=\"auto, (max-width: 300px) 100vw, 300px\" \/><\/a><figcaption id=\"caption-attachment-4294\" class=\"wp-caption-text\">Guardacorpo optional<\/figcaption><\/figure>\n<p>Guardacorpo con fermepiede (cm):SSALIGCF10 100SSALIGCF13 130SSALIGCF15 150SSALIGCF18 180<\/p>\n<figure id=\"attachment_4293\" aria-describedby=\"caption-attachment-4293\" style=\"width: 170px\" class=\"wp-caption alignnone\"><a href=\"https:\/\/www.scaleinalluminio.it\/wp-content\/uploads\/image.1G38H3.png\"><img loading=\"lazy\" decoding=\"async\" class=\"size-full wp-image-4293\" src=\"https:\/\/www.scaleinalluminio.it\/wp-content\/uploads\/image.1G38H3.png\" alt=\"Guardacorpo con fermepiede\" width=\"170\" height=\"157\" \/><\/a><figcaption id=\"caption-attachment-4293\" class=\"wp-caption-text\">Guardacorpo con fermepiede<\/figcaption><\/figure>\n<p>Guardacorpo optional pieghevole a montaggio rapido cm 250(SSALIGC25)<\/p>\n<figure id=\"attachment_4295\" aria-describedby=\"caption-attachment-4295\" style=\"width: 232px\" class=\"wp-caption alignnone\"><a href=\"https:\/\/www.scaleinalluminio.it\/wp-content\/uploads\/image.9TVDI3.png\"><img loading=\"lazy\" decoding=\"async\" class=\"size-full wp-image-4295\" src=\"https:\/\/www.scaleinalluminio.it\/wp-content\/uploads\/image.9TVDI3.png\" alt=\"Guardacorpo optional pieghevole a montaggio rapido cm 250\" width=\"232\" height=\"65\" \/><\/a><figcaption id=\"caption-attachment-4295\" class=\"wp-caption-text\">Guardacorpo optional pieghevole a montaggio rapido cm 250<\/figcaption><\/figure>\n<p>Kit 2 Rotelle di spostamento (su uno o due lati) diametro 125 mm<\/p>\n<figure id=\"attachment_4297\" aria-describedby=\"caption-attachment-4297\" style=\"width: 178px\" class=\"wp-caption alignnone\"><a href=\"https:\/\/www.scaleinalluminio.it\/wp-content\/uploads\/image.POAOI3_.png\"><img loading=\"lazy\" decoding=\"async\" class=\"size-full wp-image-4297\" src=\"https:\/\/www.scaleinalluminio.it\/wp-content\/uploads\/image.POAOI3_.png\" alt=\"Kit 2 Rotelle di spostamento \" width=\"178\" height=\"157\" \/><\/a><figcaption id=\"caption-attachment-4297\" class=\"wp-caption-text\">Kit 2 Rotelle di spostamento<\/figcaption><\/figure>\n<p>Kit 4 ruote \u00d8 80 mm autofrenanti con molla.SALISCENDI P: cod. SSALIG34WDSALISCENDI M: cod. SSALIG35WDSALISCENDI G: cod. SSALIG37WDSALISCENDI MG130: cod. SSALIG41WD<\/p>\n<figure id=\"attachment_4296\" aria-describedby=\"caption-attachment-4296\" style=\"width: 136px\" class=\"wp-caption alignnone\"><a href=\"https:\/\/www.scaleinalluminio.it\/wp-content\/uploads\/image.S49MI3.png\"><img loading=\"lazy\" decoding=\"async\" class=\"size-full wp-image-4296\" src=\"https:\/\/www.scaleinalluminio.it\/wp-content\/uploads\/image.S49MI3.png\" alt=\"Kit 4 ruote \u00d8 80 mm autofrenanti con molla\" width=\"136\" height=\"155\" \/><\/a><figcaption id=\"caption-attachment-4296\" class=\"wp-caption-text\">Kit 4 ruote \u00d8 80 mm autofrenanti con molla<\/figcaption><\/figure>\n<p>N.B. a causa delle ruote a molla in fase di salita, discesa e movimen-to dell\u2019operatore lo sgabello pu\u00f2 avere un leggerissimo movimentoche non preclude n\u00e9 il buon funzionamento n\u00e9 la sicurezza.Pedane Speciali Su misura<\/p>\n<h3>IMMAGINI<\/h3>\n<figure id=\"attachment_4267\" aria-describedby=\"caption-attachment-4267\" style=\"width: 300px\" class=\"wp-caption alignnone\"><a href=\"https:\/\/www.scaleinalluminio.it\/wp-content\/uploads\/1a1aafed-998c-41e7-bfe8-eb5dbda43e16_1-1.webp\"><img loading=\"lazy\" decoding=\"async\" class=\"size-medium wp-image-4267\" src=\"https:\/\/www.scaleinalluminio.it\/wp-content\/uploads\/1a1aafed-998c-41e7-bfe8-eb5dbda43e16_1-1-300x217.webp\" alt=\"Piattaforma in alluminio saliscendi MG\" width=\"300\" height=\"217\" srcset=\"https:\/\/www.scaleinalluminio.it\/wp-content\/uploads\/1a1aafed-998c-41e7-bfe8-eb5dbda43e16_1-1-300x217.webp 300w, https:\/\/www.scaleinalluminio.it\/wp-content\/uploads\/1a1aafed-998c-41e7-bfe8-eb5dbda43e16_1-1-768x556.webp 768w, https:\/\/www.scaleinalluminio.it\/wp-content\/uploads\/1a1aafed-998c-41e7-bfe8-eb5dbda43e16_1-1-324x235.webp 324w, https:\/\/www.scaleinalluminio.it\/wp-content\/uploads\/1a1aafed-998c-41e7-bfe8-eb5dbda43e16_1-1-416x301.webp 416w, https:\/\/www.scaleinalluminio.it\/wp-content\/uploads\/1a1aafed-998c-41e7-bfe8-eb5dbda43e16_1-1.webp 1000w\" sizes=\"auto, (max-width: 300px) 100vw, 300px\" \/><\/a><figcaption id=\"caption-attachment-4267\" class=\"wp-caption-text\">Piattaforma in alluminio saliscendi MG<\/figcaption><\/figure>\n<figure id=\"attachment_4266\" aria-describedby=\"caption-attachment-4266\" style=\"width: 300px\" class=\"wp-caption alignnone\"><a href=\"https:\/\/www.scaleinalluminio.it\/wp-content\/uploads\/daa9919c-2fd4-453a-b731-932177dc3b84_1-4.webp\"><img loading=\"lazy\" decoding=\"async\" class=\"size-medium wp-image-4266\" src=\"https:\/\/www.scaleinalluminio.it\/wp-content\/uploads\/daa9919c-2fd4-453a-b731-932177dc3b84_1-4-300x191.webp\" alt=\"Piattaforma in alluminio saliscendi MG\" width=\"300\" height=\"191\" srcset=\"https:\/\/www.scaleinalluminio.it\/wp-content\/uploads\/daa9919c-2fd4-453a-b731-932177dc3b84_1-4-300x191.webp 300w, https:\/\/www.scaleinalluminio.it\/wp-content\/uploads\/daa9919c-2fd4-453a-b731-932177dc3b84_1-4.webp 312w\" sizes=\"auto, (max-width: 300px) 100vw, 300px\" \/><\/a><figcaption id=\"caption-attachment-4266\" class=\"wp-caption-text\">Piattaforma in alluminio saliscendi MG<\/figcaption><\/figure>\n<figure id=\"attachment_4265\" aria-describedby=\"caption-attachment-4265\" style=\"width: 300px\" class=\"wp-caption alignnone\"><a href=\"https:\/\/www.scaleinalluminio.it\/wp-content\/uploads\/ad817d35-4526-46d1-bb3c-61f5d431ecaa_1-1.webp\"><img loading=\"lazy\" decoding=\"async\" class=\"size-medium wp-image-4265\" src=\"https:\/\/www.scaleinalluminio.it\/wp-content\/uploads\/ad817d35-4526-46d1-bb3c-61f5d431ecaa_1-1-300x200.webp\" alt=\"Piattaforma in alluminio saliscendi MG\" width=\"300\" height=\"200\" srcset=\"https:\/\/www.scaleinalluminio.it\/wp-content\/uploads\/ad817d35-4526-46d1-bb3c-61f5d431ecaa_1-1-300x200.webp 300w, https:\/\/www.scaleinalluminio.it\/wp-content\/uploads\/ad817d35-4526-46d1-bb3c-61f5d431ecaa_1-1-768x512.webp 768w, https:\/\/www.scaleinalluminio.it\/wp-content\/uploads\/ad817d35-4526-46d1-bb3c-61f5d431ecaa_1-1-324x216.webp 324w, https:\/\/www.scaleinalluminio.it\/wp-content\/uploads\/ad817d35-4526-46d1-bb3c-61f5d431ecaa_1-1-416x277.webp 416w, https:\/\/www.scaleinalluminio.it\/wp-content\/uploads\/ad817d35-4526-46d1-bb3c-61f5d431ecaa_1-1.webp 1000w\" sizes=\"auto, (max-width: 300px) 100vw, 300px\" \/><\/a><figcaption id=\"caption-attachment-4265\" class=\"wp-caption-text\">Piattaforma in alluminio saliscendi MG<\/figcaption><\/figure>\n<figure id=\"attachment_4264\" aria-describedby=\"caption-attachment-4264\" style=\"width: 182px\" class=\"wp-caption alignnone\"><a href=\"https:\/\/www.scaleinalluminio.it\/wp-content\/uploads\/28613c1d-5b5c-4f9f-8b06-7a0fb3a3d0b4_1.webp\"><img loading=\"lazy\" decoding=\"async\" class=\"size-medium wp-image-4264\" src=\"https:\/\/www.scaleinalluminio.it\/wp-content\/uploads\/28613c1d-5b5c-4f9f-8b06-7a0fb3a3d0b4_1-182x300.webp\" alt=\"Piattaforma in alluminio saliscendi MG\" width=\"182\" height=\"300\" srcset=\"https:\/\/www.scaleinalluminio.it\/wp-content\/uploads\/28613c1d-5b5c-4f9f-8b06-7a0fb3a3d0b4_1-182x300.webp 182w, https:\/\/www.scaleinalluminio.it\/wp-content\/uploads\/28613c1d-5b5c-4f9f-8b06-7a0fb3a3d0b4_1-324x535.webp 324w, https:\/\/www.scaleinalluminio.it\/wp-content\/uploads\/28613c1d-5b5c-4f9f-8b06-7a0fb3a3d0b4_1-416x686.webp 416w, https:\/\/www.scaleinalluminio.it\/wp-content\/uploads\/28613c1d-5b5c-4f9f-8b06-7a0fb3a3d0b4_1.webp 606w\" sizes=\"auto, (max-width: 182px) 100vw, 182px\" \/><\/a><figcaption id=\"caption-attachment-4264\" class=\"wp-caption-text\">Piattaforma in alluminio saliscendi MG<\/figcaption><\/figure>\n<figure id=\"attachment_4263\" aria-describedby=\"caption-attachment-4263\" style=\"width: 240px\" class=\"wp-caption alignnone\"><a href=\"https:\/\/www.scaleinalluminio.it\/wp-content\/uploads\/9687b23c-b9e3-452d-a48e-1aa5601b5747_1-1.webp\"><img loading=\"lazy\" decoding=\"async\" class=\"size-medium wp-image-4263\" src=\"https:\/\/www.scaleinalluminio.it\/wp-content\/uploads\/9687b23c-b9e3-452d-a48e-1aa5601b5747_1-1-240x300.webp\" alt=\"Piattaforma in alluminio saliscendi MG\" width=\"240\" height=\"300\" srcset=\"https:\/\/www.scaleinalluminio.it\/wp-content\/uploads\/9687b23c-b9e3-452d-a48e-1aa5601b5747_1-1-240x300.webp 240w, https:\/\/www.scaleinalluminio.it\/wp-content\/uploads\/9687b23c-b9e3-452d-a48e-1aa5601b5747_1-1-768x960.webp 768w, https:\/\/www.scaleinalluminio.it\/wp-content\/uploads\/9687b23c-b9e3-452d-a48e-1aa5601b5747_1-1-324x405.webp 324w, https:\/\/www.scaleinalluminio.it\/wp-content\/uploads\/9687b23c-b9e3-452d-a48e-1aa5601b5747_1-1-416x520.webp 416w, https:\/\/www.scaleinalluminio.it\/wp-content\/uploads\/9687b23c-b9e3-452d-a48e-1aa5601b5747_1-1.webp 800w\" sizes=\"auto, (max-width: 240px) 100vw, 240px\" \/><\/a><figcaption id=\"caption-attachment-4263\" class=\"wp-caption-text\">Piattaforma in alluminio saliscendi MG<\/figcaption><\/figure>\n<figure id=\"attachment_4262\" aria-describedby=\"caption-attachment-4262\" style=\"width: 300px\" class=\"wp-caption alignnone\"><a href=\"https:\/\/www.scaleinalluminio.it\/wp-content\/uploads\/32d11a82-8d1c-4a6c-bd70-fcfc473fcafc_1.webp\"><img loading=\"lazy\" decoding=\"async\" class=\"size-medium wp-image-4262\" src=\"https:\/\/www.scaleinalluminio.it\/wp-content\/uploads\/32d11a82-8d1c-4a6c-bd70-fcfc473fcafc_1-300x102.webp\" alt=\"Piattaforma in alluminio saliscendi MG\" width=\"300\" height=\"102\" srcset=\"https:\/\/www.scaleinalluminio.it\/wp-content\/uploads\/32d11a82-8d1c-4a6c-bd70-fcfc473fcafc_1-300x102.webp 300w, https:\/\/www.scaleinalluminio.it\/wp-content\/uploads\/32d11a82-8d1c-4a6c-bd70-fcfc473fcafc_1-768x262.webp 768w, https:\/\/www.scaleinalluminio.it\/wp-content\/uploads\/32d11a82-8d1c-4a6c-bd70-fcfc473fcafc_1-324x110.webp 324w, https:\/\/www.scaleinalluminio.it\/wp-content\/uploads\/32d11a82-8d1c-4a6c-bd70-fcfc473fcafc_1-416x142.webp 416w, https:\/\/www.scaleinalluminio.it\/wp-content\/uploads\/32d11a82-8d1c-4a6c-bd70-fcfc473fcafc_1.webp 1000w\" sizes=\"auto, (max-width: 300px) 100vw, 300px\" \/><\/a><figcaption id=\"caption-attachment-4262\" class=\"wp-caption-text\">Piattaforma in alluminio saliscendi MG<\/figcaption><\/figure>\n<figure id=\"attachment_4261\" aria-describedby=\"caption-attachment-4261\" style=\"width: 300px\" class=\"wp-caption alignnone\"><a href=\"https:\/\/www.scaleinalluminio.it\/wp-content\/uploads\/5ca70d72-b62b-45d7-a4a2-ba8d172388d7_1-1.webp\"><img loading=\"lazy\" decoding=\"async\" class=\"size-medium wp-image-4261\" src=\"https:\/\/www.scaleinalluminio.it\/wp-content\/uploads\/5ca70d72-b62b-45d7-a4a2-ba8d172388d7_1-1-300x250.webp\" alt=\"Piattaforma in alluminio saliscendi MG\" width=\"300\" height=\"250\" srcset=\"https:\/\/www.scaleinalluminio.it\/wp-content\/uploads\/5ca70d72-b62b-45d7-a4a2-ba8d172388d7_1-1-300x250.webp 300w, https:\/\/www.scaleinalluminio.it\/wp-content\/uploads\/5ca70d72-b62b-45d7-a4a2-ba8d172388d7_1-1-768x640.webp 768w, https:\/\/www.scaleinalluminio.it\/wp-content\/uploads\/5ca70d72-b62b-45d7-a4a2-ba8d172388d7_1-1-324x270.webp 324w, https:\/\/www.scaleinalluminio.it\/wp-content\/uploads\/5ca70d72-b62b-45d7-a4a2-ba8d172388d7_1-1-416x347.webp 416w, https:\/\/www.scaleinalluminio.it\/wp-content\/uploads\/5ca70d72-b62b-45d7-a4a2-ba8d172388d7_1-1.webp 1000w\" sizes=\"auto, (max-width: 300px) 100vw, 300px\" \/><\/a><figcaption id=\"caption-attachment-4261\" class=\"wp-caption-text\">Piattaforma in alluminio saliscendi MG<\/figcaption><\/figure>\n<p>&nbsp;<\/p>\n","protected":false},"excerpt":{"rendered":"<p>Piattaforma saliscendi MG 130 130&#215;45 pedana 130&#215;45. Altezza piattaforma m 0,52<\/p>\n","protected":false},"featured_media":4264,"template":"","meta":[],"product_cat":[848],"product_tag":[],"class_list":["post-4222","product","type-product","status-publish","has-post-thumbnail","hentry","product_cat-saliscendi","product_shipping_class-sda2","pa_altezza-piano-850","pa_certficazione-d-lgs-81-2008"],"_links":{"self":[{"href":"https:\/\/www.scaleinalluminio.it\/pedane\/wp-json\/wp\/v2\/product\/4222","targetHints":{"allow":["GET"]}}],"collection":[{"href":"https:\/\/www.scaleinalluminio.it\/pedane\/wp-json\/wp\/v2\/product"}],"about":[{"href":"https:\/\/www.scaleinalluminio.it\/pedane\/wp-json\/wp\/v2\/types\/product"}],"wp:featuredmedia":[{"embeddable":true,"href":"https:\/\/www.scaleinalluminio.it\/pedane\/wp-json\/wp\/v2\/media\/4264"}],"wp:attachment":[{"href":"https:\/\/www.scaleinalluminio.it\/pedane\/wp-json\/wp\/v2\/media?parent=4222"}],"wp:term":[{"taxonomy":"product_cat","embeddable":true,"href":"https:\/\/www.scaleinalluminio.it\/pedane\/wp-json\/wp\/v2\/product_cat?post=4222"},{"taxonomy":"product_tag","embeddable":true,"href":"https:\/\/www.scaleinalluminio.it\/pedane\/wp-json\/wp\/v2\/product_tag?post=4222"}],"curies":[{"name":"wp","href":"https:\/\/api.w.org\/{rel}","templated":true}]}}