{"id":4213,"date":"2026-01-06T23:11:08","date_gmt":"2026-01-06T22:11:08","guid":{"rendered":"https:\/\/www.scaleinalluminio.it\/pedane2\/?post_type=product&#038;p=4213"},"modified":"2026-01-07T23:25:42","modified_gmt":"2026-01-07T22:25:42","slug":"piattaforma-saliscendi-g-130x45","status":"publish","type":"product","link":"https:\/\/www.scaleinalluminio.it\/pedane\/saliscendi\/piattaforma-saliscendi-g-130x45","title":{"rendered":"Piattaforma saliscendi G 130&#215;45"},"content":{"rendered":"<p>Sgabelli Piccolo Medio e Grande con piattaforma cm 100&#215;30 &#8211; 130&#215;30 &#8211; 130&#215;45<br \/>\nPer utilizzo professionale \u00e8 costruita in alluminio estruso nervato.I gradini sono saldati ai montanti per creare un monolito ultraresistente.Presenta una lunghezza maggiore per potersi comodamente spostare lateralmente alla zona di intervento.Progettato per comodo muratori, controsoffittisti, imbianchini e stuccatori.E\u2019 ideale soprattutto per i carrozzieri poich\u00e9 consente di verniciare con continuit\u00e0 i tetti delle monovolume e dei fuoristrada senza mai staccare il flusso della vernice.E&#8217; richiudibile con cerniera e blocco di sicurezza e le gambe della pedana si aprono e si chiudono con estrema facilit\u00e0.E\u2019 dotato di piano di calpestio in legno antisdrucciolo verniciato resistente alle intemperie.<\/p>\n\n<table id=\"tablepress-SALISCENDI\" class=\"tablepress tablepress-id-SALISCENDI\">\n<thead>\n<tr class=\"row-1 odd\">\n\t<th class=\"column-1\"><\/th><th class=\"column-2\">SALISCENDI P<\/th><th class=\"column-3\">SALISCENDI M<\/th><th class=\"column-4\">SALISCENDI G<\/th>\n<\/tr>\n<\/thead>\n<tbody class=\"row-hover\">\n<tr class=\"row-2 even\">\n\t<td class=\"column-1\">CODICE<\/td><td class=\"column-2\">SSALIG34EN<\/td><td class=\"column-3\">SSALIG35EN<\/td><td class=\"column-4\">SSALIG37EN<\/td>\n<\/tr>\n<tr class=\"row-3 odd\">\n\t<td class=\"column-1\">Altezza piattaforma m<\/td><td class=\"column-2\">0,30<\/td><td class=\"column-3\">0,52<\/td><td class=\"column-4\">0,87<\/td>\n<\/tr>\n<tr class=\"row-4 even\">\n\t<td class=\"column-1\">Altezza lavoro m<\/td><td class=\"column-2\">2,30<\/td><td class=\"column-3\">2,60<\/td><td class=\"column-4\">2,90<\/td>\n<\/tr>\n<tr class=\"row-5 odd\">\n\t<td class=\"column-1\">Misure piattaforma cm<\/td><td class=\"column-2\">100x30<\/td><td class=\"column-3\">130x30<\/td><td class=\"column-4\">130x45<\/td>\n<\/tr>\n<tr class=\"row-6 even\">\n\t<td class=\"column-1\">Ingombro cm<\/td><td class=\"column-2\">18x101x40<\/td><td class=\"column-3\">18x131x44<\/td><td class=\"column-4\">25x131x61<\/td>\n<\/tr>\n<tr class=\"row-7 odd\">\n\t<td class=\"column-1\">Peso Kg<\/td><td class=\"column-2\">6,6<\/td><td class=\"column-3\">9,8<\/td><td class=\"column-4\">9,8<\/td>\n<\/tr>\n<\/tbody>\n<\/table>\n<!-- #tablepress-SALISCENDI from cache -->\n<p>Piattaforma in legno antisdrucciolo verniciato contro le intemperie con armatura in alluminio<br \/>\nTraversini antiflessione sui gradini pi\u00f9 lunghiCerniere di apertura con perno brevettato<br \/>\nTamponi in gomma antisdruccioloImballo in termoretraibile con poster<br \/>\nEtichette e manuale d\u2019uso e manutenzione<br \/>\nCertificato di collaudo secondo le normative italiane ed europee<br \/>\nApertura gambe a scatto con blocco automatico brevettato<br \/>\nIdeale per imbianchini, carrozzieri, posatori, muratori, controsoffittisti e giardinieri<br \/>\nPedata gradino cm 8Tamponi in PVC antisdrucciolo<br \/>\nAsola di presa per il trasportoVelcri di blocco di sicurezza delle gambe per il trasporto<\/p>\n<h3>Accessori optional (non applicabili su Saliscendi P)<\/h3>\n<p>Guardacorpo optional (cm):SSALIGC10 100SSALIGC13 130SSALIGC15 150SSALIGC18 180<\/p>\n<figure id=\"attachment_4294\" aria-describedby=\"caption-attachment-4294\" style=\"width: 300px\" class=\"wp-caption alignnone\"><a href=\"https:\/\/www.scaleinalluminio.it\/wp-content\/uploads\/image.VAIAI3_.png\"><img loading=\"lazy\" decoding=\"async\" class=\"size-medium wp-image-4294\" src=\"https:\/\/www.scaleinalluminio.it\/wp-content\/uploads\/image.VAIAI3_-300x251.png\" alt=\"Guardacorpo optional \" width=\"300\" height=\"251\" srcset=\"https:\/\/www.scaleinalluminio.it\/wp-content\/uploads\/image.VAIAI3_-300x251.png 300w, https:\/\/www.scaleinalluminio.it\/wp-content\/uploads\/image.VAIAI3_-324x271.png 324w, https:\/\/www.scaleinalluminio.it\/wp-content\/uploads\/image.VAIAI3_-416x349.png 416w, https:\/\/www.scaleinalluminio.it\/wp-content\/uploads\/image.VAIAI3_.png 450w\" sizes=\"auto, (max-width: 300px) 100vw, 300px\" \/><\/a><figcaption id=\"caption-attachment-4294\" class=\"wp-caption-text\">Guardacorpo optional<\/figcaption><\/figure>\n<p>Guardacorpo con fermepiede (cm):SSALIGCF10 100SSALIGCF13 130SSALIGCF15 150SSALIGCF18 180<\/p>\n<figure id=\"attachment_4293\" aria-describedby=\"caption-attachment-4293\" style=\"width: 170px\" class=\"wp-caption alignnone\"><a href=\"https:\/\/www.scaleinalluminio.it\/wp-content\/uploads\/image.1G38H3.png\"><img loading=\"lazy\" decoding=\"async\" class=\"size-full wp-image-4293\" src=\"https:\/\/www.scaleinalluminio.it\/wp-content\/uploads\/image.1G38H3.png\" alt=\"Guardacorpo con fermepiede\" width=\"170\" height=\"157\" \/><\/a><figcaption id=\"caption-attachment-4293\" class=\"wp-caption-text\">Guardacorpo con fermepiede<\/figcaption><\/figure>\n<p>Guardacorpo optional pieghevole a montaggio rapido cm 250(SSALIGC25)<\/p>\n<figure id=\"attachment_4295\" aria-describedby=\"caption-attachment-4295\" style=\"width: 232px\" class=\"wp-caption alignnone\"><a href=\"https:\/\/www.scaleinalluminio.it\/wp-content\/uploads\/image.9TVDI3.png\"><img loading=\"lazy\" decoding=\"async\" class=\"size-full wp-image-4295\" src=\"https:\/\/www.scaleinalluminio.it\/wp-content\/uploads\/image.9TVDI3.png\" alt=\"Guardacorpo optional pieghevole a montaggio rapido cm 250\" width=\"232\" height=\"65\" \/><\/a><figcaption id=\"caption-attachment-4295\" class=\"wp-caption-text\">Guardacorpo optional pieghevole a montaggio rapido cm 250<\/figcaption><\/figure>\n<p>Kit 2 Rotelle di spostamento (su uno o due lati) diametro 125 mm<\/p>\n<figure id=\"attachment_4297\" aria-describedby=\"caption-attachment-4297\" style=\"width: 178px\" class=\"wp-caption alignnone\"><a href=\"https:\/\/www.scaleinalluminio.it\/wp-content\/uploads\/image.POAOI3_.png\"><img loading=\"lazy\" decoding=\"async\" class=\"size-full wp-image-4297\" src=\"https:\/\/www.scaleinalluminio.it\/wp-content\/uploads\/image.POAOI3_.png\" alt=\"Kit 2 Rotelle di spostamento \" width=\"178\" height=\"157\" \/><\/a><figcaption id=\"caption-attachment-4297\" class=\"wp-caption-text\">Kit 2 Rotelle di spostamento<\/figcaption><\/figure>\n<p>Kit 4 ruote \u00d8 80 mm autofrenanti con molla.SALISCENDI P: cod. SSALIG34WDSALISCENDI M: cod. SSALIG35WDSALISCENDI G: cod. SSALIG37WDSALISCENDI MG130: cod. SSALIG41WD<\/p>\n<figure id=\"attachment_4296\" aria-describedby=\"caption-attachment-4296\" style=\"width: 136px\" class=\"wp-caption alignnone\"><a href=\"https:\/\/www.scaleinalluminio.it\/wp-content\/uploads\/image.S49MI3.png\"><img loading=\"lazy\" decoding=\"async\" class=\"size-full wp-image-4296\" src=\"https:\/\/www.scaleinalluminio.it\/wp-content\/uploads\/image.S49MI3.png\" alt=\"Kit 4 ruote \u00d8 80 mm autofrenanti con molla\" width=\"136\" height=\"155\" \/><\/a><figcaption id=\"caption-attachment-4296\" class=\"wp-caption-text\">Kit 4 ruote \u00d8 80 mm autofrenanti con molla<\/figcaption><\/figure>\n<p>N.B. a causa delle ruote a molla in fase di salita, discesa e movimen-to dell\u2019operatore lo sgabello pu\u00f2 avere un leggerissimo movimentoche non preclude n\u00e9 il buon funzionamento n\u00e9 la sicurezza.Pedane Speciali Su misura<\/p>\n<h3>IMMAGINI<\/h3>\n<figure id=\"attachment_4244\" aria-describedby=\"caption-attachment-4244\" style=\"width: 280px\" class=\"wp-caption alignnone\"><a href=\"https:\/\/www.scaleinalluminio.it\/wp-content\/uploads\/3463bb2d-a242-4b0f-99ab-aa5c7cef653d_1.webp\"><img loading=\"lazy\" decoding=\"async\" class=\"size-medium wp-image-4244\" src=\"https:\/\/www.scaleinalluminio.it\/wp-content\/uploads\/3463bb2d-a242-4b0f-99ab-aa5c7cef653d_1-280x300.webp\" alt=\"Piattaforma in alluminio saliscendi\" width=\"280\" height=\"300\" srcset=\"https:\/\/www.scaleinalluminio.it\/wp-content\/uploads\/3463bb2d-a242-4b0f-99ab-aa5c7cef653d_1-280x300.webp 280w, https:\/\/www.scaleinalluminio.it\/wp-content\/uploads\/3463bb2d-a242-4b0f-99ab-aa5c7cef653d_1-324x347.webp 324w, https:\/\/www.scaleinalluminio.it\/wp-content\/uploads\/3463bb2d-a242-4b0f-99ab-aa5c7cef653d_1-416x446.webp 416w, https:\/\/www.scaleinalluminio.it\/wp-content\/uploads\/3463bb2d-a242-4b0f-99ab-aa5c7cef653d_1.webp 637w\" sizes=\"auto, (max-width: 280px) 100vw, 280px\" \/><\/a><figcaption id=\"caption-attachment-4244\" class=\"wp-caption-text\">Piattaforma in alluminio saliscendi<\/figcaption><\/figure>\n<figure id=\"attachment_4243\" aria-describedby=\"caption-attachment-4243\" style=\"width: 300px\" class=\"wp-caption alignnone\"><a href=\"https:\/\/www.scaleinalluminio.it\/wp-content\/uploads\/123e2f58-e46d-43e9-9384-bfb759648965_1.webp\"><img loading=\"lazy\" decoding=\"async\" class=\"size-medium wp-image-4243\" src=\"https:\/\/www.scaleinalluminio.it\/wp-content\/uploads\/123e2f58-e46d-43e9-9384-bfb759648965_1-300x240.webp\" alt=\"Piattaforma in alluminio saliscendi\" width=\"300\" height=\"240\" srcset=\"https:\/\/www.scaleinalluminio.it\/wp-content\/uploads\/123e2f58-e46d-43e9-9384-bfb759648965_1-300x240.webp 300w, https:\/\/www.scaleinalluminio.it\/wp-content\/uploads\/123e2f58-e46d-43e9-9384-bfb759648965_1-768x614.webp 768w, https:\/\/www.scaleinalluminio.it\/wp-content\/uploads\/123e2f58-e46d-43e9-9384-bfb759648965_1-324x259.webp 324w, https:\/\/www.scaleinalluminio.it\/wp-content\/uploads\/123e2f58-e46d-43e9-9384-bfb759648965_1-416x333.webp 416w, https:\/\/www.scaleinalluminio.it\/wp-content\/uploads\/123e2f58-e46d-43e9-9384-bfb759648965_1.webp 1000w\" sizes=\"auto, (max-width: 300px) 100vw, 300px\" \/><\/a><figcaption id=\"caption-attachment-4243\" class=\"wp-caption-text\">Piattaforma in alluminio saliscendi<\/figcaption><\/figure>\n<figure id=\"attachment_4242\" aria-describedby=\"caption-attachment-4242\" style=\"width: 254px\" class=\"wp-caption alignnone\"><a href=\"https:\/\/www.scaleinalluminio.it\/wp-content\/uploads\/9c9ec716-91f0-43ec-bad0-ac4a63265c1b_1.webp\"><img loading=\"lazy\" decoding=\"async\" class=\"size-medium wp-image-4242\" src=\"https:\/\/www.scaleinalluminio.it\/wp-content\/uploads\/9c9ec716-91f0-43ec-bad0-ac4a63265c1b_1-254x300.webp\" alt=\"Piattaforma in alluminio saliscendi\" width=\"254\" height=\"300\" srcset=\"https:\/\/www.scaleinalluminio.it\/wp-content\/uploads\/9c9ec716-91f0-43ec-bad0-ac4a63265c1b_1-254x300.webp 254w, https:\/\/www.scaleinalluminio.it\/wp-content\/uploads\/9c9ec716-91f0-43ec-bad0-ac4a63265c1b_1-768x907.webp 768w, https:\/\/www.scaleinalluminio.it\/wp-content\/uploads\/9c9ec716-91f0-43ec-bad0-ac4a63265c1b_1-324x383.webp 324w, https:\/\/www.scaleinalluminio.it\/wp-content\/uploads\/9c9ec716-91f0-43ec-bad0-ac4a63265c1b_1-416x491.webp 416w, https:\/\/www.scaleinalluminio.it\/wp-content\/uploads\/9c9ec716-91f0-43ec-bad0-ac4a63265c1b_1.webp 847w\" sizes=\"auto, (max-width: 254px) 100vw, 254px\" \/><\/a><figcaption id=\"caption-attachment-4242\" class=\"wp-caption-text\">Piattaforma in alluminio saliscendi<\/figcaption><\/figure>\n<figure id=\"attachment_4241\" aria-describedby=\"caption-attachment-4241\" style=\"width: 300px\" class=\"wp-caption alignnone\"><a href=\"https:\/\/www.scaleinalluminio.it\/wp-content\/uploads\/5ca70d72-b62b-45d7-a4a2-ba8d172388d7_1.webp\"><img loading=\"lazy\" decoding=\"async\" class=\"size-medium wp-image-4241\" src=\"https:\/\/www.scaleinalluminio.it\/wp-content\/uploads\/5ca70d72-b62b-45d7-a4a2-ba8d172388d7_1-300x250.webp\" alt=\"Piattaforma in alluminio saliscendi\" width=\"300\" height=\"250\" srcset=\"https:\/\/www.scaleinalluminio.it\/wp-content\/uploads\/5ca70d72-b62b-45d7-a4a2-ba8d172388d7_1-300x250.webp 300w, https:\/\/www.scaleinalluminio.it\/wp-content\/uploads\/5ca70d72-b62b-45d7-a4a2-ba8d172388d7_1-768x640.webp 768w, https:\/\/www.scaleinalluminio.it\/wp-content\/uploads\/5ca70d72-b62b-45d7-a4a2-ba8d172388d7_1-324x270.webp 324w, https:\/\/www.scaleinalluminio.it\/wp-content\/uploads\/5ca70d72-b62b-45d7-a4a2-ba8d172388d7_1-416x347.webp 416w, https:\/\/www.scaleinalluminio.it\/wp-content\/uploads\/5ca70d72-b62b-45d7-a4a2-ba8d172388d7_1.webp 1000w\" sizes=\"auto, (max-width: 300px) 100vw, 300px\" \/><\/a><figcaption id=\"caption-attachment-4241\" class=\"wp-caption-text\">Piattaforma in alluminio saliscendi<\/figcaption><\/figure>\n<figure id=\"attachment_4240\" aria-describedby=\"caption-attachment-4240\" style=\"width: 300px\" class=\"wp-caption alignnone\"><a href=\"https:\/\/www.scaleinalluminio.it\/wp-content\/uploads\/1a1aafed-998c-41e7-bfe8-eb5dbda43e16_1.webp\"><img loading=\"lazy\" decoding=\"async\" class=\"size-medium wp-image-4240\" src=\"https:\/\/www.scaleinalluminio.it\/wp-content\/uploads\/1a1aafed-998c-41e7-bfe8-eb5dbda43e16_1-300x217.webp\" alt=\"Piattaforma in alluminio saliscendi\" width=\"300\" height=\"217\" srcset=\"https:\/\/www.scaleinalluminio.it\/wp-content\/uploads\/1a1aafed-998c-41e7-bfe8-eb5dbda43e16_1-300x217.webp 300w, https:\/\/www.scaleinalluminio.it\/wp-content\/uploads\/1a1aafed-998c-41e7-bfe8-eb5dbda43e16_1-768x556.webp 768w, https:\/\/www.scaleinalluminio.it\/wp-content\/uploads\/1a1aafed-998c-41e7-bfe8-eb5dbda43e16_1-324x235.webp 324w, https:\/\/www.scaleinalluminio.it\/wp-content\/uploads\/1a1aafed-998c-41e7-bfe8-eb5dbda43e16_1-416x301.webp 416w, https:\/\/www.scaleinalluminio.it\/wp-content\/uploads\/1a1aafed-998c-41e7-bfe8-eb5dbda43e16_1.webp 1000w\" sizes=\"auto, (max-width: 300px) 100vw, 300px\" \/><\/a><figcaption id=\"caption-attachment-4240\" class=\"wp-caption-text\">Piattaforma in alluminio saliscendi<\/figcaption><\/figure>\n<figure id=\"attachment_4239\" aria-describedby=\"caption-attachment-4239\" style=\"width: 300px\" class=\"wp-caption alignnone\"><a href=\"https:\/\/www.scaleinalluminio.it\/wp-content\/uploads\/df15040f-a4e5-4492-84ad-8e5a40073ea9_1.webp\"><img loading=\"lazy\" decoding=\"async\" class=\"size-medium wp-image-4239\" src=\"https:\/\/www.scaleinalluminio.it\/wp-content\/uploads\/df15040f-a4e5-4492-84ad-8e5a40073ea9_1-300x214.webp\" alt=\"Piattaforma in alluminio saliscendi\" width=\"300\" height=\"214\" srcset=\"https:\/\/www.scaleinalluminio.it\/wp-content\/uploads\/df15040f-a4e5-4492-84ad-8e5a40073ea9_1-300x214.webp 300w, https:\/\/www.scaleinalluminio.it\/wp-content\/uploads\/df15040f-a4e5-4492-84ad-8e5a40073ea9_1-768x548.webp 768w, https:\/\/www.scaleinalluminio.it\/wp-content\/uploads\/df15040f-a4e5-4492-84ad-8e5a40073ea9_1-324x231.webp 324w, https:\/\/www.scaleinalluminio.it\/wp-content\/uploads\/df15040f-a4e5-4492-84ad-8e5a40073ea9_1-416x297.webp 416w, https:\/\/www.scaleinalluminio.it\/wp-content\/uploads\/df15040f-a4e5-4492-84ad-8e5a40073ea9_1.webp 1000w\" sizes=\"auto, (max-width: 300px) 100vw, 300px\" \/><\/a><figcaption id=\"caption-attachment-4239\" class=\"wp-caption-text\">Piattaforma in alluminio saliscendi<\/figcaption><\/figure>\n<figure id=\"attachment_4238\" aria-describedby=\"caption-attachment-4238\" style=\"width: 300px\" class=\"wp-caption alignnone\"><a href=\"https:\/\/www.scaleinalluminio.it\/wp-content\/uploads\/daa9919c-2fd4-453a-b731-932177dc3b84_1.webp\"><img loading=\"lazy\" decoding=\"async\" class=\"size-medium wp-image-4238\" src=\"https:\/\/www.scaleinalluminio.it\/wp-content\/uploads\/daa9919c-2fd4-453a-b731-932177dc3b84_1-300x191.webp\" alt=\"Piattaforma in alluminio saliscendi\" width=\"300\" height=\"191\" srcset=\"https:\/\/www.scaleinalluminio.it\/wp-content\/uploads\/daa9919c-2fd4-453a-b731-932177dc3b84_1-300x191.webp 300w, https:\/\/www.scaleinalluminio.it\/wp-content\/uploads\/daa9919c-2fd4-453a-b731-932177dc3b84_1.webp 312w\" sizes=\"auto, (max-width: 300px) 100vw, 300px\" \/><\/a><figcaption id=\"caption-attachment-4238\" class=\"wp-caption-text\">Piattaforma in alluminio saliscendi<\/figcaption><\/figure>\n<figure id=\"attachment_4237\" aria-describedby=\"caption-attachment-4237\" style=\"width: 300px\" class=\"wp-caption alignnone\"><a href=\"https:\/\/www.scaleinalluminio.it\/wp-content\/uploads\/c6286b35-a518-4922-9bf8-5daabc12ae33_1.webp\"><img loading=\"lazy\" decoding=\"async\" class=\"size-medium wp-image-4237\" src=\"https:\/\/www.scaleinalluminio.it\/wp-content\/uploads\/c6286b35-a518-4922-9bf8-5daabc12ae33_1-300x225.webp\" alt=\"Piattaforma in alluminio saliscendi\" width=\"300\" height=\"225\" srcset=\"https:\/\/www.scaleinalluminio.it\/wp-content\/uploads\/c6286b35-a518-4922-9bf8-5daabc12ae33_1-300x225.webp 300w, https:\/\/www.scaleinalluminio.it\/wp-content\/uploads\/c6286b35-a518-4922-9bf8-5daabc12ae33_1-768x576.webp 768w, https:\/\/www.scaleinalluminio.it\/wp-content\/uploads\/c6286b35-a518-4922-9bf8-5daabc12ae33_1-324x243.webp 324w, https:\/\/www.scaleinalluminio.it\/wp-content\/uploads\/c6286b35-a518-4922-9bf8-5daabc12ae33_1-416x312.webp 416w, https:\/\/www.scaleinalluminio.it\/wp-content\/uploads\/c6286b35-a518-4922-9bf8-5daabc12ae33_1.webp 1000w\" sizes=\"auto, (max-width: 300px) 100vw, 300px\" \/><\/a><figcaption id=\"caption-attachment-4237\" class=\"wp-caption-text\">Piattaforma in alluminio saliscendi<\/figcaption><\/figure>\n<figure id=\"attachment_4236\" aria-describedby=\"caption-attachment-4236\" style=\"width: 300px\" class=\"wp-caption alignnone\"><a href=\"https:\/\/www.scaleinalluminio.it\/wp-content\/uploads\/ad817d35-4526-46d1-bb3c-61f5d431ecaa_1.webp\"><img loading=\"lazy\" decoding=\"async\" class=\"size-medium wp-image-4236\" src=\"https:\/\/www.scaleinalluminio.it\/wp-content\/uploads\/ad817d35-4526-46d1-bb3c-61f5d431ecaa_1-300x200.webp\" alt=\"Piattaforma in alluminio saliscendi\" width=\"300\" height=\"200\" srcset=\"https:\/\/www.scaleinalluminio.it\/wp-content\/uploads\/ad817d35-4526-46d1-bb3c-61f5d431ecaa_1-300x200.webp 300w, https:\/\/www.scaleinalluminio.it\/wp-content\/uploads\/ad817d35-4526-46d1-bb3c-61f5d431ecaa_1-768x512.webp 768w, https:\/\/www.scaleinalluminio.it\/wp-content\/uploads\/ad817d35-4526-46d1-bb3c-61f5d431ecaa_1-324x216.webp 324w, https:\/\/www.scaleinalluminio.it\/wp-content\/uploads\/ad817d35-4526-46d1-bb3c-61f5d431ecaa_1-416x277.webp 416w, https:\/\/www.scaleinalluminio.it\/wp-content\/uploads\/ad817d35-4526-46d1-bb3c-61f5d431ecaa_1.webp 1000w\" sizes=\"auto, (max-width: 300px) 100vw, 300px\" \/><\/a><figcaption id=\"caption-attachment-4236\" class=\"wp-caption-text\">Piattaforma in alluminio saliscendi<\/figcaption><\/figure>\n<p>&nbsp;<\/p>\n","protected":false},"excerpt":{"rendered":"<p>Piattaforma saliscendi G180 pedana 180&#215;45 cm Altezza piattaforma 52 cm<\/p>\n","protected":false},"featured_media":4243,"template":"","meta":[],"product_cat":[848],"product_tag":[],"class_list":["post-4213","product","type-product","status-publish","has-post-thumbnail","hentry","product_cat-saliscendi","product_shipping_class-sda2","pa_altezza-piano-738","pa_certficazione-en-14183"],"_links":{"self":[{"href":"https:\/\/www.scaleinalluminio.it\/pedane\/wp-json\/wp\/v2\/product\/4213","targetHints":{"allow":["GET"]}}],"collection":[{"href":"https:\/\/www.scaleinalluminio.it\/pedane\/wp-json\/wp\/v2\/product"}],"about":[{"href":"https:\/\/www.scaleinalluminio.it\/pedane\/wp-json\/wp\/v2\/types\/product"}],"wp:featuredmedia":[{"embeddable":true,"href":"https:\/\/www.scaleinalluminio.it\/pedane\/wp-json\/wp\/v2\/media\/4243"}],"wp:attachment":[{"href":"https:\/\/www.scaleinalluminio.it\/pedane\/wp-json\/wp\/v2\/media?parent=4213"}],"wp:term":[{"taxonomy":"product_cat","embeddable":true,"href":"https:\/\/www.scaleinalluminio.it\/pedane\/wp-json\/wp\/v2\/product_cat?post=4213"},{"taxonomy":"product_tag","embeddable":true,"href":"https:\/\/www.scaleinalluminio.it\/pedane\/wp-json\/wp\/v2\/product_tag?post=4213"}],"curies":[{"name":"wp","href":"https:\/\/api.w.org\/{rel}","templated":true}]}}