{"id":4254,"date":"2026-01-18T22:34:31","date_gmt":"2026-01-18T21:34:31","guid":{"rendered":"https:\/\/www.scaleinalluminio.it\/palchetto2\/?post_type=product&#038;p=4254"},"modified":"2026-01-21T23:24:56","modified_gmt":"2026-01-21T22:24:56","slug":"pal203n","status":"publish","type":"product","link":"https:\/\/www.scaleinalluminio.it\/palchetto\/palco\/pal203n","title":{"rendered":"Scala professionale a palchetto in alluminio Palco 3 gradini"},"content":{"rendered":"<p>Scala a palco smontabile a gradini maggiorati e ruote autofrenanti &#8211; un tronco di salita<br \/>\nProvvista di 4 ruote (2 autofrenanti e 2 con freno), piattaforma, corrimani e guarda-corpo sui tre lati.<br \/>\nCostruita in alluminio estruso nervato con ampia piattaforma di lavoro, fermapiedi e guarda-corpo di protezione che avvolge l\u2019operatore proteggendolo su tutti i lati.<br \/>\nLa rampa di salita larga e comoda ha un\u2019inclinazione di 55\u00b0 per una salita pi\u00f9 semplice garantita anche dai gradini piani antisdrucciolo profondi 20 cm e con distanza di soli 23 cm l\u2019uno dall\u2019altro.<br \/>\nSchienale quasi verticale perpendicolare al terreno.<br \/>\nPer evitare alti costi di trasporto la scala \u00e8 fornita smontata e pu\u00f2 essere facilmente assemblata tramite il libretto istruzioni dettagliato (il costo di montaggio non \u00e8 incluso nel prezzo).<\/p>\n<p>Sistema frenante<br \/>\nE&#8217; attivo quando la scala \u00e8 in opera in posizione di lavoro e l\u2019operatore vi sale.<br \/>\nSi disattiva non appena l\u2019operatore scende dalla scala.<br \/>\nLa scala deve essere frenata prima di salire per una sicurezza supplementare.<br \/>\nLa scala non deve comunque essere movimentata con persone, oggetti e\/o materiale a bordo.<br \/>\nLa scala \u00e8 prodotta a norma italiana ed \u00e8 conforme all\u2019utilizzo secondo il Decreto Legislativo n.81\/2008. <\/p>\n<p>    Parapetto sui 3 lati<br \/>\n    Corrimano incluso su un solo lato (il corrimano sul secondo lato \u00e8 optional)<br \/>\n    2 ruote a molla con freno \u00d8 mm 125<br \/>\n    2 ruote a molla senza freno \u00d8 mm 125<br \/>\n    Pedata (profondit\u00e0) gradini: cm 20<br \/>\n    Profilo rampa: mm 65&#215;25<br \/>\n    Passo (distanza tra) gradini: cm 24<br \/>\n    Altezza parapetto: cm 100<br \/>\n    Altezza fermapiede: cm 6<br \/>\n    Piattaforma maggiorata: cm 60&#215;80<br \/>\n    Larghezza rampa: cm 60<br \/>\n    Inclinazione rampa di salita: 55\u00b0<br \/>\n    Etichette e manuale d\u2019uso e manutenzione<br \/>\n    Imballo in termoretraibile con poster<\/p>\n\n<table id=\"tablepress-PALCO\" class=\"tablepress tablepress-id-PALCO\">\n<thead>\n<tr class=\"row-1 odd\">\n\t<th class=\"column-1\">Cod<\/th><th class=\"column-2\">Gradini n.<\/th><th class=\"column-3\">Altezza piattaforma m<\/th><th class=\"column-4\">Altezza totale m<\/th><th class=\"column-5\">Altezza di lavoro m<\/th><th class=\"column-6\">Ingombro a terra m<\/th><th class=\"column-7\">Peso Kg<\/th>\n<\/tr>\n<\/thead>\n<tbody class=\"row-hover\">\n<tr class=\"row-2 even\">\n\t<td class=\"column-1\">SPALCO203N<\/td><td class=\"column-2\">3<\/td><td class=\"column-3\">0,66<\/td><td class=\"column-4\">1,57<\/td><td class=\"column-5\">2,66<\/td><td class=\"column-6\">0,77\u04451,24<\/td><td class=\"column-7\">38,00<\/td>\n<\/tr>\n<tr class=\"row-3 odd\">\n\t<td class=\"column-1\">SPALCO204N<\/td><td class=\"column-2\">4<\/td><td class=\"column-3\">0,90<\/td><td class=\"column-4\">1,81<\/td><td class=\"column-5\">2,90<\/td><td class=\"column-6\">0,82\u04451,41<\/td><td class=\"column-7\">41,00<\/td>\n<\/tr>\n<tr class=\"row-4 even\">\n\t<td class=\"column-1\">SPALCO205N<\/td><td class=\"column-2\">5<\/td><td class=\"column-3\">1,14<\/td><td class=\"column-4\">2,05<\/td><td class=\"column-5\">3,14<\/td><td class=\"column-6\">0,88\u04451,58<\/td><td class=\"column-7\">45,00<\/td>\n<\/tr>\n<tr class=\"row-5 odd\">\n\t<td class=\"column-1\">SPALCO206N<\/td><td class=\"column-2\">6<\/td><td class=\"column-3\">1,38<\/td><td class=\"column-4\">2,29<\/td><td class=\"column-5\">3,38<\/td><td class=\"column-6\">0,94\u04451,75<\/td><td class=\"column-7\">48,00<\/td>\n<\/tr>\n<tr class=\"row-6 even\">\n\t<td class=\"column-1\">SPALCO207N <\/td><td class=\"column-2\">7<\/td><td class=\"column-3\">1,62<\/td><td class=\"column-4\">2,53<\/td><td class=\"column-5\">3,62<\/td><td class=\"column-6\">1,00\u04451,92<\/td><td class=\"column-7\">52,00<\/td>\n<\/tr>\n<tr class=\"row-7 odd\">\n\t<td class=\"column-1\">SPALCO208N <\/td><td class=\"column-2\">8<\/td><td class=\"column-3\">1,86<\/td><td class=\"column-4\">2,77<\/td><td class=\"column-5\">3,86<\/td><td class=\"column-6\">1,07\u04452,09<\/td><td class=\"column-7\">56,00<\/td>\n<\/tr>\n<\/tbody>\n<\/table>\n<!-- #tablepress-PALCO from cache -->\n","protected":false},"excerpt":{"rendered":"<p>Scala a palco smontabile a gradini maggiorati e ruote autofrenanti &#8211; un tronco di salita Provvista di 4 ruote (2 autofrenanti e 2 con freno), piattaforma, corrimani e guarda-corpo sui tre lati. Costruita in alluminio estruso nervato con ampia piattaforma di lavoro, fermapiedi e guarda-corpo di protezione che avvolge l\u2019operatore proteggendolo su tutti i lati. [&hellip;]<\/p>\n","protected":false},"featured_media":4348,"template":"","meta":[],"product_cat":[840],"product_tag":[],"class_list":["post-4254","product","type-product","status-publish","has-post-thumbnail","hentry","product_cat-palco","product_shipping_class-palchetto-34","pa_altezza-piano-810","pa_certficazione-en-131","pa_ngradini-454"],"_links":{"self":[{"href":"https:\/\/www.scaleinalluminio.it\/palchetto\/wp-json\/wp\/v2\/product\/4254","targetHints":{"allow":["GET"]}}],"collection":[{"href":"https:\/\/www.scaleinalluminio.it\/palchetto\/wp-json\/wp\/v2\/product"}],"about":[{"href":"https:\/\/www.scaleinalluminio.it\/palchetto\/wp-json\/wp\/v2\/types\/product"}],"wp:featuredmedia":[{"embeddable":true,"href":"https:\/\/www.scaleinalluminio.it\/palchetto\/wp-json\/wp\/v2\/media\/4348"}],"wp:attachment":[{"href":"https:\/\/www.scaleinalluminio.it\/palchetto\/wp-json\/wp\/v2\/media?parent=4254"}],"wp:term":[{"taxonomy":"product_cat","embeddable":true,"href":"https:\/\/www.scaleinalluminio.it\/palchetto\/wp-json\/wp\/v2\/product_cat?post=4254"},{"taxonomy":"product_tag","embeddable":true,"href":"https:\/\/www.scaleinalluminio.it\/palchetto\/wp-json\/wp\/v2\/product_tag?post=4254"}],"curies":[{"name":"wp","href":"https:\/\/api.w.org\/{rel}","templated":true}]}}