{"id":4203,"date":"2018-09-24T10:31:44","date_gmt":"2018-09-24T08:31:44","guid":{"rendered":"https:\/\/www.scaleinalluminio.it\/palchetto2\/?post_type=product&#038;p=4203"},"modified":"2026-01-21T23:24:35","modified_gmt":"2026-01-21T22:24:35","slug":"s2404","status":"publish","type":"product","link":"https:\/\/www.scaleinalluminio.it\/palchetto\/itsp\/s2404","title":{"rendered":"Scale a palchetto IT SP 4 gradini"},"content":{"rendered":"<p>Scala a palchetto richiudibile 4 gradini<\/p>\n<p>CARATTERISTICHE<br \/>\nAltezza piano: 1000 mm<br \/>\nAltezza totale: 2000 mm<br \/>\nLunghezza totale chiusa: 2270 mm<br \/>\nPORTATA MASSIMA : 150 kg<br \/>\nFIANCATE: alluminio anodizzato 65 x 30 mm<br \/>\nPIANEROTTOLO: alluminio antiscivolo 490 x 490 mm<br \/>\nRUOTE: posteriori \u00f8 140 mm<br \/>\nGRADINI: alluminio antiscivolo 150 x 23 mm<br \/>\nLARGHEZZA BASE: 580 mm<br \/>\nNORMA DI SICUREZZA: D. Lgs. n\u00b0 81\/2008<\/p>\n<p>DESCRIZIONE<br \/>\nE&#8217; costruita con montanti in alluminio, gradini e pianerottolo in alluminio antiscivolo.<br \/>\nE&#8217; munita di corrimano, base stabilizzatrice posteriore che evita il ribaltamento laterale, e di ruote posteriori che ne rendono facile la movimentazione.<br \/>\nL&#8217;inclinazione di 60\u00b0 ed i gradini da 150 mm rendono la salita ancora pi\u00f9 agevole.<br \/>\nPu\u00f2 essere richiusa con facilit\u00e0 in modo da ridurre gli ingombri di deposito e trasporto.<br \/>\nParapetto in quota da 1000 mm di altezza e corrimani su ambo i lati in acciaio.<\/p>\n<p>Le scale a palchetto sono costruite con telaio in alluminio, gradini e pianerottolo in alluminio antiscivolo.<br \/>\nLe scale a palchetto, inoltre, sono munite di corrimano e sono fornite con stabilizzatori lposteriori in modo da evitare il ribaltamento della scala durante l\u2019 utilizzo.<br \/>\nSono ideali per lavori gravosi e permettono all&#8217;operatore di lavorare in quota in tutta comodit\u00e0 con il massimo della sicurezza grazie all&#8217;amplia pedana da 490 x 490 mm.<\/p>\n<p>La scala si apre e si richiude facilmente a mezzo degli appositi volantini di chiusura.<\/p>\n<p>GRADINI<br \/>\nI gradini sono montati ed avvitati su attacchi in pressofusione di alluminio; on sono saldati o riattuti; questo conferisce particolare rbustezza alla struttura; in caso di rottura accidentale possono poi essere facilemte sostituiti.<\/p>\n<p>RUOTE<br \/>\nLa scala \u00e8 provvista di ruote posteriori per lo spostamento; in posizione di salita la scala a palchetto poggia sugli appositi piedini; Per lo spostamento la scla deve essere sollavata come una carriola.<\/p>\n<p>NORMATIVA DI RIFERIMENTO<br \/>\nLa presente scala a palchettp \u00e8 costruita e certificata in base al D.lgs 81\/2008 (TU sicurezza lavoro articolo 113.)<\/p>\n<p>LARGHEZZA SCALA<br \/>\nLa larghezza della scala \u00e8 pari a 580 mm esterno da montante a montante; Lo spazio utile per poggiare i piedi sui gradini \u00e8 di 520 mm. La dimensione dei gradini \u00e8 quindi 520 mm di larghezza; 150 mm di profondit\u00e0 (pedata); altezza 23 mm.<\/p>\n<p>MODELLI DISPONIBILI<br \/>\nI modelli sono disponibili dai 4 ai 10 gradini; la pedana in quota viene conteggiata come gradino. L&#8217;altezza al piono varia tra un metro per la versione pi\u00f9 piccola ed i 2 metri e mezzo per la versione pi\u00f9 grande.<\/p>\n<p>\n<table id=\"tablepress-ITSP\" class=\"tablepress tablepress-id-ITSP\">\n<thead>\n<tr class=\"row-1 odd\">\n\t<th class=\"column-1\">Numero gradini<\/th><th class=\"column-2\">A (mm)<\/th><th class=\"column-3\">B (mm)<\/th><th class=\"column-4\">C (mm)<\/th><th class=\"column-5\">D (mm)<\/th><th class=\"column-6\">E (mm)<\/th><th class=\"column-7\">F (mm)<\/th><th class=\"column-8\">G (mm)<\/th><th class=\"column-9\">H (mm)<\/th><th class=\"column-10\">Peso<\/th>\n<\/tr>\n<\/thead>\n<tbody class=\"row-hover\">\n<tr class=\"row-2 even\">\n\t<td class=\"column-1\">4 gradini<\/td><td class=\"column-2\">1000<\/td><td class=\"column-3\">2000<\/td><td class=\"column-4\">2270<\/td><td class=\"column-5\">900<\/td><td class=\"column-6\">1290<\/td><td class=\"column-7\">380<\/td><td class=\"column-8\">2850<\/td><td class=\"column-9\">580<\/td><td class=\"column-10\">23 Kg<\/td>\n<\/tr>\n<tr class=\"row-3 odd\">\n\t<td class=\"column-1\">5 gradini<\/td><td class=\"column-2\">1250<\/td><td class=\"column-3\">2250<\/td><td class=\"column-4\">2550<\/td><td class=\"column-5\">900<\/td><td class=\"column-6\">1450<\/td><td class=\"column-7\">380<\/td><td class=\"column-8\">3100<\/td><td class=\"column-9\">580<\/td><td class=\"column-10\">26 Kg<\/td>\n<\/tr>\n<tr class=\"row-4 even\">\n\t<td class=\"column-1\">6 gradini<\/td><td class=\"column-2\">1500<\/td><td class=\"column-3\">2500<\/td><td class=\"column-4\">2830<\/td><td class=\"column-5\">900<\/td><td class=\"column-6\">1610<\/td><td class=\"column-7\">380<\/td><td class=\"column-8\">3350<\/td><td class=\"column-9\">580<\/td><td class=\"column-10\">29 Kg<\/td>\n<\/tr>\n<tr class=\"row-5 odd\">\n\t<td class=\"column-1\">7 gradini<\/td><td class=\"column-2\">1750<\/td><td class=\"column-3\">2750<\/td><td class=\"column-4\">3110<\/td><td class=\"column-5\">900<\/td><td class=\"column-6\">1770<\/td><td class=\"column-7\">380<\/td><td class=\"column-8\">3600<\/td><td class=\"column-9\">580<\/td><td class=\"column-10\">32 Kg<\/td>\n<\/tr>\n<tr class=\"row-6 even\">\n\t<td class=\"column-1\">8 gradini<\/td><td class=\"column-2\">2000<\/td><td class=\"column-3\">3000<\/td><td class=\"column-4\">3390<\/td><td class=\"column-5\">900<\/td><td class=\"column-6\">1930<\/td><td class=\"column-7\">380<\/td><td class=\"column-8\">3850<\/td><td class=\"column-9\">580<\/td><td class=\"column-10\">35 Kg<\/td>\n<\/tr>\n<tr class=\"row-7 odd\">\n\t<td class=\"column-1\">9 gradini<\/td><td class=\"column-2\">2250<\/td><td class=\"column-3\">3250<\/td><td class=\"column-4\">3670<\/td><td class=\"column-5\">900<\/td><td class=\"column-6\">2210<\/td><td class=\"column-7\">380<\/td><td class=\"column-8\">4100<\/td><td class=\"column-9\">580<\/td><td class=\"column-10\">38 Kg<\/td>\n<\/tr>\n<tr class=\"row-8 even\">\n\t<td class=\"column-1\">10 gradini<\/td><td class=\"column-2\">2500<\/td><td class=\"column-3\">3500<\/td><td class=\"column-4\">3950<\/td><td class=\"column-5\">900<\/td><td class=\"column-6\">2490<\/td><td class=\"column-7\">380<\/td><td class=\"column-8\">4350<\/td><td class=\"column-9\">580<\/td><td class=\"column-10\">41 Kg<\/td>\n<\/tr>\n<\/tbody>\n<\/table>\n<!-- #tablepress-ITSP from cache --><br \/>\n<figure id=\"attachment_4206\" aria-describedby=\"caption-attachment-4206\" style=\"width: 300px\" class=\"wp-caption alignnone\"><a href=\"https:\/\/www.scaleinalluminio.it\/wp-content\/uploads\/sp_misure.png\"><img loading=\"lazy\" decoding=\"async\" src=\"https:\/\/www.scaleinalluminio.it\/wp-content\/uploads\/sp_misure-300x300.png\" alt=\"Scale a palchetto IT SP misure\" width=\"300\" height=\"300\" class=\"size-medium wp-image-4206\" srcset=\"https:\/\/www.scaleinalluminio.it\/wp-content\/uploads\/sp_misure-300x300.png 300w, https:\/\/www.scaleinalluminio.it\/wp-content\/uploads\/sp_misure-150x150.png 150w, https:\/\/www.scaleinalluminio.it\/wp-content\/uploads\/sp_misure-324x324.png 324w, https:\/\/www.scaleinalluminio.it\/wp-content\/uploads\/sp_misure-416x416.png 416w, https:\/\/www.scaleinalluminio.it\/wp-content\/uploads\/sp_misure-100x100.png 100w, https:\/\/www.scaleinalluminio.it\/wp-content\/uploads\/sp_misure.png 500w\" sizes=\"auto, (max-width: 300px) 100vw, 300px\" \/><\/a><figcaption id=\"caption-attachment-4206\" class=\"wp-caption-text\">Scale a palchetto IT SP misure<\/figcaption><\/figure><\/p>\n<figure id=\"attachment_4207\" aria-describedby=\"caption-attachment-4207\" style=\"width: 300px\" class=\"wp-caption alignnone\"><a href=\"https:\/\/www.scaleinalluminio.it\/wp-content\/uploads\/scala_palchetto_alluminio.jpg\"><img loading=\"lazy\" decoding=\"async\" src=\"https:\/\/www.scaleinalluminio.it\/wp-content\/uploads\/scala_palchetto_alluminio-300x300.jpg\" alt=\"Scale a palchetto IT SP \" width=\"300\" height=\"300\" class=\"size-medium wp-image-4207\" srcset=\"https:\/\/www.scaleinalluminio.it\/wp-content\/uploads\/scala_palchetto_alluminio-300x300.jpg 300w, https:\/\/www.scaleinalluminio.it\/wp-content\/uploads\/scala_palchetto_alluminio-150x150.jpg 150w, https:\/\/www.scaleinalluminio.it\/wp-content\/uploads\/scala_palchetto_alluminio-768x768.jpg 768w, https:\/\/www.scaleinalluminio.it\/wp-content\/uploads\/scala_palchetto_alluminio-324x324.jpg 324w, https:\/\/www.scaleinalluminio.it\/wp-content\/uploads\/scala_palchetto_alluminio-416x416.jpg 416w, https:\/\/www.scaleinalluminio.it\/wp-content\/uploads\/scala_palchetto_alluminio-100x100.jpg 100w, https:\/\/www.scaleinalluminio.it\/wp-content\/uploads\/scala_palchetto_alluminio.jpg 800w\" sizes=\"auto, (max-width: 300px) 100vw, 300px\" \/><\/a><figcaption id=\"caption-attachment-4207\" class=\"wp-caption-text\">Scale a palchetto IT SP<\/figcaption><\/figure>\n<figure id=\"attachment_4209\" aria-describedby=\"caption-attachment-4209\" style=\"width: 300px\" class=\"wp-caption alignnone\"><a href=\"https:\/\/www.scaleinalluminio.it\/wp-content\/uploads\/sp_2.jpg\"><img loading=\"lazy\" decoding=\"async\" src=\"https:\/\/www.scaleinalluminio.it\/wp-content\/uploads\/sp_2-300x300.jpg\" alt=\"Scale a palchetto IT SP\" width=\"300\" height=\"300\" class=\"size-medium wp-image-4209\" srcset=\"https:\/\/www.scaleinalluminio.it\/wp-content\/uploads\/sp_2-300x300.jpg 300w, https:\/\/www.scaleinalluminio.it\/wp-content\/uploads\/sp_2-150x150.jpg 150w, https:\/\/www.scaleinalluminio.it\/wp-content\/uploads\/sp_2-768x768.jpg 768w, https:\/\/www.scaleinalluminio.it\/wp-content\/uploads\/sp_2-324x324.jpg 324w, https:\/\/www.scaleinalluminio.it\/wp-content\/uploads\/sp_2-416x416.jpg 416w, https:\/\/www.scaleinalluminio.it\/wp-content\/uploads\/sp_2-100x100.jpg 100w, https:\/\/www.scaleinalluminio.it\/wp-content\/uploads\/sp_2.jpg 800w\" sizes=\"auto, (max-width: 300px) 100vw, 300px\" \/><\/a><figcaption id=\"caption-attachment-4209\" class=\"wp-caption-text\">Scale a palchetto IT SP<\/figcaption><\/figure>\n","protected":false},"excerpt":{"rendered":"<p>Scale a palchetto IT SP 4 gradini. L&#8217;inclinazione di 60\u00b0 ed i gradini da 150 mm rendono la salita ancora pi\u00f9 agevole.<\/p>\n","protected":false},"featured_media":4208,"template":"","meta":[],"product_cat":[839],"product_tag":[],"class_list":["post-4203","product","type-product","status-publish","has-post-thumbnail","hentry","product_cat-itsp","product_shipping_class-palchetto-34","pa_altezza-piano-410","pa_certficazione-d-lgs-81-2008","pa_ngradini-411","pa_pedana-pedana-490-x-490-mm"],"_links":{"self":[{"href":"https:\/\/www.scaleinalluminio.it\/palchetto\/wp-json\/wp\/v2\/product\/4203","targetHints":{"allow":["GET"]}}],"collection":[{"href":"https:\/\/www.scaleinalluminio.it\/palchetto\/wp-json\/wp\/v2\/product"}],"about":[{"href":"https:\/\/www.scaleinalluminio.it\/palchetto\/wp-json\/wp\/v2\/types\/product"}],"wp:featuredmedia":[{"embeddable":true,"href":"https:\/\/www.scaleinalluminio.it\/palchetto\/wp-json\/wp\/v2\/media\/4208"}],"wp:attachment":[{"href":"https:\/\/www.scaleinalluminio.it\/palchetto\/wp-json\/wp\/v2\/media?parent=4203"}],"wp:term":[{"taxonomy":"product_cat","embeddable":true,"href":"https:\/\/www.scaleinalluminio.it\/palchetto\/wp-json\/wp\/v2\/product_cat?post=4203"},{"taxonomy":"product_tag","embeddable":true,"href":"https:\/\/www.scaleinalluminio.it\/palchetto\/wp-json\/wp\/v2\/product_tag?post=4203"}],"curies":[{"name":"wp","href":"https:\/\/api.w.org\/{rel}","templated":true}]}}