{"id":966,"date":"2024-03-30T22:02:23","date_gmt":"2024-03-30T21:02:23","guid":{"rendered":"https:\/\/www.scaleinalluminio.it\/castello2\/?post_type=product&#038;p=966"},"modified":"2025-10-04T23:35:15","modified_gmt":"2025-10-04T21:35:15","slug":"caste4wd11","status":"publish","type":"product","link":"https:\/\/www.scaleinalluminio.it\/castello\/cst4\/caste4wd11","title":{"rendered":"Scala a castello castellana 11 gradini 4 WD"},"content":{"rendered":"<p>Per un utilizzo molto intensivo<br \/>\n4 ruote<br \/>\ngradini larghi<br \/>\npiattaforma maggiorata<\/p>\n<p>Altezza al piano 1.07<br \/>\nAltezza di Lavoro 3.07<br \/>\nNumero Gradini 4<\/p>\n<p>Utilizzo molto intensivo, 4 ruote autofrenanti, gradini larghi, piattaforma maggiorata<br \/>\nProvvista di 4 ruote autobloccanti, 2 braccioli, piattaforma, pianetto portattrezzi, corrimani, fermapiedi e guarda-corpo.<br \/>\nDotata di barre antiapertura\/chiusura accidentale \u00e8 prodotta secondo la normativa italiana vigente D.lgs 81\/08 e (su richiesta) secondo la normativa europea UNIEN131.<br \/>\nPer utilizzo professionale \u00e8 costruita in alluminio estruso nervato.<br \/>\nI gradini sono saldati ai montanti per creare un monolito ultraresistente.<br \/>\nE&#8217; ideale tra le scaffalature dei magazzini, sui macchinari speciali, negli aeroporti, nelle palestre e tra i loculi cimiteriali.<br \/>\nL&#8217;ampia rampa di salita, il guarda-corpo parapetto da cm 100 e l&#8217;ampia piattaforma di lavoro in alluminio cm 54 x 54 ne permettono l&#8217;utilizzo come scala a castello.<br \/>\nE\u2019 dotata infatti di aste di rinforzo antichiusura\/apertura che fungono anche da maniglie di sollevamento.<br \/>\nLe aste di rinforzo possono essere rapidamente ripiegate con le cerniere a chiusura rapida, che consentono di ripiegare la scala per il trasporto.<br \/>\n4 ruote diametro mm 80 consentono lo spostamento della scala a spinta.<br \/>\nIl sistema frenante \u00e8 automatico ed \u00e8 attivo quando la scala \u00e8 in opera in posizione di lavoro non appena l&#8217;operatore vi sale.<br \/>\nLa scala non deve comunque essere movimentata con persone, oggetti e\/o materiale a bordo.<br \/>\nDOTAZIONI STANDARD<\/p>\n<p>Aste di rinforzo e antiapertura\/chiusura accidentale (fungono da maniglie di sollevamento)<br \/>\nPianetto portattrezzi\/portaoggetti portata Kg 15<br \/>\nCorrimano di salita<br \/>\nBiscottini antiflessione sui gradini pi\u00f9 lunghi<br \/>\nTamponi in gomma antisdrucciolo ergonomici e maggiorati per la massima aderenza al suolo<br \/>\nEtichette e manuale d\u2019uso e manutenzione<br \/>\nImballo in termoretraibile con poster<br \/>\nCertificato di collaudo secondo le normative italiane<br \/>\nCARATTERISTICHE TECNICHE<\/p>\n<p>4 Ruote diametro mm 80<br \/>\nPortata kg 150<br \/>\nGuarda corpo con altezza cm 100<br \/>\nFermapiede cm 15<br \/>\nProfilo montanti mm 100 x 30<br \/>\nLarghezza rampa di salita cm 60<br \/>\nPiattaforma in alluminio nervato (cm 53&#215;67)<br \/>\nPasso tra i gradini cm 24<br \/>\nGradini piani antisdrucciolo cm 10<br \/>\nn. gradini: da 4 a 15<br \/>\nAltezze piattaforma: da 1,00 a m 3,90<\/p>\n<h3>SISTEMA FRENANTE<\/h3>\n<p>E&#8217; automatico ed \u00e8 attivo quando la scala \u00e8 in opera in posizione di lavoro.<br \/>\nLa scala non deve comunque essere movimentata con persone, oggetti e\/o materiale a bordo.<br \/>\nMISURE<br \/>\n\n<table id=\"tablepress-caste4\" class=\"tablepress tablepress-id-caste4\">\n<thead>\n<tr class=\"row-1 odd\">\n\t<th class=\"column-1\">Cod.<\/th><th class=\"column-2\">Gradini n.<\/th><th class=\"column-3\">Altezza piattaforma m<\/th><th class=\"column-4\">Altezza totale m<\/th><th class=\"column-5\">Altezza di lavoro m<\/th><th class=\"column-6\">Ingombro a terra m<\/th><th class=\"column-7\">Peso Kg<\/th><th class=\"column-8\">Distanza frontale scala dal muro mm<\/th>\n<\/tr>\n<\/thead>\n<tbody class=\"row-hover\">\n<tr class=\"row-2 even\">\n\t<td class=\"column-1\">CASTE4WD04<\/td><td class=\"column-2\">4<\/td><td class=\"column-3\">1,07<\/td><td class=\"column-4\">2,07<\/td><td class=\"column-5\">3,07<\/td><td class=\"column-6\">1,01x1,32<\/td><td class=\"column-7\">27<\/td><td class=\"column-8\">180<\/td>\n<\/tr>\n<tr class=\"row-3 odd\">\n\t<td class=\"column-1\">CASTE4WD05<\/td><td class=\"column-2\">5<\/td><td class=\"column-3\">1,32<\/td><td class=\"column-4\">2,32<\/td><td class=\"column-5\">3,32<\/td><td class=\"column-6\">1,01x1,47<\/td><td class=\"column-7\">29<\/td><td class=\"column-8\">250<\/td>\n<\/tr>\n<tr class=\"row-4 even\">\n\t<td class=\"column-1\">CASTE4WD06<\/td><td class=\"column-2\">6<\/td><td class=\"column-3\">1,60<\/td><td class=\"column-4\">2,60<\/td><td class=\"column-5\">3,60<\/td><td class=\"column-6\">1,01x1,60<\/td><td class=\"column-7\">31<\/td><td class=\"column-8\">310<\/td>\n<\/tr>\n<tr class=\"row-5 odd\">\n\t<td class=\"column-1\">CASTE4WD07<\/td><td class=\"column-2\">7<\/td><td class=\"column-3\">1,87<\/td><td class=\"column-4\">2,87<\/td><td class=\"column-5\">3,87<\/td><td class=\"column-6\">1,17x1,76<\/td><td class=\"column-7\">33<\/td><td class=\"column-8\">375<\/td>\n<\/tr>\n<tr class=\"row-6 even\">\n\t<td class=\"column-1\">CASTE4WD08<\/td><td class=\"column-2\">8<\/td><td class=\"column-3\">2,15<\/td><td class=\"column-4\">3,15<\/td><td class=\"column-5\">4,15<\/td><td class=\"column-6\">1,17x1,92<\/td><td class=\"column-7\">35<\/td><td class=\"column-8\">440<\/td>\n<\/tr>\n<tr class=\"row-7 odd\">\n\t<td class=\"column-1\">CASTE4WD09<\/td><td class=\"column-2\">9<\/td><td class=\"column-3\">2,37<\/td><td class=\"column-4\">3,37<\/td><td class=\"column-5\">4,37<\/td><td class=\"column-6\">1,17x2,06<\/td><td class=\"column-7\">37<\/td><td class=\"column-8\">500<\/td>\n<\/tr>\n<tr class=\"row-8 even\">\n\t<td class=\"column-1\">CASTE4WD10<\/td><td class=\"column-2\">10<\/td><td class=\"column-3\">2,65<\/td><td class=\"column-4\">3,65<\/td><td class=\"column-5\">4,65<\/td><td class=\"column-6\">1,17x2,20<\/td><td class=\"column-7\">39<\/td><td class=\"column-8\">570<\/td>\n<\/tr>\n<tr class=\"row-9 odd\">\n\t<td class=\"column-1\">CASTE4WD11<\/td><td class=\"column-2\">11<\/td><td class=\"column-3\">2,90<\/td><td class=\"column-4\">3,90<\/td><td class=\"column-5\">4,90<\/td><td class=\"column-6\">1,33x2,37<\/td><td class=\"column-7\">41<\/td><td class=\"column-8\">635<\/td>\n<\/tr>\n<tr class=\"row-10 even\">\n\t<td class=\"column-1\">CASTE4WD12<\/td><td class=\"column-2\">12*<\/td><td class=\"column-3\">3,16<\/td><td class=\"column-4\">4,16<\/td><td class=\"column-5\">5,16<\/td><td class=\"column-6\">1,33x2,50<\/td><td class=\"column-7\">44<\/td><td class=\"column-8\">700<\/td>\n<\/tr>\n<tr class=\"row-11 odd\">\n\t<td class=\"column-1\">CASTE4WD13<\/td><td class=\"column-2\">13*<\/td><td class=\"column-3\">3,47<\/td><td class=\"column-4\">4,47<\/td><td class=\"column-5\">5,47<\/td><td class=\"column-6\">1,50x2,65<\/td><td class=\"column-7\">46<\/td><td class=\"column-8\">760<\/td>\n<\/tr>\n<tr class=\"row-12 even\">\n\t<td class=\"column-1\">CASTE4WD14<\/td><td class=\"column-2\">14*<\/td><td class=\"column-3\">3,75<\/td><td class=\"column-4\">4,75<\/td><td class=\"column-5\">5,75<\/td><td class=\"column-6\">1,50x2,80<\/td><td class=\"column-7\">48<\/td><td class=\"column-8\">830<\/td>\n<\/tr>\n<tr class=\"row-13 odd\">\n\t<td class=\"column-1\">CASTE4WD15<\/td><td class=\"column-2\">15*<\/td><td class=\"column-3\">3,90<\/td><td class=\"column-4\">4,90<\/td><td class=\"column-5\">5,90<\/td><td class=\"column-6\">1,50x2,95<\/td><td class=\"column-7\">50<\/td><td class=\"column-8\">890<\/td>\n<\/tr>\n<\/tbody>\n<\/table>\n<!-- #tablepress-caste4 from cache --><\/p>\n<h3>A RICHESTA<\/h3>\n<p>&#8211; Stabilizzatore ausiliario da 75 cm per corridoi stretti (utilizzabile solo tra 2 pareti senza possibilit\u00e0 di ribaltamento): cod. SCASTE00<br \/>\nN.B.: Se viene montato l\u2019allargatore da 75 cm la scala diventa a Norma Italiana.<br \/>\n&#8211; Misure speciali<br \/>\nscala_castello_alluminio_castellana_4wd_0.webp<br \/>\nIMMAGINI<\/p>\n<p>Scala a castello castellana 4 WD<\/p>\n<h3>IMMAGINI<\/h3>\n<figure id=\"attachment_1373\" aria-describedby=\"caption-attachment-1373\" style=\"width: 750px\" class=\"wp-caption aligncenter\"><a href=\"https:\/\/www.scaleinalluminio.it\/wp-content\/uploads\/scala_castello_castellana_4wd.jpg\"><img loading=\"lazy\" decoding=\"async\" class=\"wp-image-1373 size-full\" src=\"https:\/\/www.scaleinalluminio.it\/wp-content\/uploads\/scala_castello_castellana_4wd.jpg\" alt=\"Scala a castello castellana 4 WD\" width=\"750\" height=\"1000\" srcset=\"https:\/\/www.scaleinalluminio.it\/wp-content\/uploads\/scala_castello_castellana_4wd.jpg 750w, https:\/\/www.scaleinalluminio.it\/wp-content\/uploads\/scala_castello_castellana_4wd-225x300.jpg 225w, https:\/\/www.scaleinalluminio.it\/wp-content\/uploads\/scala_castello_castellana_4wd-416x555.jpg 416w\" sizes=\"auto, (max-width: 750px) 100vw, 750px\" \/><\/a><figcaption id=\"caption-attachment-1373\" class=\"wp-caption-text\">Scala a castello castellana 4 WD<\/figcaption><\/figure>\n<figure id=\"attachment_1375\" aria-describedby=\"caption-attachment-1375\" style=\"width: 279px\" class=\"wp-caption alignnone\"><a href=\"https:\/\/www.scaleinalluminio.it\/wp-content\/uploads\/scala_castello_alluminio_castellana_4wd_2.webp\"><img loading=\"lazy\" decoding=\"async\" class=\"size-medium wp-image-1375\" src=\"https:\/\/www.scaleinalluminio.it\/wp-content\/uploads\/scala_castello_alluminio_castellana_4wd_2-279x300.webp\" alt=\"Scala a castello castellana 4 WD dettaglio ruote\" width=\"279\" height=\"300\" srcset=\"https:\/\/www.scaleinalluminio.it\/wp-content\/uploads\/scala_castello_alluminio_castellana_4wd_2-279x300.webp 279w, https:\/\/www.scaleinalluminio.it\/wp-content\/uploads\/scala_castello_alluminio_castellana_4wd_2.webp 391w\" sizes=\"auto, (max-width: 279px) 100vw, 279px\" \/><\/a><figcaption id=\"caption-attachment-1375\" class=\"wp-caption-text\">Scala a castello castellana 4 WD dettaglio ruote<\/figcaption><\/figure>\n<figure id=\"attachment_1374\" aria-describedby=\"caption-attachment-1374\" style=\"width: 300px\" class=\"wp-caption alignnone\"><a href=\"https:\/\/www.scaleinalluminio.it\/wp-content\/uploads\/scala_castello_alluminio_castellana_4wd_1.webp\"><img loading=\"lazy\" decoding=\"async\" class=\"size-medium wp-image-1374\" src=\"https:\/\/www.scaleinalluminio.it\/wp-content\/uploads\/scala_castello_alluminio_castellana_4wd_1-300x300.webp\" alt=\"Scala a castello castellana 4 WD dettaglio ruote\" width=\"300\" height=\"300\" srcset=\"https:\/\/www.scaleinalluminio.it\/wp-content\/uploads\/scala_castello_alluminio_castellana_4wd_1-300x300.webp 300w, https:\/\/www.scaleinalluminio.it\/wp-content\/uploads\/scala_castello_alluminio_castellana_4wd_1-150x150.webp 150w, https:\/\/www.scaleinalluminio.it\/wp-content\/uploads\/scala_castello_alluminio_castellana_4wd_1-324x324.webp 324w, https:\/\/www.scaleinalluminio.it\/wp-content\/uploads\/scala_castello_alluminio_castellana_4wd_1-416x415.webp 416w, https:\/\/www.scaleinalluminio.it\/wp-content\/uploads\/scala_castello_alluminio_castellana_4wd_1-100x100.webp 100w, https:\/\/www.scaleinalluminio.it\/wp-content\/uploads\/scala_castello_alluminio_castellana_4wd_1.webp 666w\" sizes=\"auto, (max-width: 300px) 100vw, 300px\" \/><\/a><figcaption id=\"caption-attachment-1374\" class=\"wp-caption-text\">Scala a castello castellana 4 WD dettaglio ruote<\/figcaption><\/figure>\n<figure id=\"attachment_1216\" aria-describedby=\"caption-attachment-1216\" style=\"width: 300px\" class=\"wp-caption alignnone\"><a href=\"https:\/\/www.scaleinalluminio.it\/wp-content\/uploads\/scala_castello_alluminio_castellana_2-1.webp\"><img loading=\"lazy\" decoding=\"async\" class=\"size-medium wp-image-1216\" src=\"https:\/\/www.scaleinalluminio.it\/wp-content\/uploads\/scala_castello_alluminio_castellana_2-1-300x270.webp\" alt=\"Scala a castello castellana SLIM con zavorra dettaglio portaoggetti\" width=\"300\" height=\"270\" srcset=\"https:\/\/www.scaleinalluminio.it\/wp-content\/uploads\/scala_castello_alluminio_castellana_2-1-300x270.webp 300w, https:\/\/www.scaleinalluminio.it\/wp-content\/uploads\/scala_castello_alluminio_castellana_2-1-416x375.webp 416w, https:\/\/www.scaleinalluminio.it\/wp-content\/uploads\/scala_castello_alluminio_castellana_2-1.webp 573w\" sizes=\"auto, (max-width: 300px) 100vw, 300px\" \/><\/a><figcaption id=\"caption-attachment-1216\" class=\"wp-caption-text\">Scala a castello castellana SLIM con zavorra dettaglio portaoggetti<\/figcaption><\/figure>\n<figure id=\"attachment_1215\" aria-describedby=\"caption-attachment-1215\" style=\"width: 235px\" class=\"wp-caption alignnone\"><a href=\"https:\/\/www.scaleinalluminio.it\/wp-content\/uploads\/scala_castello_alluminio_castellana_5-1.webp\"><img loading=\"lazy\" decoding=\"async\" class=\"size-medium wp-image-1215\" src=\"https:\/\/www.scaleinalluminio.it\/wp-content\/uploads\/scala_castello_alluminio_castellana_5-1-235x300.webp\" alt=\"Scala a castello castellana SLIM con zavorra dettaglio gradini\" width=\"235\" height=\"300\" srcset=\"https:\/\/www.scaleinalluminio.it\/wp-content\/uploads\/scala_castello_alluminio_castellana_5-1-235x300.webp 235w, https:\/\/www.scaleinalluminio.it\/wp-content\/uploads\/scala_castello_alluminio_castellana_5-1-768x981.webp 768w, https:\/\/www.scaleinalluminio.it\/wp-content\/uploads\/scala_castello_alluminio_castellana_5-1-416x531.webp 416w, https:\/\/www.scaleinalluminio.it\/wp-content\/uploads\/scala_castello_alluminio_castellana_5-1.webp 783w\" sizes=\"auto, (max-width: 235px) 100vw, 235px\" \/><\/a><figcaption id=\"caption-attachment-1215\" class=\"wp-caption-text\">Scala a castello castellana SLIM con zavorra dettaglio gradini<\/figcaption><\/figure>\n<figure id=\"attachment_1214\" aria-describedby=\"caption-attachment-1214\" style=\"width: 300px\" class=\"wp-caption alignnone\"><a href=\"https:\/\/www.scaleinalluminio.it\/wp-content\/uploads\/scala_castello_alluminio_castellana_7-1.webp\"><img loading=\"lazy\" decoding=\"async\" class=\"size-medium wp-image-1214\" src=\"https:\/\/www.scaleinalluminio.it\/wp-content\/uploads\/scala_castello_alluminio_castellana_7-1-300x240.webp\" alt=\"Scala a castello castellana SLIM con zavorra dettaglio ruote\" width=\"300\" height=\"240\" srcset=\"https:\/\/www.scaleinalluminio.it\/wp-content\/uploads\/scala_castello_alluminio_castellana_7-1-300x240.webp 300w, https:\/\/www.scaleinalluminio.it\/wp-content\/uploads\/scala_castello_alluminio_castellana_7-1-768x614.webp 768w, https:\/\/www.scaleinalluminio.it\/wp-content\/uploads\/scala_castello_alluminio_castellana_7-1-416x333.webp 416w, https:\/\/www.scaleinalluminio.it\/wp-content\/uploads\/scala_castello_alluminio_castellana_7-1.webp 1000w\" sizes=\"auto, (max-width: 300px) 100vw, 300px\" \/><\/a><figcaption id=\"caption-attachment-1214\" class=\"wp-caption-text\">Scala a castello castellana SLIM con zavorra dettaglio ruote<\/figcaption><\/figure>\n<p><a href=\"https:\/\/drive.google.com\/file\/d\/1PAnSj16GDTCkcmhrJXiSIXSURbSGtNVp\/view?usp=sharing\" target=\"_blank\">SCHEDA TECNICA<\/a><\/p>\n","protected":false},"excerpt":{"rendered":"<p>Scala a castello castellana 11 gradini 4 ruote autobloccanti per un utilizzo intensivo<\/p>\n","protected":false},"featured_media":1373,"template":"","meta":[],"product_cat":[372],"product_tag":[],"class_list":["post-966","product","type-product","status-publish","has-post-thumbnail","hentry","product_cat-cst4","product_shipping_class-castello-richiudibili11","pa_altezza-piano-469","pa_caratteristiche-4-ruote-da-80-mm","pa_certficazione-en-131","pa_ngradini-427","pa_pedana-dimensioni-pianale-53-x-67-cm"],"_links":{"self":[{"href":"https:\/\/www.scaleinalluminio.it\/castello\/wp-json\/wp\/v2\/product\/966","targetHints":{"allow":["GET"]}}],"collection":[{"href":"https:\/\/www.scaleinalluminio.it\/castello\/wp-json\/wp\/v2\/product"}],"about":[{"href":"https:\/\/www.scaleinalluminio.it\/castello\/wp-json\/wp\/v2\/types\/product"}],"wp:featuredmedia":[{"embeddable":true,"href":"https:\/\/www.scaleinalluminio.it\/castello\/wp-json\/wp\/v2\/media\/1373"}],"wp:attachment":[{"href":"https:\/\/www.scaleinalluminio.it\/castello\/wp-json\/wp\/v2\/media?parent=966"}],"wp:term":[{"taxonomy":"product_cat","embeddable":true,"href":"https:\/\/www.scaleinalluminio.it\/castello\/wp-json\/wp\/v2\/product_cat?post=966"},{"taxonomy":"product_tag","embeddable":true,"href":"https:\/\/www.scaleinalluminio.it\/castello\/wp-json\/wp\/v2\/product_tag?post=966"}],"curies":[{"name":"wp","href":"https:\/\/api.w.org\/{rel}","templated":true}]}}