{"id":3179,"date":"2014-05-26T13:48:52","date_gmt":"2014-05-26T11:48:52","guid":{"rendered":"https:\/\/www.scaleinalluminio.it\/castello2\/?post_type=product&#038;p=3179"},"modified":"2025-09-24T22:39:19","modified_gmt":"2025-09-24T20:39:19","slug":"sccl19","status":"publish","type":"product","link":"https:\/\/www.scaleinalluminio.it\/castello\/sccl\/sccl19","title":{"rendered":"Scala a castello in alluminio 19 gradini"},"content":{"rendered":"<p>Le scale in alluminio a castello della serie SC-CT 3 gradini sono scale costruite interamente in alluminio; sono munite di piedini antisdrucciolo e ruote in nylon per lo spostamento; Sono dotate di parapetto regolamentare con ferma &#8211; piede.<\/p>\n<p>Le scale in alluminio a castello della serie SC-CT 3 gradini sono costruite rigorosamente secondo le normative leg. del 09 aprile 2008 n\u00b081;<br \/>\nLe scale in alluminio a castello della serie SC-CT 3 gradini hanno una altezza al piano che varia da un minimo di 0.75 metri, nella versione pi\u00f9 piccola 3 gradini (due gradini pi\u00f9 piano d&#8217;appoggio) ad un massimo di 5,00 metri nella versione pi\u00f9 grande 20 gradini (diciannove gradini pi\u00f9 piano).<br \/>\nLe scale in alluminio a castello della serie SC-CT 3 gradini hanno tutte una portata di 150 kg.<br \/>\nLe scale in alluminio a castello della serie SC-CT 3 gradini sono disponibili anche nella versione pieghevole; le stesse garantiscono un lavoro in assoluta sicurezza e quali\u00e0;<\/p>\n<p>SU RICHIESTA E&#8217; POSSIBILE REALIZZARE MODELLI SPECIALI<\/p>\n<p>CARATTERISTICHE TECNICHE SCALA A CASTELLO SC &#8211; CT 19 gradini<br \/>\n Altezza al piano: 4.75 mt;<br \/>\nPiano d&#8217;appoggio: 400 x 500 mm;<br \/>\nIngombro: 1650 mm;<br \/>\nRuote in nylon per spostamento;<br \/>\nNumero gradini: 18 +1 (pianale);<br \/>\nAltezza totale scala: 4.75 mt + 1.00 mt;<br \/>\nPortata: 150 Kg;<\/p>\n<p>Su richiesta \u00e8 possibile realizzare delle scale a castello con dimensioni personalizzate sia in larghezza sia per quanto riguarda la lunghezza della pedana. Disponibili anche le versioni con doppia pedana<\/p>\n<p><a href=\"https:\/\/drive.google.com\/file\/d\/15NE3JSJXxC0ifm5GKOUrJ6AJLMbe3ePx\/view\" target=\"_blank\" rel=\"noopener\">SCHEDA TECNICA<\/a><\/p>\n<p>Le scale in alluminio a castello della serie SC-CT 3 gradini sono conformi alle vigenti normative 09 aprile 2008 ed hanno una portata max di 150 Kg.Tutte le nostre scale in alluminio sono concepiti per un uso professionale. Le scale in alluminio sono realizzate completamente in Italia e vengono spedite, imballate, nuove, con certificati, di garanzia, di corrispondenza alle normative italiane ed europee e corredati da documentazione relativa al corretto utilizzo. Per qualsiasi informazione tecnica o commerciale contattateci senza impegno utilizzando l&#8217;apposito form.<\/p>\n<p>Trattandosi di scale particolarmente ingombranti, che vengono prodotte su ordinazione, Vi invitiamo a voler verificare con attenzione che le misure della scala ordinata siano effettivamente quelle di cui si necessita.<br \/>\nApprontamento per la realizzazione, per questa tipologia di scala, circa 20\/25 gg lavorativi data ricevimento dell\u2019ordine.<br \/>\nSeguir\u00e0 via E-mail una scheda tecnica con ingombri della scala da voi ordinata, che Vi preghiamo di verificare e di renderci poi controfirmata per accettazione per rendere esecutivo l&#8217;ordine stesso.<br \/>\nTutti i prezzi delle nostre scale professionali in alluminio si intendono imponibili.<\/p>\n<h3>IMMAGNI<\/h3>\n<figure id=\"attachment_3198\" aria-describedby=\"caption-attachment-3198\" style=\"width: 300px\" class=\"wp-caption alignnone\"><a href=\"https:\/\/www.scaleinalluminio.it\/wp-content\/uploads\/castello_pieghevole_1.jpg\"><img loading=\"lazy\" decoding=\"async\" class=\"size-medium wp-image-3198\" src=\"https:\/\/www.scaleinalluminio.it\/wp-content\/uploads\/castello_pieghevole_1-300x300.jpg\" alt=\"scala a castello saldata\" width=\"300\" height=\"300\" srcset=\"https:\/\/www.scaleinalluminio.it\/wp-content\/uploads\/castello_pieghevole_1-300x300.jpg 300w, https:\/\/www.scaleinalluminio.it\/wp-content\/uploads\/castello_pieghevole_1-150x150.jpg 150w, https:\/\/www.scaleinalluminio.it\/wp-content\/uploads\/castello_pieghevole_1-324x324.jpg 324w, https:\/\/www.scaleinalluminio.it\/wp-content\/uploads\/castello_pieghevole_1-416x416.jpg 416w, https:\/\/www.scaleinalluminio.it\/wp-content\/uploads\/castello_pieghevole_1-100x100.jpg 100w, https:\/\/www.scaleinalluminio.it\/wp-content\/uploads\/castello_pieghevole_1.jpg 600w\" sizes=\"auto, (max-width: 300px) 100vw, 300px\" \/><\/a><figcaption id=\"caption-attachment-3198\" class=\"wp-caption-text\">scala a castello saldata<\/figcaption><\/figure>\n<figure id=\"attachment_3197\" aria-describedby=\"caption-attachment-3197\" style=\"width: 300px\" class=\"wp-caption alignnone\"><a href=\"https:\/\/www.scaleinalluminio.it\/wp-content\/uploads\/castello_pieghevole_2.jpg\"><img loading=\"lazy\" decoding=\"async\" class=\"size-medium wp-image-3197\" src=\"https:\/\/www.scaleinalluminio.it\/wp-content\/uploads\/castello_pieghevole_2-300x300.jpg\" alt=\"scala a castello saldata ripiegata\" width=\"300\" height=\"300\" srcset=\"https:\/\/www.scaleinalluminio.it\/wp-content\/uploads\/castello_pieghevole_2-300x300.jpg 300w, https:\/\/www.scaleinalluminio.it\/wp-content\/uploads\/castello_pieghevole_2-150x150.jpg 150w, https:\/\/www.scaleinalluminio.it\/wp-content\/uploads\/castello_pieghevole_2-324x324.jpg 324w, https:\/\/www.scaleinalluminio.it\/wp-content\/uploads\/castello_pieghevole_2-416x416.jpg 416w, https:\/\/www.scaleinalluminio.it\/wp-content\/uploads\/castello_pieghevole_2-100x100.jpg 100w, https:\/\/www.scaleinalluminio.it\/wp-content\/uploads\/castello_pieghevole_2.jpg 600w\" sizes=\"auto, (max-width: 300px) 100vw, 300px\" \/><\/a><figcaption id=\"caption-attachment-3197\" class=\"wp-caption-text\">scala a castello saldata ripiegata<\/figcaption><\/figure>\n<figure id=\"attachment_3196\" aria-describedby=\"caption-attachment-3196\" style=\"width: 300px\" class=\"wp-caption alignnone\"><a href=\"https:\/\/www.scaleinalluminio.it\/wp-content\/uploads\/castello_pieghevole_3.jpg\"><img loading=\"lazy\" decoding=\"async\" class=\"size-medium wp-image-3196\" src=\"https:\/\/www.scaleinalluminio.it\/wp-content\/uploads\/castello_pieghevole_3-300x300.jpg\" alt=\"scala a castello saldata ripiegata\" width=\"300\" height=\"300\" srcset=\"https:\/\/www.scaleinalluminio.it\/wp-content\/uploads\/castello_pieghevole_3-300x300.jpg 300w, https:\/\/www.scaleinalluminio.it\/wp-content\/uploads\/castello_pieghevole_3-150x150.jpg 150w, https:\/\/www.scaleinalluminio.it\/wp-content\/uploads\/castello_pieghevole_3-324x324.jpg 324w, https:\/\/www.scaleinalluminio.it\/wp-content\/uploads\/castello_pieghevole_3-416x416.jpg 416w, https:\/\/www.scaleinalluminio.it\/wp-content\/uploads\/castello_pieghevole_3-100x100.jpg 100w, https:\/\/www.scaleinalluminio.it\/wp-content\/uploads\/castello_pieghevole_3.jpg 600w\" sizes=\"auto, (max-width: 300px) 100vw, 300px\" \/><\/a><figcaption id=\"caption-attachment-3196\" class=\"wp-caption-text\">scala a castello saldata ripiegata<\/figcaption><\/figure>\n<figure id=\"attachment_3195\" aria-describedby=\"caption-attachment-3195\" style=\"width: 300px\" class=\"wp-caption alignnone\"><a href=\"https:\/\/www.scaleinalluminio.it\/wp-content\/uploads\/castello_1.jpg\"><img loading=\"lazy\" decoding=\"async\" class=\"size-medium wp-image-3195\" src=\"https:\/\/www.scaleinalluminio.it\/wp-content\/uploads\/castello_1-300x300.jpg\" alt=\"scala a castello saldata\" width=\"300\" height=\"300\" srcset=\"https:\/\/www.scaleinalluminio.it\/wp-content\/uploads\/castello_1-300x300.jpg 300w, https:\/\/www.scaleinalluminio.it\/wp-content\/uploads\/castello_1-150x150.jpg 150w, https:\/\/www.scaleinalluminio.it\/wp-content\/uploads\/castello_1-324x324.jpg 324w, https:\/\/www.scaleinalluminio.it\/wp-content\/uploads\/castello_1-416x416.jpg 416w, https:\/\/www.scaleinalluminio.it\/wp-content\/uploads\/castello_1-100x100.jpg 100w, https:\/\/www.scaleinalluminio.it\/wp-content\/uploads\/castello_1.jpg 600w\" sizes=\"auto, (max-width: 300px) 100vw, 300px\" \/><\/a><figcaption id=\"caption-attachment-3195\" class=\"wp-caption-text\">scala a castello saldata<\/figcaption><\/figure>\n<figure id=\"attachment_3194\" aria-describedby=\"caption-attachment-3194\" style=\"width: 300px\" class=\"wp-caption alignnone\"><a href=\"https:\/\/www.scaleinalluminio.it\/wp-content\/uploads\/castello_2.jpg\"><img loading=\"lazy\" decoding=\"async\" class=\"size-medium wp-image-3194\" src=\"https:\/\/www.scaleinalluminio.it\/wp-content\/uploads\/castello_2-300x300.jpg\" alt=\"scala a castello particolare ruote\" width=\"300\" height=\"300\" srcset=\"https:\/\/www.scaleinalluminio.it\/wp-content\/uploads\/castello_2-300x300.jpg 300w, https:\/\/www.scaleinalluminio.it\/wp-content\/uploads\/castello_2-150x150.jpg 150w, https:\/\/www.scaleinalluminio.it\/wp-content\/uploads\/castello_2-324x324.jpg 324w, https:\/\/www.scaleinalluminio.it\/wp-content\/uploads\/castello_2-416x416.jpg 416w, https:\/\/www.scaleinalluminio.it\/wp-content\/uploads\/castello_2-100x100.jpg 100w, https:\/\/www.scaleinalluminio.it\/wp-content\/uploads\/castello_2.jpg 600w\" sizes=\"auto, (max-width: 300px) 100vw, 300px\" \/><\/a><figcaption id=\"caption-attachment-3194\" class=\"wp-caption-text\">scala a castello particolare ruote<\/figcaption><\/figure>\n<figure id=\"attachment_3193\" aria-describedby=\"caption-attachment-3193\" style=\"width: 300px\" class=\"wp-caption alignnone\"><a href=\"https:\/\/www.scaleinalluminio.it\/wp-content\/uploads\/castello_3.jpg\"><img loading=\"lazy\" decoding=\"async\" class=\"size-medium wp-image-3193\" src=\"https:\/\/www.scaleinalluminio.it\/wp-content\/uploads\/castello_3-300x300.jpg\" alt=\"scala a castello particolare pedana\" width=\"300\" height=\"300\" srcset=\"https:\/\/www.scaleinalluminio.it\/wp-content\/uploads\/castello_3-300x300.jpg 300w, https:\/\/www.scaleinalluminio.it\/wp-content\/uploads\/castello_3-150x150.jpg 150w, https:\/\/www.scaleinalluminio.it\/wp-content\/uploads\/castello_3-324x324.jpg 324w, https:\/\/www.scaleinalluminio.it\/wp-content\/uploads\/castello_3-416x416.jpg 416w, https:\/\/www.scaleinalluminio.it\/wp-content\/uploads\/castello_3-100x100.jpg 100w, https:\/\/www.scaleinalluminio.it\/wp-content\/uploads\/castello_3.jpg 600w\" sizes=\"auto, (max-width: 300px) 100vw, 300px\" \/><\/a><figcaption id=\"caption-attachment-3193\" class=\"wp-caption-text\">scala a castello particolare pedana<\/figcaption><\/figure>\n<figure id=\"attachment_3192\" aria-describedby=\"caption-attachment-3192\" style=\"width: 300px\" class=\"wp-caption alignnone\"><a href=\"https:\/\/www.scaleinalluminio.it\/wp-content\/uploads\/castello_4.jpg\"><img loading=\"lazy\" decoding=\"async\" class=\"size-medium wp-image-3192\" src=\"https:\/\/www.scaleinalluminio.it\/wp-content\/uploads\/castello_4-300x300.jpg\" alt=\"scala a castello particolare gradino\" width=\"300\" height=\"300\" srcset=\"https:\/\/www.scaleinalluminio.it\/wp-content\/uploads\/castello_4-300x300.jpg 300w, https:\/\/www.scaleinalluminio.it\/wp-content\/uploads\/castello_4-150x150.jpg 150w, https:\/\/www.scaleinalluminio.it\/wp-content\/uploads\/castello_4-324x324.jpg 324w, https:\/\/www.scaleinalluminio.it\/wp-content\/uploads\/castello_4-416x416.jpg 416w, https:\/\/www.scaleinalluminio.it\/wp-content\/uploads\/castello_4-100x100.jpg 100w, https:\/\/www.scaleinalluminio.it\/wp-content\/uploads\/castello_4.jpg 600w\" sizes=\"auto, (max-width: 300px) 100vw, 300px\" \/><\/a><figcaption id=\"caption-attachment-3192\" class=\"wp-caption-text\">scala a castello particolare gradino<\/figcaption><\/figure>\n<figure id=\"attachment_3191\" aria-describedby=\"caption-attachment-3191\" style=\"width: 300px\" class=\"wp-caption alignnone\"><a href=\"https:\/\/www.scaleinalluminio.it\/wp-content\/uploads\/scale-a-castello-varie-misure.jpg\"><img loading=\"lazy\" decoding=\"async\" class=\"size-medium wp-image-3191\" src=\"https:\/\/www.scaleinalluminio.it\/wp-content\/uploads\/scale-a-castello-varie-misure-300x300.jpg\" alt=\"scala a castello saldata varie misure\" width=\"300\" height=\"300\" srcset=\"https:\/\/www.scaleinalluminio.it\/wp-content\/uploads\/scale-a-castello-varie-misure-300x300.jpg 300w, https:\/\/www.scaleinalluminio.it\/wp-content\/uploads\/scale-a-castello-varie-misure-150x150.jpg 150w, https:\/\/www.scaleinalluminio.it\/wp-content\/uploads\/scale-a-castello-varie-misure-324x324.jpg 324w, https:\/\/www.scaleinalluminio.it\/wp-content\/uploads\/scale-a-castello-varie-misure-416x416.jpg 416w, https:\/\/www.scaleinalluminio.it\/wp-content\/uploads\/scale-a-castello-varie-misure-100x100.jpg 100w, https:\/\/www.scaleinalluminio.it\/wp-content\/uploads\/scale-a-castello-varie-misure.jpg 600w\" sizes=\"auto, (max-width: 300px) 100vw, 300px\" \/><\/a><figcaption id=\"caption-attachment-3191\" class=\"wp-caption-text\">scala a castello saldata varie misure<\/figcaption><\/figure>\n<figure id=\"attachment_3190\" aria-describedby=\"caption-attachment-3190\" style=\"width: 300px\" class=\"wp-caption alignnone\"><a href=\"https:\/\/www.scaleinalluminio.it\/wp-content\/uploads\/foto-scale-composte-alla-marinara-600x600-1.jpg\"><img loading=\"lazy\" decoding=\"async\" class=\"size-medium wp-image-3190\" src=\"https:\/\/www.scaleinalluminio.it\/wp-content\/uploads\/foto-scale-composte-alla-marinara-600x600-1-300x300.jpg\" alt=\"scala a castello saldata varie misure\" width=\"300\" height=\"300\" srcset=\"https:\/\/www.scaleinalluminio.it\/wp-content\/uploads\/foto-scale-composte-alla-marinara-600x600-1-300x300.jpg 300w, https:\/\/www.scaleinalluminio.it\/wp-content\/uploads\/foto-scale-composte-alla-marinara-600x600-1-150x150.jpg 150w, https:\/\/www.scaleinalluminio.it\/wp-content\/uploads\/foto-scale-composte-alla-marinara-600x600-1-324x324.jpg 324w, https:\/\/www.scaleinalluminio.it\/wp-content\/uploads\/foto-scale-composte-alla-marinara-600x600-1-416x416.jpg 416w, https:\/\/www.scaleinalluminio.it\/wp-content\/uploads\/foto-scale-composte-alla-marinara-600x600-1-100x100.jpg 100w, https:\/\/www.scaleinalluminio.it\/wp-content\/uploads\/foto-scale-composte-alla-marinara-600x600-1.jpg 600w\" sizes=\"auto, (max-width: 300px) 100vw, 300px\" \/><\/a><figcaption id=\"caption-attachment-3190\" class=\"wp-caption-text\">scala a castello saldata varie misure<\/figcaption><\/figure>\n","protected":false},"excerpt":{"rendered":"<p>Altezza al piano: 4.75 mt;<br \/>\nPiano d&#8217;appoggio: 400 x 500 mm;<br \/>\nIngombro: 1650 mm;<br \/>\nRuote in nylon per spostamento;<br \/>\nNumero gradini: 18 +1 (pianale);<br \/>\nAltezza totale scala: 4.75 mt + 1.00 mt;<br \/>\nPortata: 150 Kg;<\/p>\n","protected":false},"featured_media":3189,"template":"","meta":[],"product_cat":[563],"product_tag":[],"class_list":["post-3179","product","type-product","status-publish","has-post-thumbnail","hentry","product_cat-sccl","pa_altezza-piano-447","pa_caratteristiche-scala-a-castello-saldata-pieghevole","pa_certficazione-d-lgs-81-2008","pa_ngradini-443","pa_pedana-dimensioni-pianale-60-x-40-cm"],"_links":{"self":[{"href":"https:\/\/www.scaleinalluminio.it\/castello\/wp-json\/wp\/v2\/product\/3179","targetHints":{"allow":["GET"]}}],"collection":[{"href":"https:\/\/www.scaleinalluminio.it\/castello\/wp-json\/wp\/v2\/product"}],"about":[{"href":"https:\/\/www.scaleinalluminio.it\/castello\/wp-json\/wp\/v2\/types\/product"}],"wp:featuredmedia":[{"embeddable":true,"href":"https:\/\/www.scaleinalluminio.it\/castello\/wp-json\/wp\/v2\/media\/3189"}],"wp:attachment":[{"href":"https:\/\/www.scaleinalluminio.it\/castello\/wp-json\/wp\/v2\/media?parent=3179"}],"wp:term":[{"taxonomy":"product_cat","embeddable":true,"href":"https:\/\/www.scaleinalluminio.it\/castello\/wp-json\/wp\/v2\/product_cat?post=3179"},{"taxonomy":"product_tag","embeddable":true,"href":"https:\/\/www.scaleinalluminio.it\/castello\/wp-json\/wp\/v2\/product_tag?post=3179"}],"curies":[{"name":"wp","href":"https:\/\/api.w.org\/{rel}","templated":true}]}}